{"id":17730,"date":"2022-09-22T16:00:15","date_gmt":"2022-09-22T16:00:15","guid":{"rendered":"https:\/\/topgetestet.de\/?product=only-tall-damen-onlnewtahoe-hood-waistcoat-tall-otw-fn-steppweste"},"modified":"2022-09-22T16:00:15","modified_gmt":"2022-09-22T16:00:15","slug":"only-tall-damen-onlnewtahoe-hood-waistcoat-tall-otw-fn-steppweste","status":"publish","type":"product","link":"https:\/\/topgetestet.de\/?product=only-tall-damen-onlnewtahoe-hood-waistcoat-tall-otw-fn-steppweste","title":{"rendered":"ONLY TALL Damen Onlnewtahoe Hood Waistcoat Tall OTW Fn Steppweste"},"content":{"rendered":"<p>Price: <span style=\"color:#b12704\">[price_with_discount]<\/span><br \/><i><small>(as of [price_update_date] &#8211; <span class=\"wp_automatic_amazon_disclaimer\" title=\"Product prices and availability are accurate as of the date\/time indicated and are subject to change. Any price and availability information displayed on [relevant Amazon Site(s), as applicable] at the time of purchase will apply to the purchase of this product.\">Details<\/span>)<\/small><\/i><\/p>\n<p><a href=\"https:\/\/amazon.de\/dp\/B09Y5BJGWV?tag=topgetestet09-21\"><img decoding=\"async\" src=\"https:\/\/i.imgur.com\/ISRHEWs.png\"><\/a><br \/>\n[ad_1]<br \/>\n <span>Steppweste f\u00fcr Damen, TALL Gr\u00f6\u00dfe, Kapuze mit Kordelzug, \u00e4rmellos , durchgehender Rei\u00dfverschluss vorn, seitliche Paspeltaschen<\/span> <br \/> Verpackungsabmessungen \u200f : \u200e  44.5 x 29.6 x 10.8 cm; 310 Gramm <br \/> Im Angebot von Amazon.de seit \u200f : \u200e  18. April 2022 <br \/> Hersteller \u200f : \u200e  Bestseller A\/S <br \/> ASIN \u200f : \u200e  B09Y5QWWLY <br \/> Modellnummer \u200f : \u200e  15217218 <br \/> Kategorie \u200f : \u200e  Damen <\/p>\n<p>durchgehender Rei\u00dfverschluss vorn, seitliche Paspeltaschen<br \/>\u00c4rmellos<br \/>Verschluss: Rei\u00dfverschluss<br \/>100% Nylon<br \/>Steppweste<br \/>Pflegehinweis: MAXIMUM TEMPERATURE 30 C NORMAL PROCESSDO NOT BLEACHTUMBLE DRYING POSSIBLE DRYING AT LOWER TEMPERATUREIRON AT A MAXIMUM SOLE PLATE TEMPERATURE OF 110C STEAM IRONING MAY CAUSE IRREVERSIBLE DAMAGEDO NOT DRY CLEAN<br \/>Modellnummer: 15217218<br \/>\n<br \/>[ad_2]<\/p>\n","protected":false},"excerpt":{"rendered":"<p>Price: [price_with_discount](as of [price_update_date] &#8211; Details) [ad_1] Steppweste f\u00fcr Damen, TALL Gr\u00f6\u00dfe, Kapuze mit Kordelzug, \u00e4rmellos , durchgehender Rei\u00dfverschluss vorn, seitliche Paspeltaschen Verpackungsabmessungen \u200f : \u200e 44.5 x 29.6 x<\/p>\n","protected":false},"featured_media":17731,"comment_status":"open","ping_status":"closed","template":"","meta":[],"product_cat":[232],"product_tag":[],"class_list":{"0":"post-17730","1":"product","2":"type-product","3":"status-publish","4":"has-post-thumbnail","6":"product_cat-women-fashion","8":"first","9":"instock","10":"shipping-taxable","11":"product-type-external"},"aioseo_notices":[],"_links":{"self":[{"href":"https:\/\/topgetestet.de\/index.php?rest_route=\/wp\/v2\/product\/17730","targetHints":{"allow":["GET"]}}],"collection":[{"href":"https:\/\/topgetestet.de\/index.php?rest_route=\/wp\/v2\/product"}],"about":[{"href":"https:\/\/topgetestet.de\/index.php?rest_route=\/wp\/v2\/types\/product"}],"replies":[{"embeddable":true,"href":"https:\/\/topgetestet.de\/index.php?rest_route=%2Fwp%2Fv2%2Fcomments&post=17730"}],"wp:featuredmedia":[{"embeddable":true,"href":"https:\/\/topgetestet.de\/index.php?rest_route=\/wp\/v2\/media\/17731"}],"wp:attachment":[{"href":"https:\/\/topgetestet.de\/index.php?rest_route=%2Fwp%2Fv2%2Fmedia&parent=17730"}],"wp:term":[{"taxonomy":"product_cat","embeddable":true,"href":"https:\/\/topgetestet.de\/index.php?rest_route=%2Fwp%2Fv2%2Fproduct_cat&post=17730"},{"taxonomy":"product_tag","embeddable":true,"href":"https:\/\/topgetestet.de\/index.php?rest_route=%2Fwp%2Fv2%2Fproduct_tag&post=17730"}],"curies":[{"name":"wp","href":"https:\/\/api.w.org\/{rel}","templated":true}]}}