{"id":17435,"date":"2022-09-22T02:33:56","date_gmt":"2022-09-22T02:33:56","guid":{"rendered":"https:\/\/topgetestet.de\/?product=real-techniques-miracle-teint-schwamm-2-stuck"},"modified":"2022-09-22T02:33:56","modified_gmt":"2022-09-22T02:33:56","slug":"real-techniques-miracle-teint-schwamm-2-stuck","status":"publish","type":"product","link":"https:\/\/topgetestet.de\/?product=real-techniques-miracle-teint-schwamm-2-stuck","title":{"rendered":"Real Techniques Miracle-Teint-Schwamm, 2 St\u00fcck"},"content":{"rendered":"<p>Price: <span style=\"color:#b12704\">[price_with_discount]<\/span><br \/><i><small>(as of [price_update_date] &#8211; <span class=\"wp_automatic_amazon_disclaimer\" title=\"Product prices and availability are accurate as of the date\/time indicated and are subject to change. Any price and availability information displayed on [relevant Amazon Site(s), as applicable] at the time of purchase will apply to the purchase of this product.\">Details<\/span>)<\/small><\/i><\/p>\n<p><a href=\"https:\/\/amazon.de\/dp\/B00QPNVC0I?tag=topgetestet09-21\"><img decoding=\"async\" src=\"https:\/\/i.imgur.com\/ISRHEWs.png\"><\/a><br \/>\n[ad_1]<br \/>\n <span>Der Real Techiques Miracle Complexion Schwamm kann mit in nassem oder trockenem Zustand zusammen mit fl\u00fcssiger Foundation oder Make-up verwendet werden. Die drei verschiedenen Oberfl\u00e4chen erm\u00f6glichen es jede Stelle des Gesichts problemlos zu erreichen. Hinweis: Die Verpackung kann variieren<\/span> <br \/>Verwenden Sie ihn feucht f\u00fcr einen frischen Glanz<br \/>Ideal f\u00fcr Fl\u00fcssig-Foundation<br \/>Verwenden Sie ihn trocken f\u00fcr eine vollst\u00e4ndige Abdeckung<br \/>\n<br \/>[ad_2]<\/p>\n","protected":false},"excerpt":{"rendered":"<p>Price: [price_with_discount](as of [price_update_date] &#8211; Details) [ad_1] Der Real Techiques Miracle Complexion Schwamm kann mit in nassem oder trockenem Zustand zusammen mit fl\u00fcssiger Foundation oder Make-up verwendet werden. Die drei<\/p>\n","protected":false},"featured_media":17436,"comment_status":"open","ping_status":"closed","template":"","meta":[],"product_cat":[228],"product_tag":[241],"class_list":{"0":"post-17435","1":"product","2":"type-product","3":"status-publish","4":"has-post-thumbnail","6":"product_cat-beauty","7":"product_tag-makeup-brushes-tools","9":"first","10":"instock","11":"shipping-taxable","12":"product-type-external"},"aioseo_notices":[],"_links":{"self":[{"href":"https:\/\/topgetestet.de\/index.php?rest_route=\/wp\/v2\/product\/17435","targetHints":{"allow":["GET"]}}],"collection":[{"href":"https:\/\/topgetestet.de\/index.php?rest_route=\/wp\/v2\/product"}],"about":[{"href":"https:\/\/topgetestet.de\/index.php?rest_route=\/wp\/v2\/types\/product"}],"replies":[{"embeddable":true,"href":"https:\/\/topgetestet.de\/index.php?rest_route=%2Fwp%2Fv2%2Fcomments&post=17435"}],"wp:featuredmedia":[{"embeddable":true,"href":"https:\/\/topgetestet.de\/index.php?rest_route=\/wp\/v2\/media\/17436"}],"wp:attachment":[{"href":"https:\/\/topgetestet.de\/index.php?rest_route=%2Fwp%2Fv2%2Fmedia&parent=17435"}],"wp:term":[{"taxonomy":"product_cat","embeddable":true,"href":"https:\/\/topgetestet.de\/index.php?rest_route=%2Fwp%2Fv2%2Fproduct_cat&post=17435"},{"taxonomy":"product_tag","embeddable":true,"href":"https:\/\/topgetestet.de\/index.php?rest_route=%2Fwp%2Fv2%2Fproduct_tag&post=17435"}],"curies":[{"name":"wp","href":"https:\/\/api.w.org\/{rel}","templated":true}]}}