{"id":17308,"date":"2022-09-21T08:51:33","date_gmt":"2022-09-21T08:51:33","guid":{"rendered":"https:\/\/topgetestet.de\/?product=puma-unisex-rbd-game-sneaker"},"modified":"2022-09-21T08:51:33","modified_gmt":"2022-09-21T08:51:33","slug":"puma-unisex-rbd-game-sneaker","status":"publish","type":"product","link":"https:\/\/topgetestet.de\/?product=puma-unisex-rbd-game-sneaker","title":{"rendered":"PUMA Unisex Rbd Game Sneaker"},"content":{"rendered":"<p>Price: <span style=\"color:#b12704\">[price_with_discount]<\/span><br \/><i><small>(as of [price_update_date] &#8211; <span class=\"wp_automatic_amazon_disclaimer\" title=\"Product prices and availability are accurate as of the date\/time indicated and are subject to change. Any price and availability information displayed on [relevant Amazon Site(s), as applicable] at the time of purchase will apply to the purchase of this product.\">Details<\/span>)<\/small><\/i><\/p>\n<p><a href=\"https:\/\/amazon.de\/dp\/B09L5JZ1L5?tag=topgetestet09-21\"><img decoding=\"async\" src=\"https:\/\/i.imgur.com\/ISRHEWs.png\"><\/a><br \/>\n[ad_1]<br \/>\n <span>Inspiriert von Basketball, Klassikern und Popkultur sind diese Sneaker hier, um den Status quo anzugreifen. Ob du auf dem Platz bist oder mit Freunden rumh\u00e4ngst, diese bahnbrechenden Sneaker sind aus einem bequemen, weichen Ledermaterial mit Klettverschluss. Gehe dank der \u00fcberlegenen D\u00e4mpfung der SoftFoam+ Einlegesohle und der markanten Duo-Farben auf dem Retro-Bodendesign stilvoll und bequem durchs Leben. SOFTFOAM+: Step-in-Komfort-Einlegesohle, die dank der extradicken Ferse f\u00fcr eine weiche D\u00e4mpfung sorgt. Recycelte Bestandteile: Das Obermaterial des Schuhs ist hergestellt aus mindestens 20&nbsp;prozent recyceltem Material \u2013 ein Schritt in eine bessere Zukunft. Recyceltes Obermaterial. Zwischensohle aus Gummi. Gummilaufsohle. PUMA Formstrip an Innen- und Au\u00dfenseiten. PUMA Cat Logo auf der R\u00fcckseite.<\/span> <br \/> Verpackungsabmessungen \u200f : \u200e  29.1 x 21.5 x 10.5 cm; 810 Gramm <br \/> Im Angebot von Amazon.de seit \u200f : \u200e  6. November 2021 <br \/> Hersteller \u200f : \u200e  PUMA <br \/> ASIN \u200f : \u200e  B09L5JVX52 <br \/> Modellnummer \u200f : \u200e  385839 <br \/> Kategorie \u200f : \u200e  Unisex <\/p>\n<p>Verschluss: Schn\u00fcrung<br \/>Absatzform: Flach<br \/>Schuhweite: Medium<br \/>Nicht wasserfest<br \/>\n<br \/>[ad_2]<\/p>\n","protected":false},"excerpt":{"rendered":"<p>Price: [price_with_discount](as of [price_update_date] &#8211; Details) [ad_1] Inspiriert von Basketball, Klassikern und Popkultur sind diese Sneaker hier, um den Status quo anzugreifen. Ob du auf dem Platz bist oder mit<\/p>\n","protected":false},"featured_media":17309,"comment_status":"open","ping_status":"closed","template":"","meta":[],"product_cat":[227],"product_tag":[255],"class_list":{"0":"post-17308","1":"product","2":"type-product","3":"status-publish","4":"has-post-thumbnail","6":"product_cat-gaming","7":"product_tag-amazon-games","9":"first","10":"instock","11":"shipping-taxable","12":"product-type-external"},"aioseo_notices":[],"_links":{"self":[{"href":"https:\/\/topgetestet.de\/index.php?rest_route=\/wp\/v2\/product\/17308","targetHints":{"allow":["GET"]}}],"collection":[{"href":"https:\/\/topgetestet.de\/index.php?rest_route=\/wp\/v2\/product"}],"about":[{"href":"https:\/\/topgetestet.de\/index.php?rest_route=\/wp\/v2\/types\/product"}],"replies":[{"embeddable":true,"href":"https:\/\/topgetestet.de\/index.php?rest_route=%2Fwp%2Fv2%2Fcomments&post=17308"}],"wp:featuredmedia":[{"embeddable":true,"href":"https:\/\/topgetestet.de\/index.php?rest_route=\/wp\/v2\/media\/17309"}],"wp:attachment":[{"href":"https:\/\/topgetestet.de\/index.php?rest_route=%2Fwp%2Fv2%2Fmedia&parent=17308"}],"wp:term":[{"taxonomy":"product_cat","embeddable":true,"href":"https:\/\/topgetestet.de\/index.php?rest_route=%2Fwp%2Fv2%2Fproduct_cat&post=17308"},{"taxonomy":"product_tag","embeddable":true,"href":"https:\/\/topgetestet.de\/index.php?rest_route=%2Fwp%2Fv2%2Fproduct_tag&post=17308"}],"curies":[{"name":"wp","href":"https:\/\/api.w.org\/{rel}","templated":true}]}}