{"id":17093,"date":"2022-09-20T18:59:47","date_gmt":"2022-09-20T18:59:47","guid":{"rendered":"https:\/\/topgetestet.de\/?post_type=product&#038;p=17093"},"modified":"2022-09-20T18:59:47","modified_gmt":"2022-09-20T18:59:47","slug":"sony-pxw-z90-steckplatz-fur-speicherkarten","status":"publish","type":"product","link":"https:\/\/topgetestet.de\/?product=sony-pxw-z90-steckplatz-fur-speicherkarten","title":{"rendered":"Sony PXW-Z90 (Steckplatz f\u00fcr Speicherkarten)"},"content":{"rendered":"<p>Price: <span style=\"color:#b12704\">[price_with_discount]<\/span><br \/><i><small>(as of [price_update_date] &#8211; <span class=\"wp_automatic_amazon_disclaimer\" title=\"Product prices and availability are accurate as of the date\/time indicated and are subject to change. Any price and availability information displayed on [relevant Amazon Site(s), as applicable] at the time of purchase will apply to the purchase of this product.\">Details<\/span>)<\/small><\/i><\/p>\n<p><a href=\"https:\/\/amazon.de\/dp\/B0764G6PRV?tag=topgetestet09-21\"><img decoding=\"async\" src=\"https:\/\/i.imgur.com\/ISRHEWs.png\"><\/a><br \/>\n[ad_1]<br \/>\n <span>Der Sony PXW-Z90 4K Camcorder bietet einen automatischen Gesichtserkennung und HDR-Funktionen in einem kompakten Geh\u00e4use. PXW-Z90 eignet sich f\u00fcr professionelle Veranstaltungen, Nachrichten und Fernsehproduktionen. Der Camcorder verf\u00fcgt \u00fcber einen Exmor RS Typ 1 Zoll CMOS Sensor mit einer 4K UHD Aufl\u00f6sung (3840 x 2160), einem 12-fach optischen Zeiss Zoom, einem OLED-Sucher und einem 3,5 Zoll (8,8 cm) Touchscreen. Die 4K-Aufnahme ist in 4:2:0 XAVC Long 4:2:0 HD in XAVC Long 4:2:2 mit 10-Bit HD und MPEG HD in 4:2:2 (erfordert optionalen Lizenzschl\u00fcssel). S-Log3 \/ S-Gamut3 Funktionen bieten dem Benutzer zus\u00e4tzliche Bildsteuerung. Der schnelle Hybrid-Autofokus des PXW-Z90 verwendet hochdichte Autofokuskus Collimatoren und AF-Algorithmus, um eine ultrapr\u00e4zise Fokussierung und Verfolgung zu erm\u00f6glichen. Ideal f\u00fcr einzelne Videoer. W\u00e4hrend der Aufnahme k\u00f6nnen AF-Rahmen mit Phasenerkennung verwendet werden, um den Fokus Ihres Objektes zu \u00fcberwachen. Der 3,5 Zoll (8,8 cm) Touchscreen wird verwendet, um den Fokus zwischen den Motiven schnell zu \u00e4ndern. AF-Geschwindigkeit, Verfolgungstiefe und die Schaltempfindlichkeit des Motivs k\u00f6nnen f\u00fcr verschiedene Themen und Inhalte eingestellt werden. Mit dem Hybrid Log-Gamma (HLG) k\u00f6nnen Sie Ihre Ausgabe verbringen, indem Sie Ihre HDR-Workflow-Aufzeichnungen reibungslos einf\u00fcgen, ohne dass Sie die Farben in der Nachbearbeitung einteilen. Erfassen Sie Bilder mit hochwertigem Kontrast und Aufl\u00f6sung mit Zeiss 12-facher optischer Zoom des PXW-Z90 und 18-facher 4K-Digitalzoom (24-facher HD). Eine integrierte ND-Filterfunktion bietet eine bessere Belichtung. Der PXW-Z90 Camcorder unterst\u00fctzt die Sony Slow &amp; Quick Motion Funktion f\u00fcr die Aufnahme von HD-Videos bei variablen Bildraten, einschlie\u00dflich 120 fps. Die Aufnahme ist in verschiedenen Formaten m\u00f6glich<\/span><br \/>\n<br \/>[ad_2]<\/p>\n","protected":false},"excerpt":{"rendered":"<p>Price: [price_with_discount](as of [price_update_date] &#8211; Details) [ad_1] Der Sony PXW-Z90 4K Camcorder bietet einen automatischen Gesichtserkennung und HDR-Funktionen in einem kompakten Geh\u00e4use. PXW-Z90 eignet sich f\u00fcr professionelle Veranstaltungen, Nachrichten und<\/p>\n","protected":false},"featured_media":17094,"comment_status":"open","ping_status":"closed","template":"","meta":[],"product_cat":[226],"product_tag":[249],"class_list":{"0":"post-17093","1":"product","2":"type-product","3":"status-publish","4":"has-post-thumbnail","6":"product_cat-cameras","7":"product_tag-camcorders","9":"first","10":"instock","11":"shipping-taxable","12":"product-type-external"},"aioseo_notices":[],"_links":{"self":[{"href":"https:\/\/topgetestet.de\/index.php?rest_route=\/wp\/v2\/product\/17093","targetHints":{"allow":["GET"]}}],"collection":[{"href":"https:\/\/topgetestet.de\/index.php?rest_route=\/wp\/v2\/product"}],"about":[{"href":"https:\/\/topgetestet.de\/index.php?rest_route=\/wp\/v2\/types\/product"}],"replies":[{"embeddable":true,"href":"https:\/\/topgetestet.de\/index.php?rest_route=%2Fwp%2Fv2%2Fcomments&post=17093"}],"wp:featuredmedia":[{"embeddable":true,"href":"https:\/\/topgetestet.de\/index.php?rest_route=\/wp\/v2\/media\/17094"}],"wp:attachment":[{"href":"https:\/\/topgetestet.de\/index.php?rest_route=%2Fwp%2Fv2%2Fmedia&parent=17093"}],"wp:term":[{"taxonomy":"product_cat","embeddable":true,"href":"https:\/\/topgetestet.de\/index.php?rest_route=%2Fwp%2Fv2%2Fproduct_cat&post=17093"},{"taxonomy":"product_tag","embeddable":true,"href":"https:\/\/topgetestet.de\/index.php?rest_route=%2Fwp%2Fv2%2Fproduct_tag&post=17093"}],"curies":[{"name":"wp","href":"https:\/\/api.w.org\/{rel}","templated":true}]}}