{"id":16965,"date":"2022-09-20T02:49:46","date_gmt":"2022-09-20T02:49:46","guid":{"rendered":"https:\/\/topgetestet.de\/?product=puma-damen-printed-hipster-hoschen-2er-pack"},"modified":"2022-09-20T02:49:46","modified_gmt":"2022-09-20T02:49:46","slug":"puma-damen-printed-hipster-hoschen-2er-pack","status":"publish","type":"product","link":"https:\/\/topgetestet.de\/?product=puma-damen-printed-hipster-hoschen-2er-pack","title":{"rendered":"PUMA Damen Printed Hipster-H\u00f6schen (2er Pack)"},"content":{"rendered":"<p>Price: <span style=\"color:#b12704\">[price_with_discount]<\/span><br \/><i><small>(as of [price_update_date] &#8211; <span class=\"wp_automatic_amazon_disclaimer\" title=\"Product prices and availability are accurate as of the date\/time indicated and are subject to change. Any price and availability information displayed on [relevant Amazon Site(s), as applicable] at the time of purchase will apply to the purchase of this product.\">Details<\/span>)<\/small><\/i><\/p>\n<p><a href=\"https:\/\/amazon.de\/dp\/B0972DV9HK?tag=topgetestet09-21\"><img decoding=\"async\" src=\"https:\/\/i.imgur.com\/ISRHEWs.png\"><\/a><br \/>\n[ad_1]<br \/>\n <span>Mit dem PUMA Damen-Hipster 2er-Pack bleibst du Forever Faster. Der auff\u00e4llige Print setzt definitiv ein Statement, w\u00e4hrend das tief geschnittene Design vollst\u00e4ndige Abdeckung bietet. Der atmungsaktive Baumwoll-Stretch-Stoff bietet jeden Tag aufs Neue bequemen Komfort, den du schon bald nicht mehr missen m\u00f6chtest.<\/span> <br \/> Verpackungsabmessungen \u200f : \u200e  21.8 x 10.3 x 4.3 cm; 100 Gramm <br \/> Im Angebot von Amazon.de seit \u200f : \u200e  11. Juni 2021 <br \/> Hersteller \u200f : \u200e  PUMA <br \/> ASIN \u200f : \u200e  B0972DX1S2 <br \/> Modellnummer \u200f : \u200e  701210987 <br \/> Kategorie \u200f : \u200e  Damen <\/p>\n<p>Vollst\u00e4ndige Abdeckung<br \/>Verschluss: Pull On<br \/>95% Baumwolle, 5% Elasthan<br \/>Printed Hipster<br \/>Pflegehinweis: Maschinenw\u00e4sche<br \/>Modellnummer: 701210987<br \/>\n<br \/>[ad_2]<\/p>\n","protected":false},"excerpt":{"rendered":"<p>Price: [price_with_discount](as of [price_update_date] &#8211; Details) [ad_1] Mit dem PUMA Damen-Hipster 2er-Pack bleibst du Forever Faster. Der auff\u00e4llige Print setzt definitiv ein Statement, w\u00e4hrend das tief geschnittene Design vollst\u00e4ndige Abdeckung<\/p>\n","protected":false},"featured_media":16966,"comment_status":"open","ping_status":"closed","template":"","meta":[],"product_cat":[230],"product_tag":[266],"class_list":{"0":"post-16965","1":"product","2":"type-product","3":"status-publish","4":"has-post-thumbnail","6":"product_cat-fashion","7":"product_tag-womens-fashion-sneakers","9":"first","10":"instock","11":"shipping-taxable","12":"product-type-external"},"aioseo_notices":[],"_links":{"self":[{"href":"https:\/\/topgetestet.de\/index.php?rest_route=\/wp\/v2\/product\/16965","targetHints":{"allow":["GET"]}}],"collection":[{"href":"https:\/\/topgetestet.de\/index.php?rest_route=\/wp\/v2\/product"}],"about":[{"href":"https:\/\/topgetestet.de\/index.php?rest_route=\/wp\/v2\/types\/product"}],"replies":[{"embeddable":true,"href":"https:\/\/topgetestet.de\/index.php?rest_route=%2Fwp%2Fv2%2Fcomments&post=16965"}],"wp:featuredmedia":[{"embeddable":true,"href":"https:\/\/topgetestet.de\/index.php?rest_route=\/wp\/v2\/media\/16966"}],"wp:attachment":[{"href":"https:\/\/topgetestet.de\/index.php?rest_route=%2Fwp%2Fv2%2Fmedia&parent=16965"}],"wp:term":[{"taxonomy":"product_cat","embeddable":true,"href":"https:\/\/topgetestet.de\/index.php?rest_route=%2Fwp%2Fv2%2Fproduct_cat&post=16965"},{"taxonomy":"product_tag","embeddable":true,"href":"https:\/\/topgetestet.de\/index.php?rest_route=%2Fwp%2Fv2%2Fproduct_tag&post=16965"}],"curies":[{"name":"wp","href":"https:\/\/api.w.org\/{rel}","templated":true}]}}