{"id":16325,"date":"2022-09-19T09:14:03","date_gmt":"2022-09-19T09:14:03","guid":{"rendered":"https:\/\/topgetestet.de\/?product=little-friends-dogs-cats-nintendo-switch"},"modified":"2022-09-19T09:14:03","modified_gmt":"2022-09-19T09:14:03","slug":"little-friends-dogs-cats-nintendo-switch","status":"publish","type":"product","link":"https:\/\/topgetestet.de\/?product=little-friends-dogs-cats-nintendo-switch","title":{"rendered":"Little Friends: Dogs &#038; Cats &#8211; [Nintendo Switch]"},"content":{"rendered":"<p>Price: <span style=\"color:#b12704\">[price_with_discount]<\/span><br \/><i><small>(as of [price_update_date] &#8211; <span class=\"wp_automatic_amazon_disclaimer\" title=\"Product prices and availability are accurate as of the date\/time indicated and are subject to change. Any price and availability information displayed on [relevant Amazon Site(s), as applicable] at the time of purchase will apply to the purchase of this product.\">Details<\/span>)<\/small><\/i><\/p>\n<p><a href=\"https:\/\/amazon.de\/dp\/B07PGKQC2F?tag=topgetestet09-21\"><img decoding=\"async\" src=\"https:\/\/i.imgur.com\/ISRHEWs.png\"><\/a><br \/>\n[ad_1]<br \/>\n <span>Es ist Zeit, deine neuen kleinen Freunde zu treffen!<\/p>\n<p>Diese entz\u00fcckenden Welpen und K\u00e4tzchen k\u00f6nnen es kaum erwarten, dich im ersten Haustier-Trainingsspiel f\u00fcr Nintendo Switch zu treffen!<\/p>\n<p>\u2022 Spiele mit bis zu 3 Haustieren auf einmal und besitze bis zu 12 Tiere. <br \/>\u2022 Lerne ihre Pers\u00f6nlichkeit kennen und f\u00fcttere sie mit ihrem Lieblingsessen. <br \/>\u2022 Spiele mit ihrem Lieblingstier oder Lieblingsspielzeug, gehe mit ihnen spazieren und nimm am Flying Disc-Turnier teil. <\/p>\n<p>Jedes Haustier hat seine eigene Pers\u00f6nlichkeit, sein Verhalten und sein Aussehen. K\u00fcmmere dich um dein Haustier, um eine Bindung aufzubauen und eine Freundschaft zu entwickeln. Verkleide sie mit \u00fcber 600 stylischen Accessoires, damit sie optimal aussehen. K\u00fcmmere dich um deinen neuen pelzigen Freund, um eine intensive Freundschaft zu entwickeln.<\/span> <br \/> Alterseinstufung \u200f : \u200e  USK ab 0 freigegeben <br \/> Produktabmessungen \u200f : \u200e  10.5 x 17 x 1.1 cm; 52 Gramm <br \/> Erscheinungstermin \u200f : \u200e  28. Mai 2019 <br \/> ASIN \u200f : \u200e  B07PGKQC2F <br \/> Modellnummer \u200f : \u200e  SWI-043 <br \/> Herkunftsland \u200f : \u200e  Deutschland <\/p>\n<p>Lerne ihre Pers\u00f6nlichkeit kennen und f\u00fcttere sie mit ihrem Lieblingsessen<br \/>Spiele mit ihrem Lieblingstier oder Lieblingsspielzeug, gehe mit ihnen spazieren und nimm am Flying Disc-Turnier teil<br \/>\n<br \/>[ad_2]<\/p>\n","protected":false},"excerpt":{"rendered":"<p>Price: [price_with_discount](as of [price_update_date] &#8211; Details) [ad_1] Es ist Zeit, deine neuen kleinen Freunde zu treffen! Diese entz\u00fcckenden Welpen und K\u00e4tzchen k\u00f6nnen es kaum erwarten, dich im ersten Haustier-Trainingsspiel f\u00fcr<\/p>\n","protected":false},"featured_media":16326,"comment_status":"open","ping_status":"closed","template":"","meta":[],"product_cat":[227],"product_tag":[261],"class_list":{"0":"post-16325","1":"product","2":"type-product","3":"status-publish","4":"has-post-thumbnail","6":"product_cat-gaming","7":"product_tag-playstation-legacy-games","9":"first","10":"instock","11":"shipping-taxable","12":"product-type-external"},"aioseo_notices":[],"_links":{"self":[{"href":"https:\/\/topgetestet.de\/index.php?rest_route=\/wp\/v2\/product\/16325","targetHints":{"allow":["GET"]}}],"collection":[{"href":"https:\/\/topgetestet.de\/index.php?rest_route=\/wp\/v2\/product"}],"about":[{"href":"https:\/\/topgetestet.de\/index.php?rest_route=\/wp\/v2\/types\/product"}],"replies":[{"embeddable":true,"href":"https:\/\/topgetestet.de\/index.php?rest_route=%2Fwp%2Fv2%2Fcomments&post=16325"}],"wp:featuredmedia":[{"embeddable":true,"href":"https:\/\/topgetestet.de\/index.php?rest_route=\/wp\/v2\/media\/16326"}],"wp:attachment":[{"href":"https:\/\/topgetestet.de\/index.php?rest_route=%2Fwp%2Fv2%2Fmedia&parent=16325"}],"wp:term":[{"taxonomy":"product_cat","embeddable":true,"href":"https:\/\/topgetestet.de\/index.php?rest_route=%2Fwp%2Fv2%2Fproduct_cat&post=16325"},{"taxonomy":"product_tag","embeddable":true,"href":"https:\/\/topgetestet.de\/index.php?rest_route=%2Fwp%2Fv2%2Fproduct_tag&post=16325"}],"curies":[{"name":"wp","href":"https:\/\/api.w.org\/{rel}","templated":true}]}}