{"id":16246,"date":"2022-09-19T08:35:55","date_gmt":"2022-09-19T08:35:55","guid":{"rendered":"https:\/\/topgetestet.de\/?product=laps-notebook-sleeve-16-arona-blue"},"modified":"2022-09-19T08:35:55","modified_gmt":"2022-09-19T08:35:55","slug":"laps-notebook-sleeve-16-arona-blue","status":"publish","type":"product","link":"https:\/\/topgetestet.de\/?product=laps-notebook-sleeve-16-arona-blue","title":{"rendered":"LAPS Notebook Sleeve 16&#8243; &#8211; Arona Blue"},"content":{"rendered":"<p>Price: <span style=\"color:#b12704\">[price_with_discount]<\/span><br \/><i><small>(as of [price_update_date] &#8211; <span class=\"wp_automatic_amazon_disclaimer\" title=\"Product prices and availability are accurate as of the date\/time indicated and are subject to change. Any price and availability information displayed on [relevant Amazon Site(s), as applicable] at the time of purchase will apply to the purchase of this product.\">Details<\/span>)<\/small><\/i><\/p>\n<p><a href=\"https:\/\/amazon.de\/dp\/B096Q1YBRP?tag=topgetestet09-21\"><img decoding=\"async\" src=\"https:\/\/i.imgur.com\/ISRHEWs.png\"><\/a><br \/>\n[ad_1]<br \/>\n <span>Die ma\u00dfgeschneiderte H\u00fclle ist perfekt f\u00fcr Notebooks mit einer Bildschirmdiagonale von bis zu 13,3 Zoll. Aufgrund der nahtlosen Umh\u00fcllung mit ImpactFoam-Schaumpolsterung bietet die Tasche einen zuverl\u00e4ssigen Rundum-Schutz. Das gewebte Gurtband an den Seiten verleiht dem klaren Design eine dezente Textur. Die ultraschmale H\u00fclle sch\u00fctzt Ihr Ger\u00e4t im Alleingang oder in Ihrer Tasche. Erh\u00e4ltlich in verschiedenen, frischen Farben f\u00fcr jeden Geschmack.<\/span> <br \/>Universal Sleeve<br \/>\n<br \/>[ad_2]<\/p>\n","protected":false},"excerpt":{"rendered":"<p>Price: [price_with_discount](as of [price_update_date] &#8211; Details) [ad_1] Die ma\u00dfgeschneiderte H\u00fclle ist perfekt f\u00fcr Notebooks mit einer Bildschirmdiagonale von bis zu 13,3 Zoll. Aufgrund der nahtlosen Umh\u00fcllung mit ImpactFoam-Schaumpolsterung bietet die<\/p>\n","protected":false},"featured_media":16247,"comment_status":"open","ping_status":"closed","template":"","meta":[],"product_cat":[225],"product_tag":[],"class_list":{"0":"post-16246","1":"product","2":"type-product","3":"status-publish","4":"has-post-thumbnail","6":"product_cat-electronics","8":"first","9":"instock","10":"shipping-taxable","11":"product-type-external"},"aioseo_notices":[],"_links":{"self":[{"href":"https:\/\/topgetestet.de\/index.php?rest_route=\/wp\/v2\/product\/16246","targetHints":{"allow":["GET"]}}],"collection":[{"href":"https:\/\/topgetestet.de\/index.php?rest_route=\/wp\/v2\/product"}],"about":[{"href":"https:\/\/topgetestet.de\/index.php?rest_route=\/wp\/v2\/types\/product"}],"replies":[{"embeddable":true,"href":"https:\/\/topgetestet.de\/index.php?rest_route=%2Fwp%2Fv2%2Fcomments&post=16246"}],"wp:featuredmedia":[{"embeddable":true,"href":"https:\/\/topgetestet.de\/index.php?rest_route=\/wp\/v2\/media\/16247"}],"wp:attachment":[{"href":"https:\/\/topgetestet.de\/index.php?rest_route=%2Fwp%2Fv2%2Fmedia&parent=16246"}],"wp:term":[{"taxonomy":"product_cat","embeddable":true,"href":"https:\/\/topgetestet.de\/index.php?rest_route=%2Fwp%2Fv2%2Fproduct_cat&post=16246"},{"taxonomy":"product_tag","embeddable":true,"href":"https:\/\/topgetestet.de\/index.php?rest_route=%2Fwp%2Fv2%2Fproduct_tag&post=16246"}],"curies":[{"name":"wp","href":"https:\/\/api.w.org\/{rel}","templated":true}]}}