{"id":16142,"date":"2022-09-19T07:48:13","date_gmt":"2022-09-19T07:48:13","guid":{"rendered":"https:\/\/topgetestet.de\/?product=adidas-herren-pants-m-gmdy-pt"},"modified":"2022-09-19T07:48:13","modified_gmt":"2022-09-19T07:48:13","slug":"adidas-herren-pants-m-gmdy-pt","status":"publish","type":"product","link":"https:\/\/topgetestet.de\/?product=adidas-herren-pants-m-gmdy-pt","title":{"rendered":"adidas Herren Pants M Gmdy Pt"},"content":{"rendered":"<p>Price: <span style=\"color:#b12704\">[price_with_discount]<\/span><br \/><i><small>(as of [price_update_date] &#8211; <span class=\"wp_automatic_amazon_disclaimer\" title=\"Product prices and availability are accurate as of the date\/time indicated and are subject to change. Any price and availability information displayed on [relevant Amazon Site(s), as applicable] at the time of purchase will apply to the purchase of this product.\">Details<\/span>)<\/small><\/i><\/p>\n<p><a href=\"https:\/\/amazon.de\/dp\/B09NYGLMS3?tag=topgetestet09-21\"><img decoding=\"async\" src=\"https:\/\/i.imgur.com\/ISRHEWs.png\"><\/a><br \/>\n[ad_1]<br \/>\n <span>Diese adidas Ankle Straps sorgen f\u00fcr einen stabilen Fersensitz bei jeder Bewegung. Sie sind bequem und einfach anzuziehen, um maximale Stabilit\u00e4t w\u00e4hrend Ihres Angriffs zu bieten.<\/span> <br \/> Verpackungsabmessungen \u200f : \u200e  35.8 x 28 x 5.8 cm; 200 Gramm <br \/> Im Angebot von Amazon.de seit \u200f : \u200e  21. Dezember 2021 <br \/> Hersteller \u200f : \u200e  Adidas <br \/> ASIN \u200f : \u200e  B09NYGLMS3 <br \/> Modellnummer \u200f : \u200e  HE1809 <br \/> Kategorie \u200f : \u200e  Herren <\/p>\n<p>Weicher Stoff<br \/>Verschluss: Tunnelzug<br \/>100% Baumwolle<br \/>Sport<br \/>Pflegehinweis: Maschinenw\u00e4sche<br \/>Modellnummer: HE1809<br \/>Elastischer Bund<br \/>\n<br \/>[ad_2]<\/p>\n","protected":false},"excerpt":{"rendered":"<p>Price: [price_with_discount](as of [price_update_date] &#8211; Details) [ad_1] Diese adidas Ankle Straps sorgen f\u00fcr einen stabilen Fersensitz bei jeder Bewegung. Sie sind bequem und einfach anzuziehen, um maximale Stabilit\u00e4t w\u00e4hrend Ihres<\/p>\n","protected":false},"featured_media":16143,"comment_status":"open","ping_status":"closed","template":"","meta":[],"product_cat":[231],"product_tag":[],"class_list":{"0":"post-16142","1":"product","2":"type-product","3":"status-publish","4":"has-post-thumbnail","6":"product_cat-mens-fashion","8":"first","9":"instock","10":"shipping-taxable","11":"product-type-external"},"aioseo_notices":[],"_links":{"self":[{"href":"https:\/\/topgetestet.de\/index.php?rest_route=\/wp\/v2\/product\/16142","targetHints":{"allow":["GET"]}}],"collection":[{"href":"https:\/\/topgetestet.de\/index.php?rest_route=\/wp\/v2\/product"}],"about":[{"href":"https:\/\/topgetestet.de\/index.php?rest_route=\/wp\/v2\/types\/product"}],"replies":[{"embeddable":true,"href":"https:\/\/topgetestet.de\/index.php?rest_route=%2Fwp%2Fv2%2Fcomments&post=16142"}],"wp:featuredmedia":[{"embeddable":true,"href":"https:\/\/topgetestet.de\/index.php?rest_route=\/wp\/v2\/media\/16143"}],"wp:attachment":[{"href":"https:\/\/topgetestet.de\/index.php?rest_route=%2Fwp%2Fv2%2Fmedia&parent=16142"}],"wp:term":[{"taxonomy":"product_cat","embeddable":true,"href":"https:\/\/topgetestet.de\/index.php?rest_route=%2Fwp%2Fv2%2Fproduct_cat&post=16142"},{"taxonomy":"product_tag","embeddable":true,"href":"https:\/\/topgetestet.de\/index.php?rest_route=%2Fwp%2Fv2%2Fproduct_tag&post=16142"}],"curies":[{"name":"wp","href":"https:\/\/api.w.org\/{rel}","templated":true}]}}