{"id":16065,"date":"2022-09-19T07:18:21","date_gmt":"2022-09-19T07:18:21","guid":{"rendered":"https:\/\/topgetestet.de\/?product=varta-outdoor-sports-head-light"},"modified":"2022-09-19T07:18:21","modified_gmt":"2022-09-19T07:18:21","slug":"varta-outdoor-sports-head-light","status":"publish","type":"product","link":"https:\/\/topgetestet.de\/?product=varta-outdoor-sports-head-light","title":{"rendered":"Varta Outdoor Sports Head Light"},"content":{"rendered":"<p>Price: <span style=\"color:#b12704\">[price_with_discount]<\/span><br \/><i><small>(as of [price_update_date] &#8211; <span class=\"wp_automatic_amazon_disclaimer\" title=\"Product prices and availability are accurate as of the date\/time indicated and are subject to change. Any price and availability information displayed on [relevant Amazon Site(s), as applicable] at the time of purchase will apply to the purchase of this product.\">Details<\/span>)<\/small><\/i><\/p>\n<p><a href=\"https:\/\/amazon.de\/dp\/B08ZSGJ3H7?tag=topgetestet09-21\"><img decoding=\"async\" src=\"https:\/\/i.imgur.com\/ISRHEWs.png\"><\/a><br \/>\n[ad_1]<\/p>\n<p>       Produktbeschreibung des Herstellers <\/p>\n<p>              <img decoding=\"async\" alt=\"intro\" src=\"https:\/\/images-na.ssl-images-amazon.com\/images\/G\/01\/x-locale\/common\/grey-pixel.gif\" class=\"a-lazy-loaded\" data-src=\"https:\/\/m.media-amazon.com\/images\/S\/aplus-media\/vc\/3cac9723-805a-42dc-b8ca-8c9c0f812378.__CR0,0,970,300_PT0_SX970_V1___.jpg\"><\/p>\n<p>               <img decoding=\"async\" alt=\"intro\" src=\"https:\/\/m.media-amazon.com\/images\/S\/aplus-media\/vc\/3cac9723-805a-42dc-b8ca-8c9c0f812378.__CR0,0,970,300_PT0_SX970_V1___.jpg\"><\/p>\n<p>               <img decoding=\"async\" alt=\"main\" src=\"https:\/\/images-na.ssl-images-amazon.com\/images\/G\/01\/x-locale\/common\/grey-pixel.gif\" class=\"a-spacing-mini a-lazy-loaded\" data-src=\"https:\/\/m.media-amazon.com\/images\/S\/aplus-media\/vc\/ae86bdd3-03f3-404a-b373-38c54507e33f.__CR0,0,300,400_PT0_SX300_V1___.jpg\"><\/p>\n<p>                <img decoding=\"async\" alt=\"main\" src=\"https:\/\/m.media-amazon.com\/images\/S\/aplus-media\/vc\/ae86bdd3-03f3-404a-b373-38c54507e33f.__CR0,0,300,400_PT0_SX300_V1___.jpg\"><\/p>\n<p> <\/p>\n<p>                <img decoding=\"async\" alt=\"logo\" src=\"https:\/\/images-na.ssl-images-amazon.com\/images\/G\/01\/x-locale\/common\/grey-pixel.gif\" class=\"a-spacing-mini a-lazy-loaded\" data-src=\"https:\/\/m.media-amazon.com\/images\/S\/aplus-media\/vc\/902823eb-8894-49aa-b5d1-f9655bb811f6.__CR0,0,350,175_PT0_SX350_V1___.jpg\"><\/p>\n<p>                 <img decoding=\"async\" alt=\"logo\" src=\"https:\/\/m.media-amazon.com\/images\/S\/aplus-media\/vc\/902823eb-8894-49aa-b5d1-f9655bb811f6.__CR0,0,350,175_PT0_SX350_V1___.jpg\"><\/p>\n<p class=\"a-spacing-small a-size-small a-color-secondary\"> VARTA \u2013 der Name steht f\u00fcr \u201eMade in Germany\u201c und daher auch f\u00fcr Qualit\u00e4t und Kompetenz. Als einziger deutscher Hersteller f\u00fcr Ger\u00e4tebatterien, setzen wir auf den Standard Deutschland und auf die Qualit\u00e4t unserer Batterien, welche weltweit seit \u00fcber 130 Jahren gesch\u00e4tzt wird. <\/p>\n<h3 class=\"a-spacing-mini\"> VARTA Outdoor Sports H20 Pro <\/h3>\n<p>                Der perfekte Begleiter f\u00fcr das ultimative Outdoor-Sporterlebnis!  <\/p>\n<p class=\"a-spacing-base\"> Die VARTA Outdoor Sports H20 Pro verf\u00fcgt \u00fcber ein einzigartiges, sportliches und attraktives Design mit einer Lichtleistung von bis zu 200 Lumen, einer Laufzeit von bis zu 52 Stunden und einer Reichweite von bis zu 50 Metern. <\/p>\n<p>               <img decoding=\"async\" alt=\"1\" src=\"https:\/\/images-na.ssl-images-amazon.com\/images\/G\/01\/x-locale\/common\/grey-pixel.gif\" class=\"a-spacing-mini a-lazy-loaded\" data-src=\"https:\/\/m.media-amazon.com\/images\/S\/aplus-media\/vc\/6bff03bb-7e3e-469a-9f36-4dd1dd8eea73.__CR0,0,300,300_PT0_SX300_V1___.jpg\"><\/p>\n<p>                <img decoding=\"async\" alt=\"1\" src=\"https:\/\/m.media-amazon.com\/images\/S\/aplus-media\/vc\/6bff03bb-7e3e-469a-9f36-4dd1dd8eea73.__CR0,0,300,300_PT0_SX300_V1___.jpg\"><\/p>\n<h3 class=\"a-spacing-mini\"> Verschiedene Lichtmodi und eine rote LED <\/h3>\n<p class=\"a-spacing-base\"> Die VARTA Outdoor Sports H20 Pro ist mit Multi-LED-Technologie und drei Lichtmodi ausgestattet: Kombinations-, Flut- und Spot-Modus. Die Dimmfunktion in allen Lichtmodi erm\u00f6glicht eine stufenlos einstellbare Lichtintensit\u00e4t. Zus\u00e4tzlich verf\u00fcgt das Scheinwerferlicht \u00fcber eine rote LED f\u00fcr bessere Nachtsicht, ohne zu blenden. <\/p>\n<p>               <img decoding=\"async\" alt=\"2\" src=\"https:\/\/images-na.ssl-images-amazon.com\/images\/G\/01\/x-locale\/common\/grey-pixel.gif\" class=\"a-spacing-mini a-lazy-loaded\" data-src=\"https:\/\/m.media-amazon.com\/images\/S\/aplus-media\/vc\/a6eae671-4e6a-453c-8cc6-e2571bc35220.__CR0,0,300,300_PT0_SX300_V1___.jpg\"><\/p>\n<p>                <img decoding=\"async\" alt=\"2\" src=\"https:\/\/m.media-amazon.com\/images\/S\/aplus-media\/vc\/a6eae671-4e6a-453c-8cc6-e2571bc35220.__CR0,0,300,300_PT0_SX300_V1___.jpg\"><\/p>\n<h3 class=\"a-spacing-mini\"> Schwenkbarer Kopf <\/h3>\n<p class=\"a-spacing-base\"> Die VARTA Outdoor Sports H20 Pro verf\u00fcgt \u00fcber einen schwenkbaren Kopf f\u00fcr eine optimale Beleuchtung der Umgebung, sowie einen verstellbaren und waschbaren Kopfgurt f\u00fcr ultimativen Tragekomfort. <\/p>\n<p>               <img decoding=\"async\" alt=\"3\" src=\"https:\/\/images-na.ssl-images-amazon.com\/images\/G\/01\/x-locale\/common\/grey-pixel.gif\" class=\"a-spacing-mini a-lazy-loaded\" data-src=\"https:\/\/m.media-amazon.com\/images\/S\/aplus-media\/vc\/406c3b99-fda6-4ab6-8914-4363e2661b85.__CR0,0,300,300_PT0_SX300_V1___.jpg\"><\/p>\n<p>                <img decoding=\"async\" alt=\"3\" src=\"https:\/\/m.media-amazon.com\/images\/S\/aplus-media\/vc\/406c3b99-fda6-4ab6-8914-4363e2661b85.__CR0,0,300,300_PT0_SX300_V1___.jpg\"><\/p>\n<h3 class=\"a-spacing-mini\"> Sto\u00dffest und wasserdicht <\/h3>\n<p class=\"a-spacing-base\"> Die VARTA Outdoor Sports H20 Pro ist wasserdicht (IPX4) und sto\u00dffest (2 m Falltest). <\/p>\n<p>               <img decoding=\"async\" alt=\"4\" src=\"https:\/\/images-na.ssl-images-amazon.com\/images\/G\/01\/x-locale\/common\/grey-pixel.gif\" class=\"a-spacing-mini a-lazy-loaded\" data-src=\"https:\/\/m.media-amazon.com\/images\/S\/aplus-media\/vc\/9964c7d7-6b2a-4350-bf93-5f1cf9bebc4a.__CR0,0,300,300_PT0_SX300_V1___.jpg\"><\/p>\n<p>                <img decoding=\"async\" alt=\"4\" src=\"https:\/\/m.media-amazon.com\/images\/S\/aplus-media\/vc\/9964c7d7-6b2a-4350-bf93-5f1cf9bebc4a.__CR0,0,300,300_PT0_SX300_V1___.jpg\"><\/p>\n<h3 class=\"a-spacing-mini\"> Batteriebetrieben, einschlie\u00dflich einer Anzeige f\u00fcr niedrigen Batteriestand <\/h3>\n<p class=\"a-spacing-base\"> Die VARTA Outdoor Sports H20 Pro ist ein robuster batteriebetriebener Scheinwerfer (3xAAA-Batterien enthalten). Es ist mit einer Anzeige f\u00fcr niedrigen Batteriestand ausgestattet, die in der roten LED enthalten ist. <\/p>\n<p>               <img decoding=\"async\" alt=\"1\" src=\"https:\/\/images-na.ssl-images-amazon.com\/images\/G\/01\/x-locale\/common\/grey-pixel.gif\" class=\"a-lazy-loaded\" data-src=\"https:\/\/m.media-amazon.com\/images\/S\/aplus-media\/vc\/6bff03bb-7e3e-469a-9f36-4dd1dd8eea73.__CR0,0,300,300_PT0_SX300_V1___.jpg\"><\/p>\n<p>                <img decoding=\"async\" alt=\"1\" src=\"https:\/\/m.media-amazon.com\/images\/S\/aplus-media\/vc\/6bff03bb-7e3e-469a-9f36-4dd1dd8eea73.__CR0,0,300,300_PT0_SX300_V1___.jpg\"><\/p>\n<p>               <img decoding=\"async\" alt=\"2\" src=\"https:\/\/images-na.ssl-images-amazon.com\/images\/G\/01\/x-locale\/common\/grey-pixel.gif\" class=\"a-lazy-loaded\" data-src=\"https:\/\/m.media-amazon.com\/images\/S\/aplus-media\/vc\/a6eae671-4e6a-453c-8cc6-e2571bc35220.__CR0,0,300,300_PT0_SX300_V1___.jpg\"><\/p>\n<p>                <img decoding=\"async\" alt=\"2\" src=\"https:\/\/m.media-amazon.com\/images\/S\/aplus-media\/vc\/a6eae671-4e6a-453c-8cc6-e2571bc35220.__CR0,0,300,300_PT0_SX300_V1___.jpg\"><\/p>\n<p>               <img decoding=\"async\" alt=\"3\" src=\"https:\/\/images-na.ssl-images-amazon.com\/images\/G\/01\/x-locale\/common\/grey-pixel.gif\" class=\"a-lazy-loaded\" data-src=\"https:\/\/m.media-amazon.com\/images\/S\/aplus-media\/vc\/406c3b99-fda6-4ab6-8914-4363e2661b85.__CR0,0,300,300_PT0_SX300_V1___.jpg\"><\/p>\n<p>                <img decoding=\"async\" alt=\"3\" src=\"https:\/\/m.media-amazon.com\/images\/S\/aplus-media\/vc\/406c3b99-fda6-4ab6-8914-4363e2661b85.__CR0,0,300,300_PT0_SX300_V1___.jpg\"><\/p>\n<p>               <img decoding=\"async\" alt=\"4\" src=\"https:\/\/images-na.ssl-images-amazon.com\/images\/G\/01\/x-locale\/common\/grey-pixel.gif\" class=\"a-lazy-loaded\" data-src=\"https:\/\/m.media-amazon.com\/images\/S\/aplus-media\/vc\/9964c7d7-6b2a-4350-bf93-5f1cf9bebc4a.__CR0,0,300,300_PT0_SX300_V1___.jpg\"><\/p>\n<p>                <img decoding=\"async\" alt=\"4\" src=\"https:\/\/m.media-amazon.com\/images\/S\/aplus-media\/vc\/9964c7d7-6b2a-4350-bf93-5f1cf9bebc4a.__CR0,0,300,300_PT0_SX300_V1___.jpg\"><\/p>\n<p>Inhalt: 1 St\u00fcck<br \/>\n<br \/>[ad_2]<\/p>\n","protected":false},"excerpt":{"rendered":"<p>Price: [price_with_discount](as of [price_update_date] &#8211; Details) [ad_1] Produktbeschreibung des Herstellers VARTA \u2013 der Name steht f\u00fcr \u201eMade in Germany\u201c und daher auch f\u00fcr Qualit\u00e4t und Kompetenz. Als einziger deutscher Hersteller<\/p>\n","protected":false},"featured_media":16066,"comment_status":"open","ping_status":"closed","template":"","meta":[],"product_cat":[227],"product_tag":[272],"class_list":{"0":"post-16065","1":"product","2":"type-product","3":"status-publish","4":"has-post-thumbnail","6":"product_cat-gaming","7":"product_tag-sports-outdoors","9":"first","10":"instock","11":"shipping-taxable","12":"product-type-external"},"aioseo_notices":[],"_links":{"self":[{"href":"https:\/\/topgetestet.de\/index.php?rest_route=\/wp\/v2\/product\/16065","targetHints":{"allow":["GET"]}}],"collection":[{"href":"https:\/\/topgetestet.de\/index.php?rest_route=\/wp\/v2\/product"}],"about":[{"href":"https:\/\/topgetestet.de\/index.php?rest_route=\/wp\/v2\/types\/product"}],"replies":[{"embeddable":true,"href":"https:\/\/topgetestet.de\/index.php?rest_route=%2Fwp%2Fv2%2Fcomments&post=16065"}],"wp:featuredmedia":[{"embeddable":true,"href":"https:\/\/topgetestet.de\/index.php?rest_route=\/wp\/v2\/media\/16066"}],"wp:attachment":[{"href":"https:\/\/topgetestet.de\/index.php?rest_route=%2Fwp%2Fv2%2Fmedia&parent=16065"}],"wp:term":[{"taxonomy":"product_cat","embeddable":true,"href":"https:\/\/topgetestet.de\/index.php?rest_route=%2Fwp%2Fv2%2Fproduct_cat&post=16065"},{"taxonomy":"product_tag","embeddable":true,"href":"https:\/\/topgetestet.de\/index.php?rest_route=%2Fwp%2Fv2%2Fproduct_tag&post=16065"}],"curies":[{"name":"wp","href":"https:\/\/api.w.org\/{rel}","templated":true}]}}