{"id":16045,"date":"2022-09-19T07:14:07","date_gmt":"2022-09-19T07:14:07","guid":{"rendered":"https:\/\/topgetestet.de\/?product=vaude-damen-hose-womens-tremalzini-shorts"},"modified":"2022-09-19T07:14:07","modified_gmt":"2022-09-19T07:14:07","slug":"vaude-damen-hose-womens-tremalzini-shorts","status":"publish","type":"product","link":"https:\/\/topgetestet.de\/?product=vaude-damen-hose-womens-tremalzini-shorts","title":{"rendered":"VAUDE Damen Hose Women&#8217;s Tremalzini Shorts"},"content":{"rendered":"<p>Price: <span style=\"color:#b12704\">[price_with_discount]<\/span><br \/><i><small>(as of [price_update_date] &#8211; <span class=\"wp_automatic_amazon_disclaimer\" title=\"Product prices and availability are accurate as of the date\/time indicated and are subject to change. Any price and availability information displayed on [relevant Amazon Site(s), as applicable] at the time of purchase will apply to the purchase of this product.\">Details<\/span>)<\/small><\/i><\/p>\n<p><a href=\"https:\/\/amazon.de\/dp\/B076KQXZY8?tag=topgetestet09-21\"><img decoding=\"async\" src=\"https:\/\/i.imgur.com\/ISRHEWs.png\"><\/a><br \/>\n[ad_1]<br \/>\n <span>Lass es rollen! Die bequemen Bike Shorts aus Stretchmaterial in dezenter Optik bereiten Dir viel Freude auf ausgedehnten Touren. Und die zwei Fronttaschen sorgen auch bei kleinen Verschnaufpausen daf\u00fcr, dass du die H\u00e4nde frei hast. Das Hauptmaterial wird nach dem strengen \u00d6kostandard bluesign System besonders umweltschonend hergestellt. Inklusive funktioneller Innenhose mit Sitzpolster. Das VAUDE Green Shape-Label steht f\u00fcr ein umweltfreundliches, funktionelles Produkt aus nachhaltigen Materialien.<\/span> <br \/> Verpackungsabmessungen \u200f : \u200e  34.4 x 23.6 x 8.9 cm; 320 Gramm <br \/> Im Angebot von Amazon.de seit \u200f : \u200e  16. M\u00e4rz 2020 <br \/> Hersteller \u200f : \u200e  Vaude <br \/> ASIN \u200f : \u200e  B085D95412 <br \/> Modellnummer \u200f : \u200e  40838 <br \/> Kategorie \u200f : \u200e  Damen <\/p>\n<p>Bikeshorts f\u00fcr Damen: Bike Shorts aus Stretchmaterial in dezenter Optik bereiten Dir viel Freude auf ausgedehnten Touren<br \/>Verschluss: Druckknopf<br \/>67% Polyamid, 20% Polyester, 13% Elasthan<br \/>Hose<br \/>Pflegehinweis: Maschinenw\u00e4sche<br \/>Modellnummer: 40838<br \/>\n<br \/>[ad_2]<\/p>\n","protected":false},"excerpt":{"rendered":"<p>Price: [price_with_discount](as of [price_update_date] &#8211; Details) [ad_1] Lass es rollen! Die bequemen Bike Shorts aus Stretchmaterial in dezenter Optik bereiten Dir viel Freude auf ausgedehnten Touren. Und die zwei Fronttaschen<\/p>\n","protected":false},"featured_media":16046,"comment_status":"open","ping_status":"closed","template":"","meta":[],"product_cat":[232],"product_tag":[],"class_list":{"0":"post-16045","1":"product","2":"type-product","3":"status-publish","4":"has-post-thumbnail","6":"product_cat-women-fashion","8":"first","9":"instock","10":"shipping-taxable","11":"product-type-external"},"aioseo_notices":[],"_links":{"self":[{"href":"https:\/\/topgetestet.de\/index.php?rest_route=\/wp\/v2\/product\/16045","targetHints":{"allow":["GET"]}}],"collection":[{"href":"https:\/\/topgetestet.de\/index.php?rest_route=\/wp\/v2\/product"}],"about":[{"href":"https:\/\/topgetestet.de\/index.php?rest_route=\/wp\/v2\/types\/product"}],"replies":[{"embeddable":true,"href":"https:\/\/topgetestet.de\/index.php?rest_route=%2Fwp%2Fv2%2Fcomments&post=16045"}],"wp:featuredmedia":[{"embeddable":true,"href":"https:\/\/topgetestet.de\/index.php?rest_route=\/wp\/v2\/media\/16046"}],"wp:attachment":[{"href":"https:\/\/topgetestet.de\/index.php?rest_route=%2Fwp%2Fv2%2Fmedia&parent=16045"}],"wp:term":[{"taxonomy":"product_cat","embeddable":true,"href":"https:\/\/topgetestet.de\/index.php?rest_route=%2Fwp%2Fv2%2Fproduct_cat&post=16045"},{"taxonomy":"product_tag","embeddable":true,"href":"https:\/\/topgetestet.de\/index.php?rest_route=%2Fwp%2Fv2%2Fproduct_tag&post=16045"}],"curies":[{"name":"wp","href":"https:\/\/api.w.org\/{rel}","templated":true}]}}