{"id":16030,"date":"2022-09-19T06:58:22","date_gmt":"2022-09-19T06:58:22","guid":{"rendered":"https:\/\/topgetestet.de\/?product=mizuno-herren-maximizer-24-straen-laufschuh"},"modified":"2022-09-19T06:58:22","modified_gmt":"2022-09-19T06:58:22","slug":"mizuno-herren-maximizer-24-straen-laufschuh","status":"publish","type":"product","link":"https:\/\/topgetestet.de\/?product=mizuno-herren-maximizer-24-straen-laufschuh","title":{"rendered":"Mizuno Herren Maximizer 24 Straen-Laufschuh"},"content":{"rendered":"<p>Price: <span style=\"color:#b12704\">[price_with_discount]<\/span><br \/><i><small>(as of [price_update_date] &#8211; <span class=\"wp_automatic_amazon_disclaimer\" title=\"Product prices and availability are accurate as of the date\/time indicated and are subject to change. Any price and availability information displayed on [relevant Amazon Site(s), as applicable] at the time of purchase will apply to the purchase of this product.\">Details<\/span>)<\/small><\/i><\/p>\n<p><a href=\"https:\/\/amazon.de\/dp\/B08NW4VHNP?tag=topgetestet09-21\"><img decoding=\"async\" src=\"https:\/\/i.imgur.com\/ISRHEWs.png\"><\/a><br \/>\n[ad_1]<br \/>\n <span>Bleibe stets in der Spur mit dem Wave Stream II. Durch die weiche D\u00e4mpfung der U4icX-Keilferse und das passgenaue Mesh-Obermaterial wird dir der Wave Stream 2 Damen-Laufschuh helfen, deinen Flow zu finden. Unterst\u00fctzungselemente, dynamische D\u00e4mpfung und ein umfassend angenehmes Laufgef\u00fchl motivieren dich, weiter und weiter zu laufen. Deine Lauferlebnis beginnt heute.<\/span> <br \/> Verpackungsabmessungen \u200f : \u200e  29.7 x 16.5 x 11.2 cm; 470 Gramm <br \/> Im Angebot von Amazon.de seit \u200f : \u200e  19. November 2020 <br \/> Hersteller \u200f : \u200e  Mizuno <br \/> ASIN \u200f : \u200e  B08NW6W9H4 <br \/> Modellnummer \u200f : \u200e  K1GA2202 <br \/> Kategorie \u200f : \u200e  Herren <\/p>\n<p>Innenmaterial: Synthetik<br \/>Sohle: Gummi<br \/>Verschluss: Schn\u00fcrung<br \/>Absatzform: Flach<br \/>Schuhweite: medium<br \/>Nicht wasserfest<br \/>\n<br \/>[ad_2]<\/p>\n","protected":false},"excerpt":{"rendered":"<p>Price: [price_with_discount](as of [price_update_date] &#8211; Details) [ad_1] Bleibe stets in der Spur mit dem Wave Stream II. Durch die weiche D\u00e4mpfung der U4icX-Keilferse und das passgenaue Mesh-Obermaterial wird dir der<\/p>\n","protected":false},"featured_media":16031,"comment_status":"open","ping_status":"closed","template":"","meta":[],"product_cat":[234],"product_tag":[235],"class_list":{"0":"post-16030","1":"product","2":"type-product","3":"status-publish","4":"has-post-thumbnail","6":"product_cat-shoes","7":"product_tag-mens-road-running-shoes","9":"first","10":"instock","11":"shipping-taxable","12":"product-type-external"},"aioseo_notices":[],"_links":{"self":[{"href":"https:\/\/topgetestet.de\/index.php?rest_route=\/wp\/v2\/product\/16030","targetHints":{"allow":["GET"]}}],"collection":[{"href":"https:\/\/topgetestet.de\/index.php?rest_route=\/wp\/v2\/product"}],"about":[{"href":"https:\/\/topgetestet.de\/index.php?rest_route=\/wp\/v2\/types\/product"}],"replies":[{"embeddable":true,"href":"https:\/\/topgetestet.de\/index.php?rest_route=%2Fwp%2Fv2%2Fcomments&post=16030"}],"wp:featuredmedia":[{"embeddable":true,"href":"https:\/\/topgetestet.de\/index.php?rest_route=\/wp\/v2\/media\/16031"}],"wp:attachment":[{"href":"https:\/\/topgetestet.de\/index.php?rest_route=%2Fwp%2Fv2%2Fmedia&parent=16030"}],"wp:term":[{"taxonomy":"product_cat","embeddable":true,"href":"https:\/\/topgetestet.de\/index.php?rest_route=%2Fwp%2Fv2%2Fproduct_cat&post=16030"},{"taxonomy":"product_tag","embeddable":true,"href":"https:\/\/topgetestet.de\/index.php?rest_route=%2Fwp%2Fv2%2Fproduct_tag&post=16030"}],"curies":[{"name":"wp","href":"https:\/\/api.w.org\/{rel}","templated":true}]}}