{"id":15946,"date":"2022-09-19T06:18:14","date_gmt":"2022-09-19T06:18:14","guid":{"rendered":"https:\/\/topgetestet.de\/?product=bowflex-selecttech-verstellbare-hanteln-und-gewichten-system"},"modified":"2022-09-19T06:18:14","modified_gmt":"2022-09-19T06:18:14","slug":"bowflex-selecttech-verstellbare-hanteln-und-gewichten-system","status":"publish","type":"product","link":"https:\/\/topgetestet.de\/?product=bowflex-selecttech-verstellbare-hanteln-und-gewichten-system","title":{"rendered":"Bowflex SelectTech verstellbare Hanteln und Gewichten System"},"content":{"rendered":"<p>Price: <span style=\"color:#b12704\">[price_with_discount]<\/span><br \/><i><small>(as of [price_update_date] &#8211; <span class=\"wp_automatic_amazon_disclaimer\" title=\"Product prices and availability are accurate as of the date\/time indicated and are subject to change. Any price and availability information displayed on [relevant Amazon Site(s), as applicable] at the time of purchase will apply to the purchase of this product.\">Details<\/span>)<\/small><\/i><\/p>\n<p><a href=\"https:\/\/amazon.de\/dp\/B078HDGG7H?tag=topgetestet09-21\"><img decoding=\"async\" src=\"https:\/\/i.imgur.com\/ISRHEWs.png\"><\/a><br \/>\n[ad_1]<\/p>\n<p>       Produktbeschreibung des Herstellers <\/p>\n<p>          <img decoding=\"async\" alt=\"552i\" src=\"https:\/\/images-na.ssl-images-amazon.com\/images\/G\/01\/x-locale\/common\/grey-pixel.gif\" class=\"a-spacing-base a-lazy-loaded\" data-src=\"https:\/\/m.media-amazon.com\/images\/S\/aplus-media\/vc\/4b280df7-bf35-477c-923e-095d5774b4f3.__CR0,0,970,600_PT0_SX970_V1___.jpg\"><\/p>\n<p>           <img decoding=\"async\" alt=\"552i\" src=\"https:\/\/m.media-amazon.com\/images\/S\/aplus-media\/vc\/4b280df7-bf35-477c-923e-095d5774b4f3.__CR0,0,970,600_PT0_SX970_V1___.jpg\"><\/p>\n<p>               <img decoding=\"async\" alt=\"Dumbbell\" src=\"https:\/\/images-na.ssl-images-amazon.com\/images\/G\/01\/x-locale\/common\/grey-pixel.gif\" class=\"a-spacing-mini a-lazy-loaded\" data-src=\"https:\/\/m.media-amazon.com\/images\/S\/aplus-media\/vc\/ea3aa25e-1138-405e-ad60-b0f7faa6c15a.__CR137,0,1326,1326_PT0_SX300_V1___.jpeg\"><\/p>\n<p>                <img decoding=\"async\" alt=\"Dumbbell\" src=\"https:\/\/m.media-amazon.com\/images\/S\/aplus-media\/vc\/ea3aa25e-1138-405e-ad60-b0f7faa6c15a.__CR137,0,1326,1326_PT0_SX300_V1___.jpeg\"><\/p>\n<h3 class=\"a-spacing-mini\"> Gro\u00dfes Gewichtsspektrum <\/h3>\n<p class=\"a-spacing-base\"> Steigern Sie allm\u00e4hlich das Hantelgewicht von 2 auf 24 kg, um Ihren pers\u00f6nlichen Fitnesslevel kontinuierlich zu verbessern. <\/p>\n<p>               <img decoding=\"async\" alt=\"space\" src=\"https:\/\/images-na.ssl-images-amazon.com\/images\/G\/01\/x-locale\/common\/grey-pixel.gif\" class=\"a-spacing-mini a-lazy-loaded\" data-src=\"https:\/\/m.media-amazon.com\/images\/S\/aplus-media\/vc\/df14403f-7f09-48fa-85be-d345dfc68206.__CR0,0,300,300_PT0_SX300_V1___.jpg\"><\/p>\n<p>                <img decoding=\"async\" alt=\"space\" src=\"https:\/\/m.media-amazon.com\/images\/S\/aplus-media\/vc\/df14403f-7f09-48fa-85be-d345dfc68206.__CR0,0,300,300_PT0_SX300_V1___.jpg\"><\/p>\n<h3 class=\"a-spacing-mini\"> Platzsparend <\/h3>\n<p class=\"a-spacing-base\"> Ersetzt 15 Hantelsets, die ansonsten den Trainingsraum \u00fcberf\u00fcllen. <\/p>\n<p>               <img decoding=\"async\" alt=\"Molding\" src=\"https:\/\/images-na.ssl-images-amazon.com\/images\/G\/01\/x-locale\/common\/grey-pixel.gif\" class=\"a-spacing-mini a-lazy-loaded\" data-src=\"https:\/\/m.media-amazon.com\/images\/S\/aplus-media\/vc\/81bc89f1-0624-4073-b67e-0fb028b7731f.__CR0,0,300,300_PT0_SX300_V1___.jpg\"><\/p>\n<p>                <img decoding=\"async\" alt=\"Molding\" src=\"https:\/\/m.media-amazon.com\/images\/S\/aplus-media\/vc\/81bc89f1-0624-4073-b67e-0fb028b7731f.__CR0,0,300,300_PT0_SX300_V1___.jpg\"><\/p>\n<h3 class=\"a-spacing-mini\"> Leise Workouts <\/h3>\n<p class=\"a-spacing-base\"> Das haltbare Material, dass das Metall umgibt, erm\u00f6glicht eine leise Aufnahme und ein angenehmes und ger\u00e4uscharmes Hanteltraining. <\/p>\n<p>               <img decoding=\"async\" alt=\"Dial\" src=\"https:\/\/images-na.ssl-images-amazon.com\/images\/G\/01\/x-locale\/common\/grey-pixel.gif\" class=\"a-spacing-mini a-lazy-loaded\" data-src=\"https:\/\/m.media-amazon.com\/images\/S\/aplus-media\/vc\/5d31a042-9d76-4c5f-ac66-44a088e43abd.__CR0,23,803,803_PT0_SX300_V1___.png\"><\/p>\n<p>                <img decoding=\"async\" alt=\"Dial\" src=\"https:\/\/m.media-amazon.com\/images\/S\/aplus-media\/vc\/5d31a042-9d76-4c5f-ac66-44a088e43abd.__CR0,23,803,803_PT0_SX300_V1___.png\"><\/p>\n<h3 class=\"a-spacing-mini\"> Patentierte Drehverstellung <\/h3>\n<p class=\"a-spacing-base\"> Mit nur einer Drehung der Verstelleinheit l\u00e4sst sich das jeweils gew\u00fcnschte Gewicht einstellen. <\/p>\n<p>               <img decoding=\"async\" alt=\"Dumbbell\" src=\"https:\/\/images-na.ssl-images-amazon.com\/images\/G\/01\/x-locale\/common\/grey-pixel.gif\" class=\"a-lazy-loaded\" data-src=\"https:\/\/m.media-amazon.com\/images\/S\/aplus-media\/vc\/ea3aa25e-1138-405e-ad60-b0f7faa6c15a.__CR137,0,1326,1326_PT0_SX300_V1___.jpeg\"><\/p>\n<p>                <img decoding=\"async\" alt=\"Dumbbell\" src=\"https:\/\/m.media-amazon.com\/images\/S\/aplus-media\/vc\/ea3aa25e-1138-405e-ad60-b0f7faa6c15a.__CR137,0,1326,1326_PT0_SX300_V1___.jpeg\"><\/p>\n<p>               <img decoding=\"async\" alt=\"space\" src=\"https:\/\/images-na.ssl-images-amazon.com\/images\/G\/01\/x-locale\/common\/grey-pixel.gif\" class=\"a-lazy-loaded\" data-src=\"https:\/\/m.media-amazon.com\/images\/S\/aplus-media\/vc\/df14403f-7f09-48fa-85be-d345dfc68206.__CR0,0,300,300_PT0_SX300_V1___.jpg\"><\/p>\n<p>                <img decoding=\"async\" alt=\"space\" src=\"https:\/\/m.media-amazon.com\/images\/S\/aplus-media\/vc\/df14403f-7f09-48fa-85be-d345dfc68206.__CR0,0,300,300_PT0_SX300_V1___.jpg\"><\/p>\n<p>               <img decoding=\"async\" alt=\"Molding\" src=\"https:\/\/images-na.ssl-images-amazon.com\/images\/G\/01\/x-locale\/common\/grey-pixel.gif\" class=\"a-lazy-loaded\" data-src=\"https:\/\/m.media-amazon.com\/images\/S\/aplus-media\/vc\/81bc89f1-0624-4073-b67e-0fb028b7731f.__CR0,0,300,300_PT0_SX300_V1___.jpg\"><\/p>\n<p>                <img decoding=\"async\" alt=\"Molding\" src=\"https:\/\/m.media-amazon.com\/images\/S\/aplus-media\/vc\/81bc89f1-0624-4073-b67e-0fb028b7731f.__CR0,0,300,300_PT0_SX300_V1___.jpg\"><\/p>\n<p>               <img decoding=\"async\" alt=\"Dial\" src=\"https:\/\/images-na.ssl-images-amazon.com\/images\/G\/01\/x-locale\/common\/grey-pixel.gif\" class=\"a-lazy-loaded\" data-src=\"https:\/\/m.media-amazon.com\/images\/S\/aplus-media\/vc\/5d31a042-9d76-4c5f-ac66-44a088e43abd.__CR0,23,803,803_PT0_SX300_V1___.png\"><\/p>\n<p>                <img decoding=\"async\" alt=\"Dial\" src=\"https:\/\/m.media-amazon.com\/images\/S\/aplus-media\/vc\/5d31a042-9d76-4c5f-ac66-44a088e43abd.__CR0,23,803,803_PT0_SX300_V1___.png\"><\/p>\n<p>              <img decoding=\"async\" alt=\"DB JRNY\" src=\"https:\/\/images-na.ssl-images-amazon.com\/images\/G\/01\/x-locale\/common\/grey-pixel.gif\" class=\"a-lazy-loaded\" data-src=\"https:\/\/m.media-amazon.com\/images\/S\/aplus-media-library-service-media\/558a8d0f-c044-4c4d-bf07-bd51676ebec5.__CR0,49,1024,317_PT0_SX970_V1___.jpg\"><\/p>\n<p>               <img decoding=\"async\" alt=\"DB JRNY\" src=\"https:\/\/m.media-amazon.com\/images\/S\/aplus-media-library-service-media\/558a8d0f-c044-4c4d-bf07-bd51676ebec5.__CR0,49,1024,317_PT0_SX970_V1___.jpg\"><\/p>\n<h3> Download die JRNY-App <\/h3>\n<p> Bleiben Sie in Bewegung mit einer wachsenden Bibliothek von On-Demand-Kraftkursen. <\/p>\n<p> Vervollst\u00e4ndigen Sie Ihre Routine mit Ganzk\u00f6rpertrainings wie Yoga, Pilates, Krafttraining und mehr. Greifen Sie mit Ihrem kompatiblen iOS- oder Android-Ger\u00e4t auf jedes Training zu, jederzeit und von \u00fcberall. <\/p>\n<p>                 Videos mit Trainern<br \/>\n                 1 Jahr JRNY-Mitgliedschaft inklusive<br \/>\n                 1 Jahr JRNY-Mitgliedschaft inklusive<br \/>\n                 1 Jahr JRNY-Mitgliedschaft inklusive<br \/>\n                 1 Jahr JRNY-Mitgliedschaft inklusive   <\/p>\n<p>                 Hantelgewicht<br \/>\n                 2 &#8211; 24 kg<br \/>\n                 4 &#8211; 41 kg<br \/>\n                 3.5 &#8211; 18 kg<br \/>\n                 9 &#8211; 36 kg (mit Upgrade Kit: 9 &#8211; 54 kg)   <\/p>\n<p>                 Anzahl der unterschiedlichen Einstellungen<br \/>\n                 15<br \/>\n                 17<br \/>\n                 6<br \/>\n                 7 (mit Upgrade Kit: 11)   <\/p>\n<p>                 Gewichtseinteilung (kg)<br \/>\n                 2, 3, 4, 5, 7, 8, 9, 10, 11, 14, 16, 18, 20, 23, 24<br \/>\n                 4, 7, 9, 11, 14, 16, 18, 20, 23, 25, 27, 30, 32, 34, 36, 39, 41<br \/>\n                 3.5, 5.5, 9, 11, 16, 18<br \/>\n                 9, 13.5, 18, 22.5, 27, 31.5, 36 (mit Upgrade Kit: 40.5, 45, 49.5, 54)   <\/p>\n<p>                 Passendes Zubeh\u00f6r<br \/>\n                 Bowflex SelectTech Hantelst\u00e4nder mit Media Rack<br \/>\n                 Bowflex SelectTech Hantelst\u00e4nder mit Media Rack   <\/p>\n<p>                 Bowflex SelectTech 2080 Upgrade Kit; Bowflex SelectTech 2080 Hantelst\u00e4nder mit Media Rack   <\/p>\n<p>[ad_2]<\/p>\n","protected":false},"excerpt":{"rendered":"<p>Price: [price_with_discount](as of [price_update_date] &#8211; Details) [ad_1] Produktbeschreibung des Herstellers Gro\u00dfes Gewichtsspektrum Steigern Sie allm\u00e4hlich das Hantelgewicht von 2 auf 24 kg, um Ihren pers\u00f6nlichen Fitnesslevel kontinuierlich zu verbessern. Platzsparend<\/p>\n","protected":false},"featured_media":15947,"comment_status":"open","ping_status":"closed","template":"","meta":[],"product_cat":[233],"product_tag":[271],"class_list":{"0":"post-15946","1":"product","2":"type-product","3":"status-publish","4":"has-post-thumbnail","6":"product_cat-fitness","7":"product_tag-strength-training-equipment","9":"first","10":"instock","11":"sale","12":"shipping-taxable","13":"product-type-external"},"aioseo_notices":[],"_links":{"self":[{"href":"https:\/\/topgetestet.de\/index.php?rest_route=\/wp\/v2\/product\/15946","targetHints":{"allow":["GET"]}}],"collection":[{"href":"https:\/\/topgetestet.de\/index.php?rest_route=\/wp\/v2\/product"}],"about":[{"href":"https:\/\/topgetestet.de\/index.php?rest_route=\/wp\/v2\/types\/product"}],"replies":[{"embeddable":true,"href":"https:\/\/topgetestet.de\/index.php?rest_route=%2Fwp%2Fv2%2Fcomments&post=15946"}],"wp:featuredmedia":[{"embeddable":true,"href":"https:\/\/topgetestet.de\/index.php?rest_route=\/wp\/v2\/media\/15947"}],"wp:attachment":[{"href":"https:\/\/topgetestet.de\/index.php?rest_route=%2Fwp%2Fv2%2Fmedia&parent=15946"}],"wp:term":[{"taxonomy":"product_cat","embeddable":true,"href":"https:\/\/topgetestet.de\/index.php?rest_route=%2Fwp%2Fv2%2Fproduct_cat&post=15946"},{"taxonomy":"product_tag","embeddable":true,"href":"https:\/\/topgetestet.de\/index.php?rest_route=%2Fwp%2Fv2%2Fproduct_tag&post=15946"}],"curies":[{"name":"wp","href":"https:\/\/api.w.org\/{rel}","templated":true}]}}