{"id":15891,"date":"2022-09-19T05:53:04","date_gmt":"2022-09-19T05:53:04","guid":{"rendered":"https:\/\/topgetestet.de\/?product=desigual-mone-soft-fiona-geldborse-12cc-20-cm"},"modified":"2022-09-19T05:53:04","modified_gmt":"2022-09-19T05:53:04","slug":"desigual-mone-soft-fiona-geldborse-12cc-20-cm","status":"publish","type":"product","link":"https:\/\/topgetestet.de\/?product=desigual-mone-soft-fiona-geldborse-12cc-20-cm","title":{"rendered":"Desigual Mone Soft Fiona Geldb\u00f6rse 12cc 20 cm"},"content":{"rendered":"<p>Price: <span style=\"color:#b12704\">[price_with_discount]<\/span><br \/><i><small>(as of [price_update_date] &#8211; <span class=\"wp_automatic_amazon_disclaimer\" title=\"Product prices and availability are accurate as of the date\/time indicated and are subject to change. Any price and availability information displayed on [relevant Amazon Site(s), as applicable] at the time of purchase will apply to the purchase of this product.\">Details<\/span>)<\/small><\/i><\/p>\n<p><a href=\"https:\/\/amazon.de\/dp\/B09RB3LBQ1?tag=topgetestet09-21\"><img decoding=\"async\" src=\"https:\/\/i.imgur.com\/ISRHEWs.png\"><\/a><br \/>\n[ad_1]<br \/>\n <span>Die wundersch\u00f6nen und extravaganten Taschen und Accessoires von Desigual sind modern und stylish. Wer einen Hingucker haben m\u00f6chte ist mit ihnen&nbsp;genau richtig beraten. In der neuen Kollektion gibt es neue Modelle, Formen und Farben. Lass Dich von den neuesten Trends verf\u00fchren. Desigual- die Marke die bunt, schrill und tolle Material Mixe kreiert. Gro\u00dfes Portemonnaie in Lederoptik mit Blumen im Relief. Im Innenteil mit Bereich f\u00fcr Karten und Rei\u00dfverschlusst\u00e4schchen f\u00fcr M\u00fcnze.<br \/> &#8211; Rei\u00dfverschluss<br \/> &#8211; 1 M\u00fcnzfach mit Rei\u00dfverschluss<br \/> &#8211; 12 Kreditkartenf\u00e4cher<br \/> &#8211; 1 Sichtfach<br \/> &#8211; 2 Scheinf\u00e4cher<br \/> &#8211; 2 Steckf\u00e4cher<br \/> &#8211; Blumen im Relief<br \/> &#8211; Logo vorne<\/span> <br \/> Im Angebot von Amazon.de seit \u200f : \u200e  27. Juli 2022 <br \/> Hersteller \u200f : \u200e  Desigual <br \/> ASIN \u200f : \u200e  B0BCTCYXZJ <br \/> Kategorie \u200f : \u200e  Damen <\/p>\n<p>Verschluss: Rei\u00dfverschluss<br \/>Zeitgen\u00f6ssisch<br \/>Modellnummer: 22WAYP19<br \/>\n<br \/>[ad_2]<\/p>\n","protected":false},"excerpt":{"rendered":"<p>Price: [price_with_discount](as of [price_update_date] &#8211; Details) [ad_1] Die wundersch\u00f6nen und extravaganten Taschen und Accessoires von Desigual sind modern und stylish. Wer einen Hingucker haben m\u00f6chte ist mit ihnen&nbsp;genau richtig beraten.<\/p>\n","protected":false},"featured_media":15892,"comment_status":"open","ping_status":"closed","template":"","meta":[],"product_cat":[232],"product_tag":[],"class_list":{"0":"post-15891","1":"product","2":"type-product","3":"status-publish","4":"has-post-thumbnail","6":"product_cat-women-fashion","8":"first","9":"instock","10":"sale","11":"shipping-taxable","12":"product-type-external"},"aioseo_notices":[],"_links":{"self":[{"href":"https:\/\/topgetestet.de\/index.php?rest_route=\/wp\/v2\/product\/15891","targetHints":{"allow":["GET"]}}],"collection":[{"href":"https:\/\/topgetestet.de\/index.php?rest_route=\/wp\/v2\/product"}],"about":[{"href":"https:\/\/topgetestet.de\/index.php?rest_route=\/wp\/v2\/types\/product"}],"replies":[{"embeddable":true,"href":"https:\/\/topgetestet.de\/index.php?rest_route=%2Fwp%2Fv2%2Fcomments&post=15891"}],"wp:featuredmedia":[{"embeddable":true,"href":"https:\/\/topgetestet.de\/index.php?rest_route=\/wp\/v2\/media\/15892"}],"wp:attachment":[{"href":"https:\/\/topgetestet.de\/index.php?rest_route=%2Fwp%2Fv2%2Fmedia&parent=15891"}],"wp:term":[{"taxonomy":"product_cat","embeddable":true,"href":"https:\/\/topgetestet.de\/index.php?rest_route=%2Fwp%2Fv2%2Fproduct_cat&post=15891"},{"taxonomy":"product_tag","embeddable":true,"href":"https:\/\/topgetestet.de\/index.php?rest_route=%2Fwp%2Fv2%2Fproduct_tag&post=15891"}],"curies":[{"name":"wp","href":"https:\/\/api.w.org\/{rel}","templated":true}]}}