{"id":15805,"date":"2022-09-19T05:19:05","date_gmt":"2022-09-19T05:19:05","guid":{"rendered":"https:\/\/topgetestet.de\/?product=asics-herren-gel-pulse-12-road-running-shoe-2"},"modified":"2022-09-19T05:19:05","modified_gmt":"2022-09-19T05:19:05","slug":"asics-herren-gel-pulse-12-road-running-shoe-2","status":"publish","type":"product","link":"https:\/\/topgetestet.de\/?product=asics-herren-gel-pulse-12-road-running-shoe-2","title":{"rendered":"ASICS Herren Gel-Pulse 12 Road Running Shoe"},"content":{"rendered":"<p>Price: <span style=\"color:#b12704\">[price_with_discount]<\/span><br \/><i><small>(as of [price_update_date] &#8211; <span class=\"wp_automatic_amazon_disclaimer\" title=\"Product prices and availability are accurate as of the date\/time indicated and are subject to change. Any price and availability information displayed on [relevant Amazon Site(s), as applicable] at the time of purchase will apply to the purchase of this product.\">Details<\/span>)<\/small><\/i><\/p>\n<p><a href=\"https:\/\/amazon.de\/dp\/B08PFZZR4F?tag=topgetestet09-21\"><img decoding=\"async\" src=\"https:\/\/i.imgur.com\/ISRHEWs.png\"><\/a><br \/>\n[ad_1]<br \/>\n <span>Asics GEL-Pulse 12 ist ein neutraler Laufschuh. Leichtes innovatives Mesh ist weicher und atmungsaktiver als beim Vorg\u00e4nger. Die verbesserte Fersenkonstruktion bietet eine super Passform und somit ein angenehmes Tragegef\u00fchl. Die Amplifoam-Mittelsohle gepaart mit der Gel-D\u00e4mpfung bieten eine ideale Gundlage f\u00fcr deinen Lauf.<\/span> <br \/> Verpackungsabmessungen \u200f : \u200e  33 x 21.5 x 12 cm; 312 Gramm <br \/> Im Angebot von Amazon.de seit \u200f : \u200e  2. Dezember 2020 <br \/> Hersteller \u200f : \u200e  Asics <br \/> ASIN \u200f : \u200e  B08PFZDMMK <br \/> Modellnummer \u200f : \u200e  1011A844-006 <br \/> Kategorie \u200f : \u200e  Herren <\/p>\n<p>Innenmaterial: Fabric<br \/>Sohle: Fabric<br \/>Verschluss: Schn\u00fcrung<br \/>Absatzh\u00f6he: 1 cm<br \/>Absatzform: Plateauabsatz<br \/>Materialzusammensetzung: Synthetic<br \/>\n<br \/>[ad_2]<\/p>\n","protected":false},"excerpt":{"rendered":"<p>Price: [price_with_discount](as of [price_update_date] &#8211; Details) [ad_1] Asics GEL-Pulse 12 ist ein neutraler Laufschuh. Leichtes innovatives Mesh ist weicher und atmungsaktiver als beim Vorg\u00e4nger. Die verbesserte Fersenkonstruktion bietet eine super<\/p>\n","protected":false},"featured_media":15806,"comment_status":"open","ping_status":"closed","template":"","meta":[],"product_cat":[234],"product_tag":[235],"class_list":{"0":"post-15805","1":"product","2":"type-product","3":"status-publish","4":"has-post-thumbnail","6":"product_cat-shoes","7":"product_tag-mens-road-running-shoes","9":"first","10":"instock","11":"shipping-taxable","12":"product-type-external"},"aioseo_notices":[],"_links":{"self":[{"href":"https:\/\/topgetestet.de\/index.php?rest_route=\/wp\/v2\/product\/15805","targetHints":{"allow":["GET"]}}],"collection":[{"href":"https:\/\/topgetestet.de\/index.php?rest_route=\/wp\/v2\/product"}],"about":[{"href":"https:\/\/topgetestet.de\/index.php?rest_route=\/wp\/v2\/types\/product"}],"replies":[{"embeddable":true,"href":"https:\/\/topgetestet.de\/index.php?rest_route=%2Fwp%2Fv2%2Fcomments&post=15805"}],"wp:featuredmedia":[{"embeddable":true,"href":"https:\/\/topgetestet.de\/index.php?rest_route=\/wp\/v2\/media\/15806"}],"wp:attachment":[{"href":"https:\/\/topgetestet.de\/index.php?rest_route=%2Fwp%2Fv2%2Fmedia&parent=15805"}],"wp:term":[{"taxonomy":"product_cat","embeddable":true,"href":"https:\/\/topgetestet.de\/index.php?rest_route=%2Fwp%2Fv2%2Fproduct_cat&post=15805"},{"taxonomy":"product_tag","embeddable":true,"href":"https:\/\/topgetestet.de\/index.php?rest_route=%2Fwp%2Fv2%2Fproduct_tag&post=15805"}],"curies":[{"name":"wp","href":"https:\/\/api.w.org\/{rel}","templated":true}]}}