{"id":15539,"date":"2022-09-19T02:26:28","date_gmt":"2022-09-19T02:26:28","guid":{"rendered":"https:\/\/topgetestet.de\/?product=xiaomi-smart-band"},"modified":"2022-09-19T02:26:28","modified_gmt":"2022-09-19T02:26:28","slug":"xiaomi-smart-band","status":"publish","type":"product","link":"https:\/\/topgetestet.de\/?product=xiaomi-smart-band","title":{"rendered":"Xiaomi Smart Band"},"content":{"rendered":"<p>Price: <span style=\"color:#b12704\">[price_with_discount]<\/span><br \/><i><small>(as of [price_update_date] &#8211; <span class=\"wp_automatic_amazon_disclaimer\" title=\"Product prices and availability are accurate as of the date\/time indicated and are subject to change. Any price and availability information displayed on [relevant Amazon Site(s), as applicable] at the time of purchase will apply to the purchase of this product.\">Details<\/span>)<\/small><\/i><\/p>\n<p><a href=\"https:\/\/amazon.de\/dp\/B091G3FLL7?tag=topgetestet09-21\"><img decoding=\"async\" src=\"https:\/\/i.imgur.com\/ISRHEWs.png\"><\/a><br \/>\n[ad_1]<\/p>\n<p>       Produktbeschreibung des Herstellers <\/p>\n<p>          <img decoding=\"async\" alt=\"Mi Smart Band 6\" src=\"https:\/\/images-na.ssl-images-amazon.com\/images\/G\/01\/x-locale\/common\/grey-pixel.gif\" class=\"a-spacing-base a-lazy-loaded\" data-src=\"https:\/\/m.media-amazon.com\/images\/S\/aplus-media\/vc\/b20507b6-47c4-475b-9b82-bfe4a6082d37.__CR196,0,1655,1024_PT0_SX970_V1___.jpeg\"><\/p>\n<p>           <img decoding=\"async\" alt=\"Mi Smart Band 6\" src=\"https:\/\/m.media-amazon.com\/images\/S\/aplus-media\/vc\/b20507b6-47c4-475b-9b82-bfe4a6082d37.__CR196,0,1655,1024_PT0_SX970_V1___.jpeg\"><\/p>\n<p>              <img decoding=\"async\" alt=\"Max.\" src=\"https:\/\/images-na.ssl-images-amazon.com\/images\/G\/01\/x-locale\/common\/grey-pixel.gif\" class=\"a-lazy-loaded\" data-src=\"https:\/\/m.media-amazon.com\/images\/S\/aplus-media\/vc\/21c633fe-bdaa-4bee-bccb-34925b88fab5.__CR0,242,1013,313_PT0_SX970_V1___.jpg\"><\/p>\n<p>               <img decoding=\"async\" alt=\"Max.\" src=\"https:\/\/m.media-amazon.com\/images\/S\/aplus-media\/vc\/21c633fe-bdaa-4bee-bccb-34925b88fab5.__CR0,242,1013,313_PT0_SX970_V1___.jpg\"><\/p>\n<h3> Mehr Zeit und einfaches Aufladen. <\/h3>\n<p> Bis zu 14 Tage Akkulaufzeit f\u00fcr den normalen Gebrauch. Leicht aufzuladen mit magnetischen Ladeger\u00e4ten. <\/p>\n<p> <img decoding=\"async\" alt=\"Trageriemen\" src=\"https:\/\/images-na.ssl-images-amazon.com\/images\/G\/01\/x-locale\/common\/grey-pixel.gif\" class=\"a-lazy-loaded\" data-src=\"https:\/\/m.media-amazon.com\/images\/S\/aplus-media\/vc\/abaa3b24-d9f6-419d-9385-7a2e967835c6.__CR0,121,482,482_PT0_SX220_V1___.jpg\">\n                     <\/p>\n<p>                      <img decoding=\"async\" alt=\"Trageriemen\" src=\"https:\/\/m.media-amazon.com\/images\/S\/aplus-media\/vc\/abaa3b24-d9f6-419d-9385-7a2e967835c6.__CR0,121,482,482_PT0_SX220_V1___.jpg\"><\/p>\n<p> <img decoding=\"async\" alt=\"Sport-Tracking\" src=\"https:\/\/images-na.ssl-images-amazon.com\/images\/G\/01\/x-locale\/common\/grey-pixel.gif\" class=\"a-lazy-loaded\" data-src=\"https:\/\/m.media-amazon.com\/images\/S\/aplus-media\/vc\/6d77226c-896e-4dc9-8fd0-6ffcfed9e755.__CR162,0,743,743_PT0_SX220_V1___.jpg\">\n                     <\/p>\n<p>                      <img decoding=\"async\" alt=\"Sport-Tracking\" src=\"https:\/\/m.media-amazon.com\/images\/S\/aplus-media\/vc\/6d77226c-896e-4dc9-8fd0-6ffcfed9e755.__CR162,0,743,743_PT0_SX220_V1___.jpg\"><\/p>\n<p> <img decoding=\"async\" alt=\"Gesundheits\u00fcberwachung\" src=\"https:\/\/images-na.ssl-images-amazon.com\/images\/G\/01\/x-locale\/common\/grey-pixel.gif\" class=\"a-lazy-loaded\" data-src=\"https:\/\/m.media-amazon.com\/images\/S\/aplus-media\/vc\/495a61fd-95ca-41f8-b08a-794ae3a0d2bd.__CR54,0,797,797_PT0_SX220_V1___.jpg\">\n                     <\/p>\n<p>                      <img decoding=\"async\" alt=\"Gesundheits\u00fcberwachung\" src=\"https:\/\/m.media-amazon.com\/images\/S\/aplus-media\/vc\/495a61fd-95ca-41f8-b08a-794ae3a0d2bd.__CR54,0,797,797_PT0_SX220_V1___.jpg\"><\/p>\n<p> <img decoding=\"async\" alt=\"N\u00fctzliche Funktionen\" src=\"https:\/\/images-na.ssl-images-amazon.com\/images\/G\/01\/x-locale\/common\/grey-pixel.gif\" class=\"a-lazy-loaded\" data-src=\"https:\/\/m.media-amazon.com\/images\/S\/aplus-media\/vc\/2dca313b-11c6-4d3a-83d8-31270c7c20be.__CR0,15,784,784_PT0_SX220_V1___.jpg\">\n                     <\/p>\n<p>                      <img decoding=\"async\" alt=\"N\u00fctzliche Funktionen\" src=\"https:\/\/m.media-amazon.com\/images\/S\/aplus-media\/vc\/2dca313b-11c6-4d3a-83d8-31270c7c20be.__CR0,15,784,784_PT0_SX220_V1___.jpg\"><\/p>\n<p>                     Antibakterieller Gurt AG+  <\/p>\n<p class=\"a-size-small\"> Das TPU-Armband enth\u00e4lt Ag + antibakterielle Wirkstoffe, um die Haut von Keimen zu verhindern. <\/p>\n<p>                     Verbesserte Sport-Tracking.  <\/p>\n<p class=\"a-size-small\"> 30 Trainingsmodi zum Aufzeichnen Ihrer Herzfrequenz und verbrannten Kalorien, einschlie\u00dflich der beliebten \u00dcbungen wie HIIT, Pilates, Zumba. <\/p>\n<p>                     Aktualisierte Gesundheits\u00fcberwachung  <\/p>\n<p class=\"a-size-small\"> Der SpO2-Tracker kann den Blutsauerstoff erkennen, der f\u00fcr die Gesundheit von entscheidender Bedeutung ist. Schlaf\u00fcberwachung, die REM-Aufzeichnung, den ganzen Tag \u00fcber \u00dcberwachung und Herzfrequenzalarme aufzeichnen kann. <\/p>\n<p>                     N\u00fctzliche Funktionen  <\/p>\n<p class=\"a-size-small\"> Kamera-Steuerung, Musiksteuerung, inaktiver Alarm, Stern, PAI, \u00dcberwachung des Menstruationszyklus, Atmung. <\/p>\n<p>              <img decoding=\"async\" alt=\"Display\" src=\"https:\/\/images-na.ssl-images-amazon.com\/images\/G\/01\/x-locale\/common\/grey-pixel.gif\" class=\"a-lazy-loaded\" data-src=\"https:\/\/m.media-amazon.com\/images\/S\/aplus-media\/vc\/5cc9b7f0-f28b-49c9-8b8f-abb4913a7493.__CR0,115,1419,439_PT0_SX970_V1___.jpg\"><\/p>\n<p>               <img decoding=\"async\" alt=\"Display\" src=\"https:\/\/m.media-amazon.com\/images\/S\/aplus-media\/vc\/5cc9b7f0-f28b-49c9-8b8f-abb4913a7493.__CR0,115,1419,439_PT0_SX970_V1___.jpg\"><\/p>\n<h3> Verbesserte Vollbild-Anzeige. <\/h3>\n<p> 1,56 Zoll AMOLED-Display mit Vollansicht Hohe Aufl\u00f6sung von 326 PPI <\/p>\n<h3 class=\"a-size-extra-large a-spacing-base a-text-center\"> Spezifikationen: <\/h3>\n<p>                 Gewicht:<br \/>\n                 12,8 g ohne Riemen   <\/p>\n<p>                 Wasserdicht<br \/>\n                 5 ATM.   <\/p>\n<p>                 Art der Anzeige:<br \/>\n                 AMOLED   <\/p>\n<p>                 Bildschirmgr\u00f6\u00dfe:<br \/>\n                 1,56 Zoll   <\/p>\n<p>                 Aufl\u00f6sung<br \/>\n                 152 x 486, 326 PPI   <\/p>\n<p>                 Farbtiefe<br \/>\n                 16 Bit   <\/p>\n<p>                 Bildschirmhelligkeit<br \/>\n                 Bis zu 450 nit   <\/p>\n<p>                 RAM<br \/>\n                 2 MB   <\/p>\n<p>                 ROM.<br \/>\n                 32 MB   <\/p>\n<p>                 Art des Touchscreens<br \/>\n                 AMOLED + TP kapazitiver Touchscreen.   <\/p>\n<p>                 Material des Armbands:<br \/>\n                 TPU.   <\/p>\n<p>                 Drahtlose Konnektivit\u00e4t<br \/>\n                 BT5.0 BLE.   <\/p>\n<p>                 Sensoren<br \/>\n                 3-Achsen-Beschleunigungsmesser + 3 Achsen Gyroskop-Sensor.   <\/p>\n<p>                 Batterie<br \/>\n                 LiPo, 125 mAh   <\/p>\n<p>                 Standby-Zeit<br \/>\n                 14 Tage bei normalem Gebrauch.   <\/p>\n<p>                 Ladezeit:<br \/>\n                 \u2264 2 Stunden.   <\/p>\n<p>Sport-Tracking: 30 Trainingsmodi zur Aufzeichnung Ihrer Herzfrequenz und Ihres Kalorienverbrauchs, einschlie\u00dflich Pilates und Zumba; Gesundheits\u00fcberwachung: Mit SpO2-Tracking k\u00f6nnen Sie den f\u00fcr Ihre Gesundheit wichtigen Blutsauerstoffs\u00e4ttigungsgrad erkennen<br \/>Die Schlaf\u00fcberwachung kann die REM-Phase, das t\u00e4gliche Nickerchen und die Qualit\u00e4t der Schlafatmung aufzeichnen. T\u00e4gliche Herzfrequenz\u00fcberwachung auch<br \/>Antibakterielles Ag+-Armband; das TPU-Material im Inneren des Riemens enth\u00e4lt antibakterielle Ag+-Wirkstoffe, um die Haut vor Keimen zu sch\u00fctzen<br \/>Langfristige Nutzung und einfaches Laden: bis zu 14 Tage Akkulaufzeit bei Standardgebrauch; vereinfachtes Laden dank Magnetladeger\u00e4t; wasserdicht bis zu 5 ATM 50 m<br \/>Abteilungsname: Unisex f\u00fcr Erwachsene<br \/>\n<br \/>[ad_2]<\/p>\n","protected":false},"excerpt":{"rendered":"<p>Price: [price_with_discount](as of [price_update_date] &#8211; Details) [ad_1] Produktbeschreibung des Herstellers Mehr Zeit und einfaches Aufladen. Bis zu 14 Tage Akkulaufzeit f\u00fcr den normalen Gebrauch. Leicht aufzuladen mit magnetischen Ladeger\u00e4ten. Antibakterieller<\/p>\n","protected":false},"featured_media":15540,"comment_status":"open","ping_status":"closed","template":"","meta":[],"product_cat":[233],"product_tag":[275],"class_list":{"0":"post-15539","1":"product","2":"type-product","3":"status-publish","4":"has-post-thumbnail","6":"product_cat-fitness","7":"product_tag-activity-fitness-tracker","9":"first","10":"instock","11":"sale","12":"shipping-taxable","13":"product-type-external"},"aioseo_notices":[],"_links":{"self":[{"href":"https:\/\/topgetestet.de\/index.php?rest_route=\/wp\/v2\/product\/15539","targetHints":{"allow":["GET"]}}],"collection":[{"href":"https:\/\/topgetestet.de\/index.php?rest_route=\/wp\/v2\/product"}],"about":[{"href":"https:\/\/topgetestet.de\/index.php?rest_route=\/wp\/v2\/types\/product"}],"replies":[{"embeddable":true,"href":"https:\/\/topgetestet.de\/index.php?rest_route=%2Fwp%2Fv2%2Fcomments&post=15539"}],"wp:featuredmedia":[{"embeddable":true,"href":"https:\/\/topgetestet.de\/index.php?rest_route=\/wp\/v2\/media\/15540"}],"wp:attachment":[{"href":"https:\/\/topgetestet.de\/index.php?rest_route=%2Fwp%2Fv2%2Fmedia&parent=15539"}],"wp:term":[{"taxonomy":"product_cat","embeddable":true,"href":"https:\/\/topgetestet.de\/index.php?rest_route=%2Fwp%2Fv2%2Fproduct_cat&post=15539"},{"taxonomy":"product_tag","embeddable":true,"href":"https:\/\/topgetestet.de\/index.php?rest_route=%2Fwp%2Fv2%2Fproduct_tag&post=15539"}],"curies":[{"name":"wp","href":"https:\/\/api.w.org\/{rel}","templated":true}]}}