{"id":15411,"date":"2022-09-17T14:29:41","date_gmt":"2022-09-17T14:29:41","guid":{"rendered":"https:\/\/topgetestet.de\/?product=s-oliver-damen-ring-emailliert-ip-rose-edelstahl-zirkonia-weis"},"modified":"2022-09-17T14:29:41","modified_gmt":"2022-09-17T14:29:41","slug":"s-oliver-damen-ring-emailliert-ip-rose-edelstahl-zirkonia-weis","status":"publish","type":"product","link":"https:\/\/topgetestet.de\/?product=s-oliver-damen-ring-emailliert-ip-rose-edelstahl-zirkonia-weis","title":{"rendered":"s.Oliver Damen-Ring Emailliert IP Rose Edelstahl Zirkonia wei\u00df"},"content":{"rendered":"<p>Price: <span style=\"color:#b12704\">[price_with_discount]<\/span><br \/><i><small>(as of [price_update_date] &#8211; <span class=\"wp_automatic_amazon_disclaimer\" title=\"Product prices and availability are accurate as of the date\/time indicated and are subject to change. Any price and availability information displayed on [relevant Amazon Site(s), as applicable] at the time of purchase will apply to the purchase of this product.\">Details<\/span>)<\/small><\/i><\/p>\n<p><a href=\"https:\/\/amazon.de\/dp\/B01KJH0JMW?tag=topgetestet09-21\"><img decoding=\"async\" src=\"https:\/\/i.imgur.com\/ISRHEWs.png\"><\/a><br \/>\n[ad_1]<br \/>\n <span>Darf es etwas auff\u00e4lliger sein? Dann sind Sie mit diesem IP Rose beschichtetem Ring von s.Oliver bestens bedient. Der aus Edelstahl gefertigte Bandring ist mit vielen funkelnden Zirkonia (synth.) in reinem Wei\u00df besetzt. Zudem \u00fcberzeugt der Ring durch das Zusammenspiel des Ros\u00e9goldes und der wei\u00dfen Emaillierung. Durch diese Beschichtung ist dieses Schmuckst\u00fcck besonders kratzresistent und verspricht somit lange gl\u00e4nzend sch\u00f6n zu bleiben.<\/span> <br \/> Verpackungsabmessungen \u200f : \u200e  6.6 x 6.4 x 2.6 cm; 4.54 Gramm <br \/> Im Angebot von Amazon.de seit \u200f : \u200e  30. September 2016 <br \/> Hersteller \u200f : \u200e  s.Oliver <br \/> ASIN \u200f : \u200e  B01KJH0JMW <br \/> Modellnummer \u200f : \u200e  2012555 <\/p>\n<p>Mit emaillierter Beschichtung<br \/>Besetzt mit Zirkonia (synth.) in reinem Wei\u00df<br \/>Bandring aus IP ROSE beschichtetem Edelstahl<br \/>Bandring aus IP ROSE beschichtetem Edelstahl<br \/>Bandring aus IP ROSE beschichtetem Edelstahl<br \/>\n<br \/>[ad_2]<\/p>\n","protected":false},"excerpt":{"rendered":"<p>Price: [price_with_discount](as of [price_update_date] &#8211; Details) [ad_1] Darf es etwas auff\u00e4lliger sein? Dann sind Sie mit diesem IP Rose beschichtetem Ring von s.Oliver bestens bedient. Der aus Edelstahl gefertigte Bandring<\/p>\n","protected":false},"featured_media":15412,"comment_status":"open","ping_status":"closed","template":"","meta":[],"product_cat":[232],"product_tag":[],"class_list":{"0":"post-15411","1":"product","2":"type-product","3":"status-publish","4":"has-post-thumbnail","6":"product_cat-women-fashion","8":"first","9":"instock","10":"shipping-taxable","11":"product-type-external"},"aioseo_notices":[],"_links":{"self":[{"href":"https:\/\/topgetestet.de\/index.php?rest_route=\/wp\/v2\/product\/15411","targetHints":{"allow":["GET"]}}],"collection":[{"href":"https:\/\/topgetestet.de\/index.php?rest_route=\/wp\/v2\/product"}],"about":[{"href":"https:\/\/topgetestet.de\/index.php?rest_route=\/wp\/v2\/types\/product"}],"replies":[{"embeddable":true,"href":"https:\/\/topgetestet.de\/index.php?rest_route=%2Fwp%2Fv2%2Fcomments&post=15411"}],"wp:featuredmedia":[{"embeddable":true,"href":"https:\/\/topgetestet.de\/index.php?rest_route=\/wp\/v2\/media\/15412"}],"wp:attachment":[{"href":"https:\/\/topgetestet.de\/index.php?rest_route=%2Fwp%2Fv2%2Fmedia&parent=15411"}],"wp:term":[{"taxonomy":"product_cat","embeddable":true,"href":"https:\/\/topgetestet.de\/index.php?rest_route=%2Fwp%2Fv2%2Fproduct_cat&post=15411"},{"taxonomy":"product_tag","embeddable":true,"href":"https:\/\/topgetestet.de\/index.php?rest_route=%2Fwp%2Fv2%2Fproduct_tag&post=15411"}],"curies":[{"name":"wp","href":"https:\/\/api.w.org\/{rel}","templated":true}]}}