{"id":15251,"date":"2022-09-14T16:16:20","date_gmt":"2022-09-14T16:16:20","guid":{"rendered":"https:\/\/topgetestet.de\/?product=jack-jones-herren-jjigordon-jjshark-noos-sweatpants-viy-ps-hose"},"modified":"2022-09-14T16:16:20","modified_gmt":"2022-09-14T16:16:20","slug":"jack-jones-herren-jjigordon-jjshark-noos-sweatpants-viy-ps-hose","status":"publish","type":"product","link":"https:\/\/topgetestet.de\/?product=jack-jones-herren-jjigordon-jjshark-noos-sweatpants-viy-ps-hose","title":{"rendered":"JACK &#038; JONES Herren Jjigordon Jjshark Noos Sweatpants Viy Ps Hose"},"content":{"rendered":"<p>Price: <span style=\"color:#b12704\">[price_with_discount]<\/span><br \/><i><small>(as of [price_update_date] &#8211; <span class=\"wp_automatic_amazon_disclaimer\" title=\"Product prices and availability are accurate as of the date\/time indicated and are subject to change. Any price and availability information displayed on [relevant Amazon Site(s), as applicable] at the time of purchase will apply to the purchase of this product.\">Details<\/span>)<\/small><\/i><\/p>\n<p><a href=\"https:\/\/amazon.de\/dp\/B07ZJKZXZS?tag=topgetestet09-21\"><img decoding=\"async\" src=\"https:\/\/i.imgur.com\/ISRHEWs.png\"><\/a><br \/>\n[ad_1]<br \/>\n <span>Dieser Hoodie von JACK &amp; JONES l\u00e4sst keine W\u00fcsche offen. Der verstellbare Kapuze, die feine Baumwolle und die Rippenb\u00fcndchen sorgen f\u00fcr den Komfort. Das moderne, coole Design mit JACK &amp; JONES Schriftzug auf der Brust und die farblich abgehobenen Kordeln der Kapuze sind ein echter Hingucker.<\/span> <br \/> Auslaufartikel (Produktion durch Hersteller eingestellt) \u200f : \u200e  Nein <br \/> Produktabmessungen \u200f : \u200e  30 x 24 x 4 cm; 380 Gramm <br \/> Im Angebot von Amazon.de seit \u200f : \u200e  24. Oktober 2019 <br \/> Hersteller \u200f : \u200e  Jack &#038; Jones NOS <br \/> ASIN \u200f : \u200e  B07ZJLCY5P <br \/> Modellnummer \u200f : \u200e  12165332 <br \/> Kategorie \u200f : \u200e  Herren <\/p>\n<p>Tunnelzug<br \/>Normaler Bund<br \/>Verschluss: Tunnelzug<br \/>85% Baumwolle, 15% Viskose<br \/>Jogger<br \/>Pflegehinweis: keine Angabe<br \/>\n<br \/>[ad_2]<\/p>\n","protected":false},"excerpt":{"rendered":"<p>Price: [price_with_discount](as of [price_update_date] &#8211; Details) [ad_1] Dieser Hoodie von JACK &amp; JONES l\u00e4sst keine W\u00fcsche offen. Der verstellbare Kapuze, die feine Baumwolle und die Rippenb\u00fcndchen sorgen f\u00fcr den Komfort.<\/p>\n","protected":false},"featured_media":15252,"comment_status":"open","ping_status":"closed","template":"","meta":[],"product_cat":[231],"product_tag":[],"class_list":{"0":"post-15251","1":"product","2":"type-product","3":"status-publish","4":"has-post-thumbnail","6":"product_cat-mens-fashion","8":"first","9":"instock","10":"shipping-taxable","11":"product-type-external"},"aioseo_notices":[],"_links":{"self":[{"href":"https:\/\/topgetestet.de\/index.php?rest_route=\/wp\/v2\/product\/15251","targetHints":{"allow":["GET"]}}],"collection":[{"href":"https:\/\/topgetestet.de\/index.php?rest_route=\/wp\/v2\/product"}],"about":[{"href":"https:\/\/topgetestet.de\/index.php?rest_route=\/wp\/v2\/types\/product"}],"replies":[{"embeddable":true,"href":"https:\/\/topgetestet.de\/index.php?rest_route=%2Fwp%2Fv2%2Fcomments&post=15251"}],"wp:featuredmedia":[{"embeddable":true,"href":"https:\/\/topgetestet.de\/index.php?rest_route=\/wp\/v2\/media\/15252"}],"wp:attachment":[{"href":"https:\/\/topgetestet.de\/index.php?rest_route=%2Fwp%2Fv2%2Fmedia&parent=15251"}],"wp:term":[{"taxonomy":"product_cat","embeddable":true,"href":"https:\/\/topgetestet.de\/index.php?rest_route=%2Fwp%2Fv2%2Fproduct_cat&post=15251"},{"taxonomy":"product_tag","embeddable":true,"href":"https:\/\/topgetestet.de\/index.php?rest_route=%2Fwp%2Fv2%2Fproduct_tag&post=15251"}],"curies":[{"name":"wp","href":"https:\/\/api.w.org\/{rel}","templated":true}]}}