{"id":14714,"date":"2022-09-09T13:44:34","date_gmt":"2022-09-09T13:44:34","guid":{"rendered":"https:\/\/topgetestet.de\/?product=elli-damen-solitar-jahresring-925-sterling-silber-zirkonia-0603442018"},"modified":"2022-09-09T13:44:34","modified_gmt":"2022-09-09T13:44:34","slug":"elli-damen-solitar-jahresring-925-sterling-silber-zirkonia-0603442018","status":"publish","type":"product","link":"https:\/\/topgetestet.de\/?product=elli-damen-solitar-jahresring-925-sterling-silber-zirkonia-0603442018","title":{"rendered":"Elli Damen-Solit\u00e4r Jahresring 925 Sterling Silber zirkonia 0603442018"},"content":{"rendered":"<p>Price: <span style=\"color:#b12704\">[price_with_discount]<\/span><br \/><i><small>(as of [price_update_date] &#8211; <span class=\"wp_automatic_amazon_disclaimer\" title=\"Product prices and availability are accurate as of the date\/time indicated and are subject to change. Any price and availability information displayed on [relevant Amazon Site(s), as applicable] at the time of purchase will apply to the purchase of this product.\">Details<\/span>)<\/small><\/i><\/p>\n<p><a href=\"https:\/\/amazon.de\/dp\/B07D8V5R6S?tag=topgetestet09-21\"><img decoding=\"async\" src=\"https:\/\/i.imgur.com\/ISRHEWs.png\"><\/a><br \/>\n[ad_1]<br \/>\n Um die Gesamtbewertung der Sterne und die prozentuale Aufschl\u00fcsselung nach Sternen zu berechnen, verwenden wir keinen einfachen Durchschnitt. Stattdessen ber\u00fccksichtigt unser System beispielsweise, wie aktuell eine Bewertung ist und ob der Pr\u00fcfer den Artikel bei Amazon gekauft hat. Es wurden auch Bewertungen analysiert, um die Vertrauensw\u00fcrdigkeit zu \u00fcberpr\u00fcfen. <br \/> Auslaufartikel (Produktion durch Hersteller eingestellt) \u200f : \u200e  Nein <br \/> Produktabmessungen \u200f : \u200e  5.2 x 0.9 x 0.5 cm; 1.8 Gramm <br \/> Im Angebot von Amazon.de seit \u200f : \u200e  6. Juni 2018 <br \/> Hersteller \u200f : \u200e  Elli <br \/> ASIN \u200f : \u200e  B07D8YH1T8 <br \/> Modellnummer \u200f : \u200e  0603442018_52 <br \/> Kategorie \u200f : \u200e  Damen <\/p>\n<p>DETAILS: Unsere Elli Ringe gibt es auch in 925er Sterling Silber vergoldet. Alle Schmuckteile sind anlaufgesch\u00fctzt &#038; werden in einer Stoff-Pouch geliefert<br \/>JEDES SCHMUCKTEIL VON HAND GEFERTIGT: Unsere Schmuckst\u00fccke werden in liebevoller Handarbeit gr\u00f6\u00dftenteils auf Bali in Indonesien hergestellt, auf Hochglanz poliert und sorgf\u00e4ltig auf Qualit\u00e4t gepr\u00fcft<br \/>STILVOLL &#038; TRENDY: Unsere Elli Schmuckst\u00fccke zeichnen sich durch \u00e4sthetische Designs, hochwertige Qualit\u00e4t und Detailgenauigkeit aus. Elli ist perfekt f\u00fcr alle Frauen, die Schmuck lieben!<br \/>GRO\u00dfARTIGE GESCHENKIDEE: Unsere sch\u00f6nen Schmuckst\u00fccke eignen sich hervorragend als Geschenk f\u00fcr Anl\u00e4sse wie Weihnachten, Geburtstag, Valentinstag, Verlobung oder zum Jahrestag<br \/>\n<br \/>[ad_2]<\/p>\n","protected":false},"excerpt":{"rendered":"<p>Price: [price_with_discount](as of [price_update_date] &#8211; Details) [ad_1] Um die Gesamtbewertung der Sterne und die prozentuale Aufschl\u00fcsselung nach Sternen zu berechnen, verwenden wir keinen einfachen Durchschnitt. Stattdessen ber\u00fccksichtigt unser System beispielsweise,<\/p>\n","protected":false},"featured_media":14715,"comment_status":"open","ping_status":"closed","template":"","meta":[],"product_cat":[232],"product_tag":[],"class_list":{"0":"post-14714","1":"product","2":"type-product","3":"status-publish","4":"has-post-thumbnail","6":"product_cat-women-fashion","8":"first","9":"instock","10":"shipping-taxable","11":"product-type-external"},"aioseo_notices":[],"_links":{"self":[{"href":"https:\/\/topgetestet.de\/index.php?rest_route=\/wp\/v2\/product\/14714","targetHints":{"allow":["GET"]}}],"collection":[{"href":"https:\/\/topgetestet.de\/index.php?rest_route=\/wp\/v2\/product"}],"about":[{"href":"https:\/\/topgetestet.de\/index.php?rest_route=\/wp\/v2\/types\/product"}],"replies":[{"embeddable":true,"href":"https:\/\/topgetestet.de\/index.php?rest_route=%2Fwp%2Fv2%2Fcomments&post=14714"}],"wp:featuredmedia":[{"embeddable":true,"href":"https:\/\/topgetestet.de\/index.php?rest_route=\/wp\/v2\/media\/14715"}],"wp:attachment":[{"href":"https:\/\/topgetestet.de\/index.php?rest_route=%2Fwp%2Fv2%2Fmedia&parent=14714"}],"wp:term":[{"taxonomy":"product_cat","embeddable":true,"href":"https:\/\/topgetestet.de\/index.php?rest_route=%2Fwp%2Fv2%2Fproduct_cat&post=14714"},{"taxonomy":"product_tag","embeddable":true,"href":"https:\/\/topgetestet.de\/index.php?rest_route=%2Fwp%2Fv2%2Fproduct_tag&post=14714"}],"curies":[{"name":"wp","href":"https:\/\/api.w.org\/{rel}","templated":true}]}}