{"id":14695,"date":"2022-09-09T13:35:20","date_gmt":"2022-09-09T13:35:20","guid":{"rendered":"https:\/\/topgetestet.de\/?product=asics-herren-gel-nimbus-24-running-shoe-3"},"modified":"2022-09-09T13:35:20","modified_gmt":"2022-09-09T13:35:20","slug":"asics-herren-gel-nimbus-24-running-shoe-3","status":"publish","type":"product","link":"https:\/\/topgetestet.de\/?product=asics-herren-gel-nimbus-24-running-shoe-3","title":{"rendered":"ASICS Herren Gel-Nimbus 24 Running Shoe"},"content":{"rendered":"<p>Price: <span style=\"color:#b12704\">[price_with_discount]<\/span><br \/><i><small>(as of [price_update_date] &#8211; <span class=\"wp_automatic_amazon_disclaimer\" title=\"Product prices and availability are accurate as of the date\/time indicated and are subject to change. Any price and availability information displayed on [relevant Amazon Site(s), as applicable] at the time of purchase will apply to the purchase of this product.\">Details<\/span>)<\/small><\/i><\/p>\n<p><a href=\"https:\/\/amazon.de\/dp\/B094XVFWZ2?tag=topgetestet09-21\"><img decoding=\"async\" src=\"https:\/\/i.imgur.com\/ISRHEWs.png\"><\/a><br \/>\n[ad_1]<br \/>\n <span>Der GEL-NIMBUS\u00ae 24-Schuh bietet fortschrittlichen Aufprallschutz f\u00fcr Ihr Langstreckentraining. Er sorgt f\u00fcr eine weichere Landung bei jedem Schritt und ist zudem ca. 20 g leichter als die Vorg\u00e4ngerversion. Das weiche Mesh-Obermaterial und der flexible Mittelfu\u00dfbereich machen diesen Schuh bei langen L\u00e4ufen noch komfortabler. Sie bewegen sich nahtlos mit dem Fu\u00df und sorgen daf\u00fcr, dass sich jeder Schritt geschmeidiger anf\u00fchlt. Die FF BLAST PLUS\u2122 D\u00e4mpfung h\u00e4lt den Schuh leicht und sorgt f\u00fcr ein weicheres Gef\u00fchl unter den F\u00fc\u00dfen. Dieses Material tr\u00e4gt auch dazu bei, die Rebound-Eigenschaften des Schuhs in der Zehenabdruckphase zu erh\u00f6hen.<\/span> <br \/> Produktabmessungen \u200f : \u200e  22.9 x 10.8 x 8.3 cm; 650 Gramm <br \/> Im Angebot von Amazon.de seit \u200f : \u200e  2. Dezember 2021 <br \/> Hersteller \u200f : \u200e  Asics <br \/> ASIN \u200f : \u200e  B09MWJNHC8 <br \/> Modellnummer \u200f : \u200e  1011B359-401 <br \/> Kategorie \u200f : \u200e  Herren <\/p>\n<p>Innenmaterial: Synthetic<br \/>Sohle: Gummi<br \/>Verschluss: Schn\u00fcrung<br \/>Absatzh\u00f6he: 25 Millimeter<br \/>Absatzform: Kein Absatz<br \/>Schuhweite: Normale<br \/>\n<br \/>[ad_2]<\/p>\n","protected":false},"excerpt":{"rendered":"<p>Price: [price_with_discount](as of [price_update_date] &#8211; Details) [ad_1] Der GEL-NIMBUS\u00ae 24-Schuh bietet fortschrittlichen Aufprallschutz f\u00fcr Ihr Langstreckentraining. Er sorgt f\u00fcr eine weichere Landung bei jedem Schritt und ist zudem ca. 20<\/p>\n","protected":false},"featured_media":14696,"comment_status":"open","ping_status":"closed","template":"","meta":[],"product_cat":[234],"product_tag":[235],"class_list":{"0":"post-14695","1":"product","2":"type-product","3":"status-publish","4":"has-post-thumbnail","6":"product_cat-shoes","7":"product_tag-mens-road-running-shoes","9":"first","10":"instock","11":"shipping-taxable","12":"product-type-external"},"aioseo_notices":[],"_links":{"self":[{"href":"https:\/\/topgetestet.de\/index.php?rest_route=\/wp\/v2\/product\/14695","targetHints":{"allow":["GET"]}}],"collection":[{"href":"https:\/\/topgetestet.de\/index.php?rest_route=\/wp\/v2\/product"}],"about":[{"href":"https:\/\/topgetestet.de\/index.php?rest_route=\/wp\/v2\/types\/product"}],"replies":[{"embeddable":true,"href":"https:\/\/topgetestet.de\/index.php?rest_route=%2Fwp%2Fv2%2Fcomments&post=14695"}],"wp:featuredmedia":[{"embeddable":true,"href":"https:\/\/topgetestet.de\/index.php?rest_route=\/wp\/v2\/media\/14696"}],"wp:attachment":[{"href":"https:\/\/topgetestet.de\/index.php?rest_route=%2Fwp%2Fv2%2Fmedia&parent=14695"}],"wp:term":[{"taxonomy":"product_cat","embeddable":true,"href":"https:\/\/topgetestet.de\/index.php?rest_route=%2Fwp%2Fv2%2Fproduct_cat&post=14695"},{"taxonomy":"product_tag","embeddable":true,"href":"https:\/\/topgetestet.de\/index.php?rest_route=%2Fwp%2Fv2%2Fproduct_tag&post=14695"}],"curies":[{"name":"wp","href":"https:\/\/api.w.org\/{rel}","templated":true}]}}