{"id":14648,"date":"2022-09-09T13:20:55","date_gmt":"2022-09-09T13:20:55","guid":{"rendered":"https:\/\/topgetestet.de\/?product=gotham-knights-special-edition-playstation-5"},"modified":"2022-09-09T13:20:55","modified_gmt":"2022-09-09T13:20:55","slug":"gotham-knights-special-edition-playstation-5","status":"publish","type":"product","link":"https:\/\/topgetestet.de\/?product=gotham-knights-special-edition-playstation-5","title":{"rendered":"Gotham Knights Special Edition (PlayStation 5)"},"content":{"rendered":"<p>Price: <span style=\"color:#b12704\">[price_with_discount]<\/span><br \/><i><small>(as of [price_update_date] &#8211; <span class=\"wp_automatic_amazon_disclaimer\" title=\"Product prices and availability are accurate as of the date\/time indicated and are subject to change. Any price and availability information displayed on [relevant Amazon Site(s), as applicable] at the time of purchase will apply to the purchase of this product.\">Details<\/span>)<\/small><\/i><\/p>\n<p><a href=\"https:\/\/amazon.de\/dp\/B0B122KVF2?tag=topgetestet09-21\"><img decoding=\"async\" src=\"https:\/\/i.imgur.com\/ISRHEWs.png\"><\/a><br \/>\n[ad_1]<br \/>\n <span>Eine neue, weitreichende kriminelle Unterwelt hat sich in den Stra\u00dfen von Gotham City ausgebreitet. Es liegt nun an der Batman-Familie &#8211; Batgirl, Nightwing, Red Hood und Robin &#8211; Gotham zu besch\u00fctzen und Hoffnung zu ihren Einwohnern, Disziplin zu ihren Polizisten und Furcht zu ihren Kriminellen zu bringen. L\u00f6se R\u00e4tsel, die die dunkelsten Kapitel der Geschichte der Stadt verbinden und besiege ber\u00fcchtigte Schurken in epischen Konfrontationen. <br \/>Gotham Knights ist ein Open-World Action-Rollenspiel, das in der bis jetzt dynamischsten und interaktivsten Version von Gotham City stattfindet. Du kannst entweder allein oder mit einem anderen Helden zusammen die f\u00fcnf verschiedenen Stadtteile von Gotham patrouillieren und kriminelle Aktivit\u00e4t beenden, wann immer du sie findest. <br \/>Dein Verm\u00e4chtnis beginnt jetzt. Werde zum Ritter der Nacht.<\/p>\n<p>FEATURES:<br \/>Spiele die neue Garde von DC-Superhelden &#8211; Schl\u00fcpfe in die Rolle von Batgirl, Nightwing, Red Hood und Robin und gestalte Gothams neueste Besch\u00fctzer, um deine eigene Version des Dark Knights zu erschaffen.<\/p>\n<p>Eine originelle Geschichte voller Action in DCs Batman-Universum &#8211; Diese neue \u00c4ra an Helden agiert vom Glockenturm aus und muss Geheimnisse l\u00fcften, die zu den dunkelsten Kapiteln von Gothams Vergangenheit f\u00fchren. Erkunde alles von himmelhohen T\u00fcrmen bis hin zum kriminellen Netzwerk der Unterwelt. Erlebe detailreiche Geschichtsstr\u00e4nge, darunter auch direkte K\u00e4mpfe gegen die ber\u00fcchtigsten DC-Superschurken wie Mr. Freeze, der ganz Gotham City im Eis versinken lassen m\u00f6chte.<\/p>\n<p>Erkunde ein Open-World-Gotham-City und k\u00e4mpfe gegen das Verbrechen &#8211; Patrouilliere die dunklen Stra\u00dfen f\u00fcnf unterschiedlicher Bezirke in einem dynamischen und interaktiven Gotham mit einer Vielfalt an Bewegungsf\u00e4higkeiten, heldenhaften Kampftechniken und dem kultigen Batbike. Rette die Stadt vor dem totalen Chaos und erlebe alles von Verbrechensbek\u00e4mpfung in den Stra\u00dfen bis hin zu K\u00e4mpfen gegen kultige DC-Superschurken.<\/p>\n<p>Einzigartige Charakterf\u00e4higkeiten und Anpassung &#8211; Jeder Held hat einzigartige F\u00e4higkeiten, Ausr\u00fcstung, Waffen und einen individualisierbaren Anzug. Batgirl setzt ihren Tonfa ein, Nightwing k\u00e4mpft mit seinen Escrima-Sticks, Red Hood ist nahezu \u00fcbermenschlich stark und Robin zeigt sein K\u00f6nnen mit dem zusammenklappbaren Kampfstab. <\/p>\n<p>Bilde ein Team im Online-Koop &#8211; Spiele Gotham Knights alleine oder verb\u00fcnde dich mit einem Freund, um zu zweit im Online-Koop Gotham City zu besch\u00fctzen.<\/p>\n<p>Inhalt der Special Edition: Das Spiel &#8220;Gotham Knights&#8221; und ein exklusives Steelcase sowie in der Erstauflage den &#8220;Batcycle -Skin DLC&#8221;<\/span> <br \/> Alterseinstufung \u200f : \u200e  USK ab 16 freigegeben <br \/> Sprache \u200f : \u200e  Englisch, Franz\u00f6sisch, Deutsch, Italienisch, Spanisch <br \/> Handbuch \u200f : \u200e  Deutsch <br \/> Verpackungsabmessungen \u200f : \u200e  17.1 x 13.5 x 1.5 cm; 80 Gramm <br \/> Erscheinungstermin \u200f : \u200e  21. Oktober 2022 <br \/> Untertitel: \u200f : \u200e  Englisch, Franz\u00f6sisch, Deutsch, Italienisch, Spanisch <br \/> ASIN \u200f : \u200e  B0B122KVF2 <br \/> Herkunftsland \u200f : \u200e  Deutschland <\/p>\n<p>Bilde ein Team im Online-Koop &#8211; Spiele Gotham Knights alleine oder verb\u00fcnde dich mit einem Freund<br \/>Einzigartige Charakterf\u00e4higkeiten und Anpassung &#8211; Jeder Held hat einzigartige F\u00e4higkeiten, Ausr\u00fcstung, Waffen und einen individualisierbaren Anzug<br \/>Inhalt der Special Edition: Das Spiel &#8220;Gotham Knights&#8221; und ein exklusives Steelcase<br \/>\n<br \/>[ad_2]<\/p>\n","protected":false},"excerpt":{"rendered":"<p>Price: [price_with_discount](as of [price_update_date] &#8211; Details) [ad_1] Eine neue, weitreichende kriminelle Unterwelt hat sich in den Stra\u00dfen von Gotham City ausgebreitet. Es liegt nun an der Batman-Familie &#8211; Batgirl, Nightwing,<\/p>\n","protected":false},"featured_media":14649,"comment_status":"open","ping_status":"closed","template":"","meta":[],"product_cat":[227],"product_tag":[261],"class_list":{"0":"post-14648","1":"product","2":"type-product","3":"status-publish","4":"has-post-thumbnail","6":"product_cat-gaming","7":"product_tag-playstation-legacy-games","9":"first","10":"instock","11":"shipping-taxable","12":"product-type-external"},"aioseo_notices":[],"_links":{"self":[{"href":"https:\/\/topgetestet.de\/index.php?rest_route=\/wp\/v2\/product\/14648","targetHints":{"allow":["GET"]}}],"collection":[{"href":"https:\/\/topgetestet.de\/index.php?rest_route=\/wp\/v2\/product"}],"about":[{"href":"https:\/\/topgetestet.de\/index.php?rest_route=\/wp\/v2\/types\/product"}],"replies":[{"embeddable":true,"href":"https:\/\/topgetestet.de\/index.php?rest_route=%2Fwp%2Fv2%2Fcomments&post=14648"}],"wp:featuredmedia":[{"embeddable":true,"href":"https:\/\/topgetestet.de\/index.php?rest_route=\/wp\/v2\/media\/14649"}],"wp:attachment":[{"href":"https:\/\/topgetestet.de\/index.php?rest_route=%2Fwp%2Fv2%2Fmedia&parent=14648"}],"wp:term":[{"taxonomy":"product_cat","embeddable":true,"href":"https:\/\/topgetestet.de\/index.php?rest_route=%2Fwp%2Fv2%2Fproduct_cat&post=14648"},{"taxonomy":"product_tag","embeddable":true,"href":"https:\/\/topgetestet.de\/index.php?rest_route=%2Fwp%2Fv2%2Fproduct_tag&post=14648"}],"curies":[{"name":"wp","href":"https:\/\/api.w.org\/{rel}","templated":true}]}}