{"id":14534,"date":"2022-09-09T12:45:42","date_gmt":"2022-09-09T12:45:42","guid":{"rendered":"https:\/\/topgetestet.de\/?product=altra-olympus-4-laufschuhe-herren-schwarz-weis-2022-laufsport-schuhe"},"modified":"2022-09-09T12:45:42","modified_gmt":"2022-09-09T12:45:42","slug":"altra-olympus-4-laufschuhe-herren-schwarz-weis-2022-laufsport-schuhe","status":"publish","type":"product","link":"https:\/\/topgetestet.de\/?product=altra-olympus-4-laufschuhe-herren-schwarz-weis-2022-laufsport-schuhe","title":{"rendered":"ALTRA Olympus 4 Laufschuhe Herren schwarz\/wei\u00df 2022 Laufsport Schuhe"},"content":{"rendered":"<p>Price: <span style=\"color:#b12704\">[price_with_discount]<\/span><br \/><i><small>(as of [price_update_date] &#8211; <span class=\"wp_automatic_amazon_disclaimer\" title=\"Product prices and availability are accurate as of the date\/time indicated and are subject to change. Any price and availability information displayed on [relevant Amazon Site(s), as applicable] at the time of purchase will apply to the purchase of this product.\">Details<\/span>)<\/small><\/i><\/p>\n<p><a href=\"https:\/\/amazon.de\/dp\/B08RCLG1N3?tag=topgetestet09-21\"><img decoding=\"async\" src=\"https:\/\/i.imgur.com\/ISRHEWs.png\"><\/a><br \/>\n[ad_1]<br \/>\n <span>Der Trail wird nicht wissen, wie ihm geschieht mit dem neuen Olympus 4. Dieses neue Modell hat einen neuen Look und alles, was man f\u00fcr ein neues Trail-Abenteuer braucht. Das atmungsaktive, langlebige Mesh-Obermaterial ist mit einer Premium-Zunge f\u00fcr ein ma\u00dfgeschneidertes, verschlossenes Gef\u00fchl komplett. Die Vibram MegaGrip-Au\u00dfensohle zeichnet sich sowohl bei nassen als auch bei trockenen Bedingungen aus, w\u00e4hrend die leistungsstarke InnerFlex-Zwischensohle komfortable Flexibilit\u00e4t bietet. Befestige die Gamaschen in der GaiterTrap und mach dich auf den Weg mit dem Olympus 4 mit maximaler D\u00e4mpfung, maximalem Komfort und maximaler Leistung.FootShape ZehenboxTraditionelle Laufschuhe verf\u00fcgen \u00fcber spitze Zehenboxen, die die Zehen aus ihrer nat\u00fcrlichen Position herausdr\u00fccken &#8211; ein erh\u00f6htes Risiko f\u00fcr Ballen, Hammerzehen und Plantarfasziitis. Mit der FootShape Zehenbox von Altra k\u00f6nnen sich die Zehen auf nat\u00fcrliche Weise entspannen und ausbreiten und die Gro\u00dfzehe bleibt in einer geraden Position. Dies reduziert die \u00dcberpronation, erh\u00f6ht die Stabilit\u00e4t und sorgt f\u00fcr eine kraftvollen Antrieb, um die Laufleistung zu maximieren.Balanced Cushioning PlatformPlatziert die Ferse und den Vorderfu\u00df im gleichen Abstand zum Boden, um eine korrekte und schonende Haltungw\u00e4hrend deines Trail-Laufs zu gew\u00e4hrleisten.Gaiter TrapKlettlaschen erm\u00f6glichen eine tr\u00e4gerlose Gamaschenbefestigung, die verhindert, dass sich Ablagerungen unter dem Schuh ansammeln.Vibram MegaGripEine hochleistungsf\u00e4hige, klebrige Gummimischung mit unvergleichlichem Grip auf nassen und trockenen Oberfl\u00e4chen, robuster Langlebigkeit und optimaler Bodenanpassung.InnerFlexDie gitterartigen Rillen in der Zwischensohle machen den Schuh leicht und bieten dem Fu\u00df gleichzeitig den n\u00f6tigen Flex f\u00fcr mehr Geschwindigkeit und bessere Leistung&#8230;.<\/span> <br \/> Verpackungsabmessungen \u200f : \u200e  31.5 x 22 x 11.81 cm; 257.98 Gramm <br \/> Im Angebot von Amazon.de seit \u200f : \u200e  13. Februar 2021 <br \/> Hersteller \u200f : \u200e  Altra Footwear <br \/> ASIN \u200f : \u200e  B08RCKWWW7 <br \/> Modellnummer \u200f : \u200e  AL0A4VQL <br \/> Kategorie \u200f : \u200e  Herren <\/p>\n<p>Verschluss: Schn\u00fcrung<br \/>Absatzform: Flach<br \/>Materialzusammensetzung: 100 % Synthetik<br \/>Schuhweite: Medium<br \/>\n<br \/>[ad_2]<\/p>\n","protected":false},"excerpt":{"rendered":"<p>Price: [price_with_discount](as of [price_update_date] &#8211; Details) [ad_1] Der Trail wird nicht wissen, wie ihm geschieht mit dem neuen Olympus 4. Dieses neue Modell hat einen neuen Look und alles, was<\/p>\n","protected":false},"featured_media":14535,"comment_status":"open","ping_status":"closed","template":"","meta":[],"product_cat":[234],"product_tag":[235],"class_list":{"0":"post-14534","1":"product","2":"type-product","3":"status-publish","4":"has-post-thumbnail","6":"product_cat-shoes","7":"product_tag-mens-road-running-shoes","9":"first","10":"instock","11":"shipping-taxable","12":"product-type-external"},"aioseo_notices":[],"_links":{"self":[{"href":"https:\/\/topgetestet.de\/index.php?rest_route=\/wp\/v2\/product\/14534","targetHints":{"allow":["GET"]}}],"collection":[{"href":"https:\/\/topgetestet.de\/index.php?rest_route=\/wp\/v2\/product"}],"about":[{"href":"https:\/\/topgetestet.de\/index.php?rest_route=\/wp\/v2\/types\/product"}],"replies":[{"embeddable":true,"href":"https:\/\/topgetestet.de\/index.php?rest_route=%2Fwp%2Fv2%2Fcomments&post=14534"}],"wp:featuredmedia":[{"embeddable":true,"href":"https:\/\/topgetestet.de\/index.php?rest_route=\/wp\/v2\/media\/14535"}],"wp:attachment":[{"href":"https:\/\/topgetestet.de\/index.php?rest_route=%2Fwp%2Fv2%2Fmedia&parent=14534"}],"wp:term":[{"taxonomy":"product_cat","embeddable":true,"href":"https:\/\/topgetestet.de\/index.php?rest_route=%2Fwp%2Fv2%2Fproduct_cat&post=14534"},{"taxonomy":"product_tag","embeddable":true,"href":"https:\/\/topgetestet.de\/index.php?rest_route=%2Fwp%2Fv2%2Fproduct_tag&post=14534"}],"curies":[{"name":"wp","href":"https:\/\/api.w.org\/{rel}","templated":true}]}}