{"id":14377,"date":"2022-09-09T11:20:29","date_gmt":"2022-09-09T11:20:29","guid":{"rendered":"https:\/\/topgetestet.de\/?product=fusskleidung-damen-herren-sportschuhe-dampfung-sneaker-leichte-laufschuhe"},"modified":"2022-09-09T11:20:29","modified_gmt":"2022-09-09T11:20:29","slug":"fusskleidung-damen-herren-sportschuhe-dampfung-sneaker-leichte-laufschuhe","status":"publish","type":"product","link":"https:\/\/topgetestet.de\/?product=fusskleidung-damen-herren-sportschuhe-dampfung-sneaker-leichte-laufschuhe","title":{"rendered":"Fusskleidung\u00ae Damen Herren Sportschuhe D\u00e4mpfung Sneaker leichte Laufschuhe"},"content":{"rendered":"<p>Price: <span style=\"color:#b12704\">[price_with_discount]<\/span><br \/><i><small>(as of [price_update_date] &#8211; <span class=\"wp_automatic_amazon_disclaimer\" title=\"Product prices and availability are accurate as of the date\/time indicated and are subject to change. Any price and availability information displayed on [relevant Amazon Site(s), as applicable] at the time of purchase will apply to the purchase of this product.\">Details<\/span>)<\/small><\/i><\/p>\n<p><a href=\"https:\/\/amazon.de\/dp\/B093Q2H725?tag=topgetestet09-21\"><img decoding=\"async\" src=\"https:\/\/i.imgur.com\/ISRHEWs.png\"><\/a><br \/>\n[ad_1]<br \/>\n Wir von Fusskleidung sind ein junges deutsches Start Up Unternehmen aus dem Herzen des Rheinlands, Andernach. In unserem Shop findest du viele verschiedene Schuhe bis Schuhgr\u00f6\u00dfe 50, unter anderem Sneaker, Wanderschuhe, Clogs und noch vieles mehr! <br \/> Im Angebot von Amazon.de seit \u200f : \u200e  28. April 2021 <br \/> ASIN \u200f : \u200e  B093Q1KLTX <br \/> Modellnummer \u200f : \u200e  2097 <br \/> Kategorie \u200f : \u200e  Unisex <\/p>\n<p>Innenmaterial: \u2705 WECHSELBARE EINLAGEN &#8211; das ergonomische Fu\u00dfbett kann zum Reinigen, L\u00fcften oder Wechseln m\u00fchelos aus dem Schuh entfernt werden.<br \/>Sohle: \u2705 GED\u00c4MPFTE SOHLE &#8211; dank der vorteilhaften Luftpolsterung ist der federleichte Sportschuh angenehm ged\u00e4mpft und absorbiert somit die unangenehmen Aufprallkr\u00e4fte.<br \/>Verschluss: \u2705 OPTIMALE PASSFORM &#8211; mit den stabilen Schn\u00fcrsenkeln hast du die volle Flexibilit\u00e4t und kannst deinen Fu\u00df so stark fixieren, wie du es m\u00f6chtest. Auch f\u00fcr breite F\u00fc\u00dfe geeignet.<br \/>Absatzh\u00f6he: 4 cm<br \/>Absatzform: Flach<br \/>Schuhweite: Normal<br \/>\n<br \/>[ad_2]<\/p>\n","protected":false},"excerpt":{"rendered":"<p>Price: [price_with_discount](as of [price_update_date] &#8211; Details) [ad_1] Wir von Fusskleidung sind ein junges deutsches Start Up Unternehmen aus dem Herzen des Rheinlands, Andernach. In unserem Shop findest du viele verschiedene<\/p>\n","protected":false},"featured_media":14378,"comment_status":"open","ping_status":"closed","template":"","meta":[],"product_cat":[234],"product_tag":[235],"class_list":{"0":"post-14377","1":"product","2":"type-product","3":"status-publish","4":"has-post-thumbnail","6":"product_cat-shoes","7":"product_tag-mens-road-running-shoes","9":"first","10":"instock","11":"shipping-taxable","12":"product-type-external"},"aioseo_notices":[],"_links":{"self":[{"href":"https:\/\/topgetestet.de\/index.php?rest_route=\/wp\/v2\/product\/14377","targetHints":{"allow":["GET"]}}],"collection":[{"href":"https:\/\/topgetestet.de\/index.php?rest_route=\/wp\/v2\/product"}],"about":[{"href":"https:\/\/topgetestet.de\/index.php?rest_route=\/wp\/v2\/types\/product"}],"replies":[{"embeddable":true,"href":"https:\/\/topgetestet.de\/index.php?rest_route=%2Fwp%2Fv2%2Fcomments&post=14377"}],"wp:featuredmedia":[{"embeddable":true,"href":"https:\/\/topgetestet.de\/index.php?rest_route=\/wp\/v2\/media\/14378"}],"wp:attachment":[{"href":"https:\/\/topgetestet.de\/index.php?rest_route=%2Fwp%2Fv2%2Fmedia&parent=14377"}],"wp:term":[{"taxonomy":"product_cat","embeddable":true,"href":"https:\/\/topgetestet.de\/index.php?rest_route=%2Fwp%2Fv2%2Fproduct_cat&post=14377"},{"taxonomy":"product_tag","embeddable":true,"href":"https:\/\/topgetestet.de\/index.php?rest_route=%2Fwp%2Fv2%2Fproduct_tag&post=14377"}],"curies":[{"name":"wp","href":"https:\/\/api.w.org\/{rel}","templated":true}]}}