{"id":14149,"date":"2022-09-09T10:01:23","date_gmt":"2022-09-09T10:01:23","guid":{"rendered":"https:\/\/topgetestet.de\/?product=stiefelparadies-unisex-damen-herren-sneaker-low-ubergrosen-flandell"},"modified":"2022-09-09T10:01:23","modified_gmt":"2022-09-09T10:01:23","slug":"stiefelparadies-unisex-damen-herren-sneaker-low-ubergrosen-flandell","status":"publish","type":"product","link":"https:\/\/topgetestet.de\/?product=stiefelparadies-unisex-damen-herren-sneaker-low-ubergrosen-flandell","title":{"rendered":"stiefelparadies Unisex Damen Herren Sneaker Low \u00dcbergr\u00f6\u00dfen Flandell"},"content":{"rendered":"<p>Price: <span style=\"color:#b12704\">[price_with_discount]<\/span><br \/><i><small>(as of [price_update_date] &#8211; <span class=\"wp_automatic_amazon_disclaimer\" title=\"Product prices and availability are accurate as of the date\/time indicated and are subject to change. Any price and availability information displayed on [relevant Amazon Site(s), as applicable] at the time of purchase will apply to the purchase of this product.\">Details<\/span>)<\/small><\/i><\/p>\n<p><a href=\"https:\/\/amazon.de\/dp\/B079J3P8DW?tag=topgetestet09-21\"><img decoding=\"async\" src=\"https:\/\/i.imgur.com\/ISRHEWs.png\"><\/a><br \/>\n[ad_1]<br \/>\n <span class=\"a-text-bold\">* Geschlecht<\/span><span> Damen<br \/><\/span><span class=\"a-text-bold\">* Schuhe<\/span><span> Sneakers<br \/><\/span><span class=\"a-text-bold\">* Schuh (Modell)<\/span><span> Sneakers low<br \/><\/span><span class=\"a-text-bold\">* Jahreszeit<\/span><span> Fr\u00fchling, Sommer, Herbst<br \/><\/span><span class=\"a-text-bold\">* F\u00fctterung (Futterst\u00e4rke)<\/span><span> Nicht gef\u00fcttert<br \/><\/span><span class=\"a-text-bold\">* F\u00fctterung (durchgehend)<\/span><span> Nein<br \/><\/span><span class=\"a-text-bold\">* Obermaterial<\/span><span> Kunststoff<br \/><\/span><span class=\"a-text-bold\">* Innenmaterial<\/span><span> Textil, 100% Polyester<br \/><\/span><span class=\"a-text-bold\">* Decksohle<\/span><span> Textil<br \/><\/span><span class=\"a-text-bold\">* Laufsohle<\/span><span> Sonstiges Material<br \/><\/span><span class=\"a-text-bold\">* Plateau H\u00f6he (cm)<\/span><span> Keine Angabe<br \/><\/span><span class=\"a-text-bold\">* Absatz (Form)<\/span><span> Flach<br \/><\/span><span class=\"a-text-bold\">* Schuhspitze (Form)<\/span><span> Rund<br \/><\/span><span class=\"a-text-bold\">* L\u00e4nge Innensohle (cm)<\/span><span> 24,5<br \/><\/span><span class=\"a-text-bold\">* Absatzh\u00f6he (cm)<\/span><span> 2,5<br \/><\/span><span class=\"a-text-bold\">* Schafth\u00f6he (cm)<\/span><span> 5,5<br \/><\/span><span class=\"a-text-bold\">* Schaftweite (cm)<\/span><span> Keine Angabe<\/p>\n<p><\/span><span class=\"a-text-bold\">Diese Schuhma\u00dfangaben gelten f\u00fcr die Schuhgr\u00f6\u00dfe 37<\/span> <br \/> Verpackungsabmessungen \u200f : \u200e  27 x 14 x 10 cm; 540 Gramm <br \/> Im Angebot von Amazon.de seit \u200f : \u200e  25. Oktober 2016 <br \/> ASIN \u200f : \u200e  B01E931L5Q <br \/> Kategorie \u200f : \u200e  Damen <\/p>\n<p>Innenmaterial: Textil<br \/>Sohle: Sonstiges Material<br \/>Verschluss: Schn\u00fcrung<br \/>Absatzh\u00f6he: 2 cm<br \/>Absatzform: Flach<br \/>Materialzusammensetzung: Textil, 100% Polyester und Kunststoff<br \/>Schuhweite: Medium<br \/>\n<br \/>[ad_2]<\/p>\n","protected":false},"excerpt":{"rendered":"<p>Price: [price_with_discount](as of [price_update_date] &#8211; Details) [ad_1] * Geschlecht Damen* Schuhe Sneakers* Schuh (Modell) Sneakers low* Jahreszeit Fr\u00fchling, Sommer, Herbst* F\u00fctterung (Futterst\u00e4rke) Nicht gef\u00fcttert* F\u00fctterung (durchgehend) Nein* Obermaterial Kunststoff* Innenmaterial<\/p>\n","protected":false},"featured_media":14150,"comment_status":"open","ping_status":"closed","template":"","meta":[],"product_cat":[231],"product_tag":[],"class_list":{"0":"post-14149","1":"product","2":"type-product","3":"status-publish","4":"has-post-thumbnail","6":"product_cat-mens-fashion","8":"first","9":"instock","10":"shipping-taxable","11":"product-type-external"},"aioseo_notices":[],"_links":{"self":[{"href":"https:\/\/topgetestet.de\/index.php?rest_route=\/wp\/v2\/product\/14149","targetHints":{"allow":["GET"]}}],"collection":[{"href":"https:\/\/topgetestet.de\/index.php?rest_route=\/wp\/v2\/product"}],"about":[{"href":"https:\/\/topgetestet.de\/index.php?rest_route=\/wp\/v2\/types\/product"}],"replies":[{"embeddable":true,"href":"https:\/\/topgetestet.de\/index.php?rest_route=%2Fwp%2Fv2%2Fcomments&post=14149"}],"wp:featuredmedia":[{"embeddable":true,"href":"https:\/\/topgetestet.de\/index.php?rest_route=\/wp\/v2\/media\/14150"}],"wp:attachment":[{"href":"https:\/\/topgetestet.de\/index.php?rest_route=%2Fwp%2Fv2%2Fmedia&parent=14149"}],"wp:term":[{"taxonomy":"product_cat","embeddable":true,"href":"https:\/\/topgetestet.de\/index.php?rest_route=%2Fwp%2Fv2%2Fproduct_cat&post=14149"},{"taxonomy":"product_tag","embeddable":true,"href":"https:\/\/topgetestet.de\/index.php?rest_route=%2Fwp%2Fv2%2Fproduct_tag&post=14149"}],"curies":[{"name":"wp","href":"https:\/\/api.w.org\/{rel}","templated":true}]}}