{"id":14123,"date":"2022-09-09T09:49:59","date_gmt":"2022-09-09T09:49:59","guid":{"rendered":"https:\/\/topgetestet.de\/?product=saucony-herren-running-shoes"},"modified":"2022-09-09T09:49:59","modified_gmt":"2022-09-09T09:49:59","slug":"saucony-herren-running-shoes","status":"publish","type":"product","link":"https:\/\/topgetestet.de\/?product=saucony-herren-running-shoes","title":{"rendered":"Saucony Herren Running Shoes"},"content":{"rendered":"<p>Price: <span style=\"color:#b12704\">[price_with_discount]<\/span><br \/><i><small>(as of [price_update_date] &#8211; <span class=\"wp_automatic_amazon_disclaimer\" title=\"Product prices and availability are accurate as of the date\/time indicated and are subject to change. Any price and availability information displayed on [relevant Amazon Site(s), as applicable] at the time of purchase will apply to the purchase of this product.\">Details<\/span>)<\/small><\/i><\/p>\n<p><a href=\"https:\/\/amazon.de\/dp\/B097CB2JHS?tag=topgetestet09-21\"><img decoding=\"async\" src=\"https:\/\/i.imgur.com\/ISRHEWs.png\"><\/a><br \/>\n[ad_1]<br \/>\n <span>Ziel von Saucony ist es, den Kunden viele qualitativ hochwertige Produkte anzubieten und die Bed\u00fcrfnisse aller Kunden zu befriedigen. Um dies zu erreichen, wird Saucony mehr Zeit f\u00fcr das Design der Produkte aufwenden. In unserem Gesch\u00e4ft finden Sie immer mehr klassische Produkte.<\/span> <br \/> Produktabmessungen \u200f : \u200e  40 x 20 x 15 cm; 225 Gramm <br \/> Im Angebot von Amazon.de seit \u200f : \u200e  5. April 2022 <br \/> Hersteller \u200f : \u200e  Saucony <br \/> ASIN \u200f : \u200e  B097C811YV <br \/> Modellnummer \u200f : \u200e  S20729-16 <br \/> Kategorie \u200f : \u200e  Herren <\/p>\n<p>Innenmaterial: Fabric<br \/>Sohle: Fabric<br \/>Verschluss: Schn\u00fcrung<br \/>Absatzform: Plateauabsatz<br \/>Materialzusammensetzung: Textil<br \/>Schuhweite: Medium<br \/>Nicht wasserfest<br \/>\n<br \/>[ad_2]<\/p>\n","protected":false},"excerpt":{"rendered":"<p>Price: [price_with_discount](as of [price_update_date] &#8211; Details) [ad_1] Ziel von Saucony ist es, den Kunden viele qualitativ hochwertige Produkte anzubieten und die Bed\u00fcrfnisse aller Kunden zu befriedigen. Um dies zu erreichen,<\/p>\n","protected":false},"featured_media":14124,"comment_status":"open","ping_status":"closed","template":"","meta":[],"product_cat":[234],"product_tag":[235],"class_list":{"0":"post-14123","1":"product","2":"type-product","3":"status-publish","4":"has-post-thumbnail","6":"product_cat-shoes","7":"product_tag-mens-road-running-shoes","9":"first","10":"instock","11":"shipping-taxable","12":"product-type-external"},"aioseo_notices":[],"_links":{"self":[{"href":"https:\/\/topgetestet.de\/index.php?rest_route=\/wp\/v2\/product\/14123","targetHints":{"allow":["GET"]}}],"collection":[{"href":"https:\/\/topgetestet.de\/index.php?rest_route=\/wp\/v2\/product"}],"about":[{"href":"https:\/\/topgetestet.de\/index.php?rest_route=\/wp\/v2\/types\/product"}],"replies":[{"embeddable":true,"href":"https:\/\/topgetestet.de\/index.php?rest_route=%2Fwp%2Fv2%2Fcomments&post=14123"}],"wp:featuredmedia":[{"embeddable":true,"href":"https:\/\/topgetestet.de\/index.php?rest_route=\/wp\/v2\/media\/14124"}],"wp:attachment":[{"href":"https:\/\/topgetestet.de\/index.php?rest_route=%2Fwp%2Fv2%2Fmedia&parent=14123"}],"wp:term":[{"taxonomy":"product_cat","embeddable":true,"href":"https:\/\/topgetestet.de\/index.php?rest_route=%2Fwp%2Fv2%2Fproduct_cat&post=14123"},{"taxonomy":"product_tag","embeddable":true,"href":"https:\/\/topgetestet.de\/index.php?rest_route=%2Fwp%2Fv2%2Fproduct_tag&post=14123"}],"curies":[{"name":"wp","href":"https:\/\/api.w.org\/{rel}","templated":true}]}}