{"id":13974,"date":"2022-09-09T09:06:28","date_gmt":"2022-09-09T09:06:28","guid":{"rendered":"https:\/\/topgetestet.de\/?product=deuter-damen-freerider-lite-22-sl-rucksack"},"modified":"2022-09-09T09:06:28","modified_gmt":"2022-09-09T09:06:28","slug":"deuter-damen-freerider-lite-22-sl-rucksack","status":"publish","type":"product","link":"https:\/\/topgetestet.de\/?product=deuter-damen-freerider-lite-22-sl-rucksack","title":{"rendered":"deuter Damen Freerider Lite 22 Sl Rucksack"},"content":{"rendered":"<p>Price: <span style=\"color:#b12704\">[price_with_discount]<\/span><br \/><i><small>(as of [price_update_date] &#8211; <span class=\"wp_automatic_amazon_disclaimer\" title=\"Product prices and availability are accurate as of the date\/time indicated and are subject to change. Any price and availability information displayed on [relevant Amazon Site(s), as applicable] at the time of purchase will apply to the purchase of this product.\">Details<\/span>)<\/small><\/i><\/p>\n<p><a href=\"https:\/\/amazon.de\/dp\/B07BB6WBNR?tag=topgetestet09-21\"><img decoding=\"async\" src=\"https:\/\/i.imgur.com\/ISRHEWs.png\"><\/a><br \/>\n[ad_1]<br \/>\n <span>Deuter:&nbsp;einer&nbsp;der&nbsp;f\u00fchrenden&nbsp;Hersteller&nbsp;von&nbsp;hochwertigen Rucks\u00e4cken,&nbsp;von&nbsp;Trekkingrucks\u00e4cken&nbsp;bis&nbsp;hin&nbsp;zu&nbsp;Daypacks, Wanderrucks\u00e4cken, Reisetaschen&nbsp;und&nbsp;Kindertransportern.<\/span> <br \/> Produktabmessungen \u200f : \u200e  52 x 28 x 17 cm; 890 Gramm <br \/> Im Angebot von Amazon.de seit \u200f : \u200e  11. Dezember 2018 <br \/> Hersteller \u200f : \u200e  DEUT7|#Deuter <br \/> ASIN \u200f : \u200e  B07L9FB38T <br \/> Herstellerreferenz \u200f : \u200e  55450 <br \/> Kategorie \u200f : \u200e  Damen <\/p>\n<p>Farbe: Indigo<br \/>100% Polyester<br \/>Freerider Lite 22 SL<br \/>Modellnummer: 3303019DE-3049<br \/>Gr\u00f6\u00dfe: 52 x 28 x 18 cm<br \/>\n<br \/>[ad_2]<\/p>\n","protected":false},"excerpt":{"rendered":"<p>Price: [price_with_discount](as of [price_update_date] &#8211; Details) [ad_1] Deuter:&nbsp;einer&nbsp;der&nbsp;f\u00fchrenden&nbsp;Hersteller&nbsp;von&nbsp;hochwertigen Rucks\u00e4cken,&nbsp;von&nbsp;Trekkingrucks\u00e4cken&nbsp;bis&nbsp;hin&nbsp;zu&nbsp;Daypacks, Wanderrucks\u00e4cken, Reisetaschen&nbsp;und&nbsp;Kindertransportern. Produktabmessungen \u200f : \u200e 52 x 28 x 17 cm; 890 Gramm Im Angebot von Amazon.de seit \u200f :<\/p>\n","protected":false},"featured_media":13975,"comment_status":"open","ping_status":"closed","template":"","meta":[],"product_cat":[232],"product_tag":[],"class_list":{"0":"post-13974","1":"product","2":"type-product","3":"status-publish","4":"has-post-thumbnail","6":"product_cat-women-fashion","8":"first","9":"instock","10":"shipping-taxable","11":"product-type-external"},"aioseo_notices":[],"_links":{"self":[{"href":"https:\/\/topgetestet.de\/index.php?rest_route=\/wp\/v2\/product\/13974","targetHints":{"allow":["GET"]}}],"collection":[{"href":"https:\/\/topgetestet.de\/index.php?rest_route=\/wp\/v2\/product"}],"about":[{"href":"https:\/\/topgetestet.de\/index.php?rest_route=\/wp\/v2\/types\/product"}],"replies":[{"embeddable":true,"href":"https:\/\/topgetestet.de\/index.php?rest_route=%2Fwp%2Fv2%2Fcomments&post=13974"}],"wp:featuredmedia":[{"embeddable":true,"href":"https:\/\/topgetestet.de\/index.php?rest_route=\/wp\/v2\/media\/13975"}],"wp:attachment":[{"href":"https:\/\/topgetestet.de\/index.php?rest_route=%2Fwp%2Fv2%2Fmedia&parent=13974"}],"wp:term":[{"taxonomy":"product_cat","embeddable":true,"href":"https:\/\/topgetestet.de\/index.php?rest_route=%2Fwp%2Fv2%2Fproduct_cat&post=13974"},{"taxonomy":"product_tag","embeddable":true,"href":"https:\/\/topgetestet.de\/index.php?rest_route=%2Fwp%2Fv2%2Fproduct_tag&post=13974"}],"curies":[{"name":"wp","href":"https:\/\/api.w.org\/{rel}","templated":true}]}}