{"id":13935,"date":"2022-09-09T08:45:35","date_gmt":"2022-09-09T08:45:35","guid":{"rendered":"https:\/\/topgetestet.de\/?product=elizabeth-arden-white-tea-body-cream"},"modified":"2022-09-09T08:45:35","modified_gmt":"2022-09-09T08:45:35","slug":"elizabeth-arden-white-tea-body-cream","status":"publish","type":"product","link":"https:\/\/topgetestet.de\/?product=elizabeth-arden-white-tea-body-cream","title":{"rendered":"Elizabeth Arden White Tea Body Cream"},"content":{"rendered":"<p>Price: <span style=\"color:#b12704\">[price_with_discount]<\/span><br \/><i><small>(as of [price_update_date] &#8211; <span class=\"wp_automatic_amazon_disclaimer\" title=\"Product prices and availability are accurate as of the date\/time indicated and are subject to change. Any price and availability information displayed on [relevant Amazon Site(s), as applicable] at the time of purchase will apply to the purchase of this product.\">Details<\/span>)<\/small><\/i><\/p>\n<p><a href=\"https:\/\/amazon.de\/dp\/B01N4LCTIY?tag=topgetestet09-21\"><img decoding=\"async\" src=\"https:\/\/i.imgur.com\/ISRHEWs.png\"><\/a><br \/>\n[ad_1]<\/p>\n<p>       Produktbeschreibung des Herstellers <\/p>\n<p>              <img decoding=\"async\" alt=\"Parf\u00fcm; parf\u00fcm; d\u00fcfte; \" src=\"https:\/\/images-na.ssl-images-amazon.com\/images\/G\/01\/x-locale\/common\/grey-pixel.gif\" class=\"a-lazy-loaded\" data-src=\"https:\/\/m.media-amazon.com\/images\/S\/aplus-media\/vc\/3f9904f2-8904-4d4d-958c-f4b18e717889.__CR0,0,970,300_PT0_SX970_V1___.jpg\"><\/p>\n<p>               <img decoding=\"async\" alt=\"Parf\u00fcm; parf\u00fcm; d\u00fcfte; \" src=\"https:\/\/m.media-amazon.com\/images\/S\/aplus-media\/vc\/3f9904f2-8904-4d4d-958c-f4b18e717889.__CR0,0,970,300_PT0_SX970_V1___.jpg\"><\/p>\n<h3 class=\"a-spacing-small\"> Entdecken Sie die White Tea Collection <\/h3>\n<p> <img decoding=\"async\" alt=\"Elizabeth Arden, Fragrances, White Tea, Original, White Tea Kollektion\" src=\"https:\/\/images-na.ssl-images-amazon.com\/images\/G\/01\/x-locale\/common\/grey-pixel.gif\" class=\"a-lazy-loaded\" data-src=\"https:\/\/m.media-amazon.com\/images\/S\/aplus-media\/vc\/ab12c846-f342-49ee-98a6-14ffe3452d17.__CR0,0,3000,3000_PT0_SX220_V1___.jpg\">\n                     <\/p>\n<p>                      <img decoding=\"async\" alt=\"Elizabeth Arden, Fragrances, White Tea, Original, White Tea Kollektion\" src=\"https:\/\/m.media-amazon.com\/images\/S\/aplus-media\/vc\/ab12c846-f342-49ee-98a6-14ffe3452d17.__CR0,0,3000,3000_PT0_SX220_V1___.jpg\"><\/p>\n<p> <img decoding=\"async\" alt=\"Elizabeth Arden, Fragrances, White Tea, Orchid, White Tea Kollektion\" src=\"https:\/\/images-na.ssl-images-amazon.com\/images\/G\/01\/x-locale\/common\/grey-pixel.gif\" class=\"a-lazy-loaded\" data-src=\"https:\/\/m.media-amazon.com\/images\/S\/aplus-media\/vc\/80333451-e3d5-41db-923a-d013daacf7cf.__CR0,0,3000,3000_PT0_SX220_V1___.jpg\">\n                     <\/p>\n<p>                      <img decoding=\"async\" alt=\"Elizabeth Arden, Fragrances, White Tea, Orchid, White Tea Kollektion\" src=\"https:\/\/m.media-amazon.com\/images\/S\/aplus-media\/vc\/80333451-e3d5-41db-923a-d013daacf7cf.__CR0,0,3000,3000_PT0_SX220_V1___.jpg\"><\/p>\n<p> <img decoding=\"async\" alt=\"Elizabeth Arden, Fragrances, White Tea, Wild Rose, White Tea Kollektion\" src=\"https:\/\/images-na.ssl-images-amazon.com\/images\/G\/01\/x-locale\/common\/grey-pixel.gif\" class=\"a-lazy-loaded\" data-src=\"https:\/\/m.media-amazon.com\/images\/S\/aplus-media\/vc\/810c634e-ce1f-4937-a41a-b140102e7784.__CR0,0,1500,1500_PT0_SX220_V1___.jpg\">\n                     <\/p>\n<p>                      <img decoding=\"async\" alt=\"Elizabeth Arden, Fragrances, White Tea, Wild Rose, White Tea Kollektion\" src=\"https:\/\/m.media-amazon.com\/images\/S\/aplus-media\/vc\/810c634e-ce1f-4937-a41a-b140102e7784.__CR0,0,1500,1500_PT0_SX220_V1___.jpg\"><\/p>\n<p> <img decoding=\"async\" alt=\"Elizabeth Arden White Tea Mandarin Blossom\" src=\"https:\/\/images-na.ssl-images-amazon.com\/images\/G\/01\/x-locale\/common\/grey-pixel.gif\" class=\"a-lazy-loaded\" data-src=\"https:\/\/m.media-amazon.com\/images\/S\/aplus-media\/vc\/6e6768a8-3f4f-4885-af73-11d18a9d4cda.__CR0,0,1500,1500_PT0_SX220_V1___.jpg\">\n                     <\/p>\n<p>                      <img decoding=\"async\" alt=\"Elizabeth Arden White Tea Mandarin Blossom\" src=\"https:\/\/m.media-amazon.com\/images\/S\/aplus-media\/vc\/6e6768a8-3f4f-4885-af73-11d18a9d4cda.__CR0,0,1500,1500_PT0_SX220_V1___.jpg\"><\/p>\n<p>                     White Tea  <\/p>\n<p class=\"a-size-small\"> Ein klarer, dynamischer, floraler Duft mit anhaltender W\u00e4rme, der Ihnen einen kleinen Moment der Auszeit f\u00fcr die Sinne schenkt. <\/p>\n<p>                     White Tea Vanilla Orchid  <\/p>\n<p class=\"a-size-small\"> Ein opulenter, verf\u00fchrerischer, floraler Duft, der Sie an einen Ort der Ruhe entf\u00fchrt. <\/p>\n<p>                     White Tea Wild Rose  <\/p>\n<p class=\"a-size-small\"> Ein lieblicher, zarter, floraler Duft mit sanfter Brise, die ein L\u00e4cheln auf Ihr Gesicht zaubert. <\/p>\n<p>                     NEU White Tea Mandarin Blossom  <\/p>\n<p class=\"a-size-small\"> Eine lebendige, fruchtige Komposition, die zitruss\u00fc\u00dfe Mandarine, zarten wei\u00dfen Tee und warmen, leuchtenden Moschus zu einem energetischen Duft kombiniert. <\/p>\n<h3 class=\"a-spacing-small\"> White Tea Moments <\/h3>\n<p> <img decoding=\"async\" alt=\"White Tea \" src=\"https:\/\/images-na.ssl-images-amazon.com\/images\/G\/01\/x-locale\/common\/grey-pixel.gif\" class=\"a-spacing-mini a-lazy-loaded\" data-src=\"https:\/\/m.media-amazon.com\/images\/S\/aplus-media\/vc\/3c063535-e120-4223-90e2-784cab53f945.__CR0,0,1000,1000_PT0_SX300_V1___.jpg\">\n                   <\/p>\n<p>                    <img decoding=\"async\" alt=\"White Tea \" src=\"https:\/\/m.media-amazon.com\/images\/S\/aplus-media\/vc\/3c063535-e120-4223-90e2-784cab53f945.__CR0,0,1000,1000_PT0_SX300_V1___.jpg\"><\/p>\n<p> <img decoding=\"async\" alt=\"Collection\" src=\"https:\/\/images-na.ssl-images-amazon.com\/images\/G\/01\/x-locale\/common\/grey-pixel.gif\" class=\"a-spacing-mini a-lazy-loaded\" data-src=\"https:\/\/m.media-amazon.com\/images\/S\/aplus-media\/vc\/f8993acd-2584-47c8-b20a-5e32652d17da.__CR0,0,1000,1000_PT0_SX300_V1___.jpg\">\n                   <\/p>\n<p>                    <img decoding=\"async\" alt=\"Collection\" src=\"https:\/\/m.media-amazon.com\/images\/S\/aplus-media\/vc\/f8993acd-2584-47c8-b20a-5e32652d17da.__CR0,0,1000,1000_PT0_SX300_V1___.jpg\"><\/p>\n<p> <img decoding=\"async\" alt=\"Rose\" src=\"https:\/\/images-na.ssl-images-amazon.com\/images\/G\/01\/x-locale\/common\/grey-pixel.gif\" class=\"a-spacing-mini a-lazy-loaded\" data-src=\"https:\/\/m.media-amazon.com\/images\/S\/aplus-media\/vc\/6e026507-5e59-4e58-ad49-cc45a59ede7b.__CR0,0,1000,1000_PT0_SX300_V1___.jpg\">\n                   <\/p>\n<p>                    <img decoding=\"async\" alt=\"Rose\" src=\"https:\/\/m.media-amazon.com\/images\/S\/aplus-media\/vc\/6e026507-5e59-4e58-ad49-cc45a59ede7b.__CR0,0,1000,1000_PT0_SX300_V1___.jpg\"><\/p>\n<p> Rein. Exquisit. Unkompliziert. <\/p>\n<p> Entdecken Sie die pure Lebensfreude in Form Ihres ganz vertrauten Gl\u00fccksmoments und genie\u00dfen Sie die daraus entstehende innere Ruhe und Zufriedenheit. <\/p>\n<p> White Tea l\u00e4dt Sie ein, an der Sch\u00f6nheit teilzuhaben, die Sie jeden Tag umgibt. <\/p>\n<p>                 Duftbeschreibung<br \/>\n                 WHITE TEA Ein klarer, dynamischer, floraler Duft mit anhaltender W\u00e4rme, der Ihnen einen kleinen Moment der Auszeit f\u00fcr die Sinne schenkt.<br \/>\n                 Green Tea \u2013 f\u00fcr K\u00f6rper, Geist und Seele. Belebend. Erfrischend. Energetisierend. Green Tea, der weltweite Duftklassiker und mehrmalige Beauty-Sieger belebt die Sinne und erfrischt mit einer floralen Zitrusnote.<br \/>\n                 Der spritzig-frische, blumige Duft von My Fifth Avenue hat die Energie dieser weltbekannten Stra\u00dfe eingefangen. Frische Zitrusnoten sorgen f\u00fcr eine \u00fcberraschende Frische und werden von femininen blumigen Noten umrahmt.<br \/>\n                 Red Door ist Elizabeth Ardens klassischer, eleganter Signatur-Duft. Ein Symbol f\u00fcr Glamour und Luxus. Der unvergleichliche Duft, den so viele Frauen lieben, sorgt f\u00fcr einen spektakul\u00e4ren Auftritt   <\/p>\n<p>                 Typ<br \/>\n                 Eau de Toilette<br \/>\n                 Eau de Parfum<br \/>\n                 Eau de Parfum<br \/>\n                 Eau de Toilette   <\/p>\n<p>                 Duftnoten<br \/>\n                 Blumig, moschusartig, holzig<br \/>\n                 Frisch-gr\u00fcn<br \/>\n                 Blumig &#8211; frisch<br \/>\n                 blumig-orientalisch   <\/p>\n<p> Auslaufartikel (Produktion durch Hersteller eingestellt) \u200f : \u200e  Nein <br \/> Produktabmessungen \u200f : \u200e  9.58 x 9.4 x 9.4 cm; 384 Gramm <br \/> Im Angebot von Amazon.de seit \u200f : \u200e  1. Februar 2017 <br \/> Hersteller \u200f : \u200e  Elizabeth Arden <br \/> ASIN \u200f : \u200e  B01N4LCTIY <br \/> Modellnummer \u200f : \u200e  A0106576 <br \/> Herkunftsland \u200f : \u200e  USA <\/p>\n<p>[ad_2]<\/p>\n","protected":false},"excerpt":{"rendered":"<p>Price: [price_with_discount](as of [price_update_date] &#8211; Details) [ad_1] Produktbeschreibung des Herstellers Entdecken Sie die White Tea Collection White Tea Ein klarer, dynamischer, floraler Duft mit anhaltender W\u00e4rme, der Ihnen einen kleinen<\/p>\n","protected":false},"featured_media":13936,"comment_status":"open","ping_status":"closed","template":"","meta":[],"product_cat":[228],"product_tag":[239],"class_list":{"0":"post-13935","1":"product","2":"type-product","3":"status-publish","4":"has-post-thumbnail","6":"product_cat-beauty","7":"product_tag-body-skin-care","9":"first","10":"instock","11":"shipping-taxable","12":"product-type-external"},"aioseo_notices":[],"_links":{"self":[{"href":"https:\/\/topgetestet.de\/index.php?rest_route=\/wp\/v2\/product\/13935","targetHints":{"allow":["GET"]}}],"collection":[{"href":"https:\/\/topgetestet.de\/index.php?rest_route=\/wp\/v2\/product"}],"about":[{"href":"https:\/\/topgetestet.de\/index.php?rest_route=\/wp\/v2\/types\/product"}],"replies":[{"embeddable":true,"href":"https:\/\/topgetestet.de\/index.php?rest_route=%2Fwp%2Fv2%2Fcomments&post=13935"}],"wp:featuredmedia":[{"embeddable":true,"href":"https:\/\/topgetestet.de\/index.php?rest_route=\/wp\/v2\/media\/13936"}],"wp:attachment":[{"href":"https:\/\/topgetestet.de\/index.php?rest_route=%2Fwp%2Fv2%2Fmedia&parent=13935"}],"wp:term":[{"taxonomy":"product_cat","embeddable":true,"href":"https:\/\/topgetestet.de\/index.php?rest_route=%2Fwp%2Fv2%2Fproduct_cat&post=13935"},{"taxonomy":"product_tag","embeddable":true,"href":"https:\/\/topgetestet.de\/index.php?rest_route=%2Fwp%2Fv2%2Fproduct_tag&post=13935"}],"curies":[{"name":"wp","href":"https:\/\/api.w.org\/{rel}","templated":true}]}}