{"id":13862,"date":"2022-09-09T08:20:33","date_gmt":"2022-09-09T08:20:33","guid":{"rendered":"https:\/\/topgetestet.de\/?product=asics-herren-novablast-road-running-shoe"},"modified":"2022-09-09T08:20:33","modified_gmt":"2022-09-09T08:20:33","slug":"asics-herren-novablast-road-running-shoe","status":"publish","type":"product","link":"https:\/\/topgetestet.de\/?product=asics-herren-novablast-road-running-shoe","title":{"rendered":"ASICS Herren Novablast Road Running Shoe"},"content":{"rendered":"<p>Price: <span style=\"color:#b12704\">[price_with_discount]<\/span><br \/><i><small>(as of [price_update_date] &#8211; <span class=\"wp_automatic_amazon_disclaimer\" title=\"Product prices and availability are accurate as of the date\/time indicated and are subject to change. Any price and availability information displayed on [relevant Amazon Site(s), as applicable] at the time of purchase will apply to the purchase of this product.\">Details<\/span>)<\/small><\/i><\/p>\n<p><a href=\"https:\/\/amazon.de\/dp\/B089TQGJPX?tag=topgetestet09-21\"><img decoding=\"async\" src=\"https:\/\/i.imgur.com\/ISRHEWs.png\"><\/a><br \/>\n[ad_1]<br \/>\n <span>Asics Novablast ist ein moderner Laufschuh der viel Stabilit\u00e4t und die richtige D\u00e4mpfung bei schnellen L\u00e4ufen bietet. Leichtes Mesh ist weicher und atmungsaktiver als beim Vorg\u00e4nger. Das Obermaterial ist speziell gefertigt und bietet optimale Luftzirkulation. Dies verst\u00e4rkt eine super Passform und somit ein angenehmes Tragegef\u00fchl. Die Flytefoam-Mittelsohle gepaart mit der klassischen Gel-D\u00e4mpfung bieten eine ideale Gundlage f\u00fcr deinen Lauf. Das Ortholite-Inlay in der Sohle unterst\u00fctzt dies.<\/span> <br \/> Verpackungsabmessungen \u200f : \u200e  31.5 x 22.1 x 12.45 cm; 680 Gramm <br \/> Im Angebot von Amazon.de seit \u200f : \u200e  1. Juni 2020 <br \/> Hersteller \u200f : \u200e  Asics <br \/> ASIN \u200f : \u200e  B089GLLQP1 <br \/> Modellnummer \u200f : \u200e  1011A681-002 <br \/> Kategorie \u200f : \u200e  Herren <\/p>\n<p>Innenmaterial: Synthetic<br \/>Sohle: Gummi<br \/>Verschluss: Schn\u00fcrung<br \/>Absatzform: Flach<br \/>Materialzusammensetzung: Synthetik<br \/>Schuhweite: Normale<br \/>Wasserfest<br \/>\n<br \/>[ad_2]<\/p>\n","protected":false},"excerpt":{"rendered":"<p>Price: [price_with_discount](as of [price_update_date] &#8211; Details) [ad_1] Asics Novablast ist ein moderner Laufschuh der viel Stabilit\u00e4t und die richtige D\u00e4mpfung bei schnellen L\u00e4ufen bietet. Leichtes Mesh ist weicher und atmungsaktiver<\/p>\n","protected":false},"featured_media":13863,"comment_status":"open","ping_status":"closed","template":"","meta":[],"product_cat":[234],"product_tag":[235],"class_list":{"0":"post-13862","1":"product","2":"type-product","3":"status-publish","4":"has-post-thumbnail","6":"product_cat-shoes","7":"product_tag-mens-road-running-shoes","9":"first","10":"instock","11":"shipping-taxable","12":"product-type-external"},"aioseo_notices":[],"_links":{"self":[{"href":"https:\/\/topgetestet.de\/index.php?rest_route=\/wp\/v2\/product\/13862","targetHints":{"allow":["GET"]}}],"collection":[{"href":"https:\/\/topgetestet.de\/index.php?rest_route=\/wp\/v2\/product"}],"about":[{"href":"https:\/\/topgetestet.de\/index.php?rest_route=\/wp\/v2\/types\/product"}],"replies":[{"embeddable":true,"href":"https:\/\/topgetestet.de\/index.php?rest_route=%2Fwp%2Fv2%2Fcomments&post=13862"}],"wp:featuredmedia":[{"embeddable":true,"href":"https:\/\/topgetestet.de\/index.php?rest_route=\/wp\/v2\/media\/13863"}],"wp:attachment":[{"href":"https:\/\/topgetestet.de\/index.php?rest_route=%2Fwp%2Fv2%2Fmedia&parent=13862"}],"wp:term":[{"taxonomy":"product_cat","embeddable":true,"href":"https:\/\/topgetestet.de\/index.php?rest_route=%2Fwp%2Fv2%2Fproduct_cat&post=13862"},{"taxonomy":"product_tag","embeddable":true,"href":"https:\/\/topgetestet.de\/index.php?rest_route=%2Fwp%2Fv2%2Fproduct_tag&post=13862"}],"curies":[{"name":"wp","href":"https:\/\/api.w.org\/{rel}","templated":true}]}}