{"id":13727,"date":"2022-09-09T07:25:35","date_gmt":"2022-09-09T07:25:35","guid":{"rendered":"https:\/\/topgetestet.de\/?product=asics-herren-gel-quantum-360-6-road-running-shoe"},"modified":"2022-09-09T07:25:35","modified_gmt":"2022-09-09T07:25:35","slug":"asics-herren-gel-quantum-360-6-road-running-shoe","status":"publish","type":"product","link":"https:\/\/topgetestet.de\/?product=asics-herren-gel-quantum-360-6-road-running-shoe","title":{"rendered":"ASICS Herren Gel-Quantum 360 6 Road Running Shoe"},"content":{"rendered":"<p>Price: <span style=\"color:#b12704\">[price_with_discount]<\/span><br \/><i><small>(as of [price_update_date] &#8211; <span class=\"wp_automatic_amazon_disclaimer\" title=\"Product prices and availability are accurate as of the date\/time indicated and are subject to change. Any price and availability information displayed on [relevant Amazon Site(s), as applicable] at the time of purchase will apply to the purchase of this product.\">Details<\/span>)<\/small><\/i><\/p>\n<p><a href=\"https:\/\/amazon.de\/dp\/B089GKZCBK?tag=topgetestet09-21\"><img decoding=\"async\" src=\"https:\/\/i.imgur.com\/ISRHEWs.png\"><\/a><br \/>\n[ad_1]<br \/>\n <span>Asics GEL-Quantum 360 6 ist ein neutraler Sportschuh in einem stylischen Design, der durch sein leichtes innovatives Mesh viel weicher und atmungsaktiver ist als der Vorg\u00e4nger. Ein neues nahtloses Design sowie ein festes Obermaterial sorgen f\u00fcr eine optimierte Passform. Die verbesserte Fersenkonstruktion bietet ein angenehmes Tragegef\u00fchl, w\u00e4hrend die bekannte Gel-D\u00e4mpfung eine ideale Gundlage f\u00fcr jegliche Aktivit\u00e4ten bietet. Sie bietet eine 360 Grad D\u00e4mpfung und bessere Sto\u00dfabsorption. Idealer Tragekomfort ist somit gew\u00e4hrleistet.<\/span> <br \/> Verpackungsabmessungen \u200f : \u200e  31.8 x 22.8 x 12.2 cm; 820 Gramm <br \/> Im Angebot von Amazon.de seit \u200f : \u200e  1. Juni 2020 <br \/> Hersteller \u200f : \u200e  Asics <br \/> ASIN \u200f : \u200e  B089GKVLVH <br \/> Modellnummer \u200f : \u200e  1021A337-001_40,5 <br \/> Kategorie \u200f : \u200e  Herren <\/p>\n<p>Innenmaterial: synthetic,textile<br \/>Sohle: synthetic,textile<br \/>Verschluss: Schn\u00fcrung<br \/>Absatzh\u00f6he: 29 Millimeter<br \/>Absatzform: Flach<br \/>Schuhweite: Medium<br \/>Nicht wasserfest<br \/>\n<br \/>[ad_2]<\/p>\n","protected":false},"excerpt":{"rendered":"<p>Price: [price_with_discount](as of [price_update_date] &#8211; Details) [ad_1] Asics GEL-Quantum 360 6 ist ein neutraler Sportschuh in einem stylischen Design, der durch sein leichtes innovatives Mesh viel weicher und atmungsaktiver ist<\/p>\n","protected":false},"featured_media":13728,"comment_status":"open","ping_status":"closed","template":"","meta":[],"product_cat":[234],"product_tag":[235],"class_list":{"0":"post-13727","1":"product","2":"type-product","3":"status-publish","4":"has-post-thumbnail","6":"product_cat-shoes","7":"product_tag-mens-road-running-shoes","9":"first","10":"instock","11":"shipping-taxable","12":"product-type-external"},"aioseo_notices":[],"_links":{"self":[{"href":"https:\/\/topgetestet.de\/index.php?rest_route=\/wp\/v2\/product\/13727","targetHints":{"allow":["GET"]}}],"collection":[{"href":"https:\/\/topgetestet.de\/index.php?rest_route=\/wp\/v2\/product"}],"about":[{"href":"https:\/\/topgetestet.de\/index.php?rest_route=\/wp\/v2\/types\/product"}],"replies":[{"embeddable":true,"href":"https:\/\/topgetestet.de\/index.php?rest_route=%2Fwp%2Fv2%2Fcomments&post=13727"}],"wp:featuredmedia":[{"embeddable":true,"href":"https:\/\/topgetestet.de\/index.php?rest_route=\/wp\/v2\/media\/13728"}],"wp:attachment":[{"href":"https:\/\/topgetestet.de\/index.php?rest_route=%2Fwp%2Fv2%2Fmedia&parent=13727"}],"wp:term":[{"taxonomy":"product_cat","embeddable":true,"href":"https:\/\/topgetestet.de\/index.php?rest_route=%2Fwp%2Fv2%2Fproduct_cat&post=13727"},{"taxonomy":"product_tag","embeddable":true,"href":"https:\/\/topgetestet.de\/index.php?rest_route=%2Fwp%2Fv2%2Fproduct_tag&post=13727"}],"curies":[{"name":"wp","href":"https:\/\/api.w.org\/{rel}","templated":true}]}}