{"id":13522,"date":"2022-09-09T05:03:48","date_gmt":"2022-09-09T05:03:48","guid":{"rendered":"https:\/\/topgetestet.de\/?product=fifa-23-legacy-edition-nintendo-switch-deutsch"},"modified":"2022-09-09T05:03:48","modified_gmt":"2022-09-09T05:03:48","slug":"fifa-23-legacy-edition-nintendo-switch-deutsch","status":"publish","type":"product","link":"https:\/\/topgetestet.de\/?product=fifa-23-legacy-edition-nintendo-switch-deutsch","title":{"rendered":"FIFA 23 Legacy Edition NINTENDO SWITCH | Deutsch"},"content":{"rendered":"<p>Price: <span style=\"color:#b12704\">[price_with_discount]<\/span><br \/><i><small>(as of [price_update_date] &#8211; <span class=\"wp_automatic_amazon_disclaimer\" title=\"Product prices and availability are accurate as of the date\/time indicated and are subject to change. Any price and availability information displayed on [relevant Amazon Site(s), as applicable] at the time of purchase will apply to the purchase of this product.\">Details<\/span>)<\/small><\/i><\/p>\n<p><a href=\"https:\/\/amazon.de\/dp\/B0B6CGFV5Y?tag=topgetestet09-21\"><img decoding=\"async\" src=\"https:\/\/i.imgur.com\/ISRHEWs.png\"><\/a><br \/>\n[ad_1]<br \/>\n <span>Die EA SPORTS\u2122 FIFA 23 Legacy Edition f\u00fcr Nintendo Switch\u2122 enth\u00e4lt die neuesten Trikots, Vereine und Kader aus einigen der weltbesten Ligen. Au\u00dferdem enthalten sind neue Top-Frauen-Vereinsmannschaften und einige der ber\u00fchmtesten Stadien der Welt, darunter auch Neuzug\u00e4nge. Die FIFA 23 Legacy Edition enth\u00e4lt ein \u00fcberarbeitetes visuelles Erscheinungsbild und ein aktualisiertes \u00dcbertragungsgrafik-Paket. Die Gameplay-Features und Modi entsprechen FIFA 22 auf Nintendo Switch. Das Spiel enth\u00e4lt dasselbe Gameplay wie die FIFA 22 Legacy Edition, ohne neue Entwicklungen oder signifikante Verbesserungen.<\/span> <br \/> Alterseinstufung \u200f : \u200e  Einstufung ausstehend <br \/> Sprache \u200f : \u200e  Deutsch <br \/> Produktabmessungen \u200f : \u200e  17.1 x 13.6 x 1.3 cm; 90 Gramm <br \/> Erscheinungstermin \u200f : \u200e  30. September 2022 <br \/> ASIN \u200f : \u200e  B0B6CGFV5Y <br \/> Herkunftsland \u200f : \u200e  Deutschland <\/p>\n<p>Au\u00dferdem enthalten sind neue Top-Frauen-Vereinsmannschaften und einige der ber\u00fchmtesten Stadien der Welt, darunter auch Neuzug\u00e4nge.<br \/>Die FIFA 23 Legacy Edition enth\u00e4lt ein \u00fcberarbeitetes visuelles Erscheinungsbild und ein aktualisiertes \u00dcbertragungsgrafik-Paket.<br \/>Die Gameplay-Features und Modi entsprechen FIFA 22 auf Nintendo Switch.<br \/>Das Spiel enth\u00e4lt dasselbe Gameplay wie die FIFA 22 Legacy Edition, ohne neue Entwicklungen oder signifikante Verbesserungen.<br \/>\n<br \/>[ad_2]<\/p>\n","protected":false},"excerpt":{"rendered":"<p>Price: [price_with_discount](as of [price_update_date] &#8211; Details) [ad_1] Die EA SPORTS\u2122 FIFA 23 Legacy Edition f\u00fcr Nintendo Switch\u2122 enth\u00e4lt die neuesten Trikots, Vereine und Kader aus einigen der weltbesten Ligen. Au\u00dferdem<\/p>\n","protected":false},"featured_media":13523,"comment_status":"open","ping_status":"closed","template":"","meta":[],"product_cat":[227],"product_tag":[261],"class_list":{"0":"post-13522","1":"product","2":"type-product","3":"status-publish","4":"has-post-thumbnail","6":"product_cat-gaming","7":"product_tag-playstation-legacy-games","9":"first","10":"instock","11":"shipping-taxable","12":"product-type-external"},"aioseo_notices":[],"_links":{"self":[{"href":"https:\/\/topgetestet.de\/index.php?rest_route=\/wp\/v2\/product\/13522","targetHints":{"allow":["GET"]}}],"collection":[{"href":"https:\/\/topgetestet.de\/index.php?rest_route=\/wp\/v2\/product"}],"about":[{"href":"https:\/\/topgetestet.de\/index.php?rest_route=\/wp\/v2\/types\/product"}],"replies":[{"embeddable":true,"href":"https:\/\/topgetestet.de\/index.php?rest_route=%2Fwp%2Fv2%2Fcomments&post=13522"}],"wp:featuredmedia":[{"embeddable":true,"href":"https:\/\/topgetestet.de\/index.php?rest_route=\/wp\/v2\/media\/13523"}],"wp:attachment":[{"href":"https:\/\/topgetestet.de\/index.php?rest_route=%2Fwp%2Fv2%2Fmedia&parent=13522"}],"wp:term":[{"taxonomy":"product_cat","embeddable":true,"href":"https:\/\/topgetestet.de\/index.php?rest_route=%2Fwp%2Fv2%2Fproduct_cat&post=13522"},{"taxonomy":"product_tag","embeddable":true,"href":"https:\/\/topgetestet.de\/index.php?rest_route=%2Fwp%2Fv2%2Fproduct_tag&post=13522"}],"curies":[{"name":"wp","href":"https:\/\/api.w.org\/{rel}","templated":true}]}}