{"id":13507,"date":"2022-09-09T04:58:19","date_gmt":"2022-09-09T04:58:19","guid":{"rendered":"https:\/\/topgetestet.de\/?product=puccio-pucci-womens-trlbc100085-ledertasche-navy-blau-26x22x9-cm"},"modified":"2022-09-09T04:58:19","modified_gmt":"2022-09-09T04:58:19","slug":"puccio-pucci-womens-trlbc100085-ledertasche-navy-blau-26x22x9-cm","status":"publish","type":"product","link":"https:\/\/topgetestet.de\/?product=puccio-pucci-womens-trlbc100085-ledertasche-navy-blau-26x22x9-cm","title":{"rendered":"Puccio Pucci Womens TRLBC100085 Ledertasche, Navy blau, 26x22x9 cm"},"content":{"rendered":"<p>Price: <span style=\"color:#b12704\">[price_with_discount]<\/span><br \/><i><small>(as of [price_update_date] &#8211; <span class=\"wp_automatic_amazon_disclaimer\" title=\"Product prices and availability are accurate as of the date\/time indicated and are subject to change. Any price and availability information displayed on [relevant Amazon Site(s), as applicable] at the time of purchase will apply to the purchase of this product.\">Details<\/span>)<\/small><\/i><\/p>\n<p><a href=\"https:\/\/amazon.de\/dp\/B09BD7Q8ZR?tag=topgetestet09-21\"><img decoding=\"async\" src=\"https:\/\/i.imgur.com\/ISRHEWs.png\"><\/a><br \/>\n[ad_1]<br \/>\n <span>Handtasche 100% echtes genarbtes Rindsleder made in Italy Klassisches Modell Dank verstellbarem Schulterriemen \u00fcber der Schulter oder \u00fcber Kreuz tragbar. Umh\u00e4ngetasche, Messenger Bag 100 % genarbtes Rindsleder Aufbewahrung: 1 Hauptfach mit Rei\u00dfverschluss 1 kleine Innentasche mit Rei\u00dfverschluss 1 kleine eingen\u00e4hte Tasche zum Aufbewahren Ihres Mobiltelefons 1 Frontfach mit Doppelrei\u00dfverschluss 1 R\u00fcckenfach mit Rei\u00dfverschluss Abmessungen: L\u00e4nge 26cm H\u00f6he 22cm Tiefe 9cm Futter: Synthetik Verschl\u00fcsse: Rei\u00dfverschluss Schultergurt: verstellbar von 63 bis 120 cm<\/span> <br \/> Verpackungsabmessungen \u200f : \u200e  31.9 x 25.9 x 4.8 cm; 400 Gramm <br \/> Im Angebot von Amazon.de seit \u200f : \u200e  28. Juli 2021 <br \/> Hersteller \u200f : \u200e  Bonateks <br \/> ASIN \u200f : \u200e  B09BD7Q8ZR <br \/> Modellnummer \u200f : \u200e  TRLBC100085 <br \/> Herkunftsland \u200f : \u200e  Italien <br \/> Kategorie \u200f : \u200e  Damen <\/p>\n<p>Dein Begleiter f\u00fcr jeden Anlass: An einem stressigen Tag im B\u00fcro oder im entspannten Feierabend mit Freunden: Deine Puccio Pucci Umh\u00e4ngetasche begleitet Dich bei allem, was Du vor hast. Die Umh\u00e4ngetasche l\u00e4sst sich zum business-chic Look im Office tragen oder ganz casual zur Verabredung am Abend. Genauso, wie Du sie gerade brauchst. Sie setzen an Deiner Seite ein selbstbewusstes Statement im Alltag &#038; im Office.<br \/>Verschluss: Rei\u00dfverschluss<br \/>Ledertasche<br \/>Modellnummer: TRLBC100085<br \/>Minimalistisches, klares Design. Langlebige Qualit\u00e4t. Zeitloses Leder. F\u00fcr uns besonders wichtig: eigene, nachhaltige Designs inspiriert durch die Natur. Wir verwenden f\u00fcr jede Tasche ausschlie\u00dflich echtes Leder. Genau das macht unsere Produkte so unverwechselbar und einzigartig! Wenn eine Ledertasche zum t\u00e4glichen Begleiter wird, muss Sie zu 100% gefallen. Deswegen achten wir w\u00e4hrend der gesamten Produktion darauf, dass alles dem h\u00f6chsten Niveau entspricht.<br \/>Dein neuer Begleiter f\u00fcrs Office, Studium &#038; Freizeit! Bei Puccio Pucci steht eines f\u00fcr uns an allererster Stelle: die Qualit\u00e4t. Dank hochwertigem Echtleder und klassischem Design \u00fcberzeugt die Ledertasche jedes Publikum von seiner zeitlosen Eleganz. Weiterhin bietet die Businesstasche Funktionalit\u00e4t f\u00fcr den t\u00e4glichen Einsatz auf der Arbeit, in der Uni oder Schule.<br \/>Lage Haltbarkeit und ein besonderer Stil zu einem fairen Preis machen unsere Produkte einzigartig. Die Herstellung hochwertiger Produkte ist unser Hauptziel und wir denken, dass dies uns helfen wird den Fast Fashion Zyklus zu beenden. Deshalb sorgen wir daf\u00fcr, dass alle Produkte langlebig sind. Wir sind der Meinung, dass wir durch unsere hochwertigen Produkte dabei helfen k\u00f6nnen einen bewussteren Konsum zu schaffen.<br \/>\n<br \/>[ad_2]<\/p>\n","protected":false},"excerpt":{"rendered":"<p>Price: [price_with_discount](as of [price_update_date] &#8211; Details) [ad_1] Handtasche 100% echtes genarbtes Rindsleder made in Italy Klassisches Modell Dank verstellbarem Schulterriemen \u00fcber der Schulter oder \u00fcber Kreuz tragbar. Umh\u00e4ngetasche, Messenger Bag<\/p>\n","protected":false},"featured_media":13508,"comment_status":"open","ping_status":"closed","template":"","meta":[],"product_cat":[232],"product_tag":[],"class_list":{"0":"post-13507","1":"product","2":"type-product","3":"status-publish","4":"has-post-thumbnail","6":"product_cat-women-fashion","8":"first","9":"instock","10":"shipping-taxable","11":"product-type-external"},"aioseo_notices":[],"_links":{"self":[{"href":"https:\/\/topgetestet.de\/index.php?rest_route=\/wp\/v2\/product\/13507","targetHints":{"allow":["GET"]}}],"collection":[{"href":"https:\/\/topgetestet.de\/index.php?rest_route=\/wp\/v2\/product"}],"about":[{"href":"https:\/\/topgetestet.de\/index.php?rest_route=\/wp\/v2\/types\/product"}],"replies":[{"embeddable":true,"href":"https:\/\/topgetestet.de\/index.php?rest_route=%2Fwp%2Fv2%2Fcomments&post=13507"}],"wp:featuredmedia":[{"embeddable":true,"href":"https:\/\/topgetestet.de\/index.php?rest_route=\/wp\/v2\/media\/13508"}],"wp:attachment":[{"href":"https:\/\/topgetestet.de\/index.php?rest_route=%2Fwp%2Fv2%2Fmedia&parent=13507"}],"wp:term":[{"taxonomy":"product_cat","embeddable":true,"href":"https:\/\/topgetestet.de\/index.php?rest_route=%2Fwp%2Fv2%2Fproduct_cat&post=13507"},{"taxonomy":"product_tag","embeddable":true,"href":"https:\/\/topgetestet.de\/index.php?rest_route=%2Fwp%2Fv2%2Fproduct_tag&post=13507"}],"curies":[{"name":"wp","href":"https:\/\/api.w.org\/{rel}","templated":true}]}}