{"id":13493,"date":"2022-09-09T04:46:22","date_gmt":"2022-09-09T04:46:22","guid":{"rendered":"https:\/\/topgetestet.de\/?product=adidas-damen-ultraboost-pb-gymnastikschuh-xl"},"modified":"2026-04-08T15:04:14","modified_gmt":"2026-04-08T15:04:14","slug":"adidas-damen-ultraboost-pb-gymnastikschuh-xl","status":"publish","type":"product","link":"https:\/\/topgetestet.de\/?product=adidas-damen-ultraboost-pb-gymnastikschuh-xl","title":{"rendered":"adidas Damen Ultraboost Pb Gymnastikschuh, XL"},"content":{"rendered":"<p>Price: <span style=\"color:#b12704\">[price_with_discount]<\/span><br \/><i><small>(as of [price_update_date] &#8211; <span class=\"wp_automatic_amazon_disclaimer\" title=\"Product prices and availability are accurate as of the date\/time indicated and are subject to change. Any price and availability information displayed on [relevant Amazon Site(s), as applicable] at the time of purchase will apply to the purchase of this product.\">Details<\/span>)<\/small><\/i><\/p>\n<p><a href=\"https:\/\/amazon.de\/dp\/B082GM4R7G?tag=topgetestet09-21\"><img decoding=\"async\" src=\"https:\/\/i.imgur.com\/ISRHEWs.png\"><\/a><br \/>\n[ad_1]<br \/>\n <span>Neutrale Laufschuhe sorgen f\u00fcr D\u00e4mpfung, Energier\u00fcckkehr und eine anschmiegsame Passform. Finden Sie den richtigen Laufrhythmus und dr\u00fccken Sie weiter bis zur Ziellinie. Dieser neutrale Laufschuh mit Boost-D\u00e4mpfung f\u00e4ngt die Energie Ihres Fu\u00dfes ein und wandelt ihn in Schwung um. Das adidas Primeknit Obermaterial sorgt f\u00fcr eine dynamische, anschmiegsame und stabile Passform, die durch gezielte Unterst\u00fctzung des Fu\u00dfgew\u00f6lbes und der Ferse verst\u00e4rkt wird. Die griffige Sohle sorgt f\u00fcr ein reibungsloses Fahren auf Asphalt und vielen anderen Untergr\u00fcnden.<\/span> <br \/> Im Angebot von Amazon.de seit \u200f : \u200e  4. Juni 2020 <br \/> Hersteller \u200f : \u200e  adidas <br \/> ASIN \u200f : \u200e  B085X5SG5F <br \/> Modellnummer \u200f : \u200e  Ultraboost PB <br \/> Kategorie \u200f : \u200e  Herren <\/p>\n<p>Absatzform: Flach<br \/>Materialzusammensetzung: Synthetik<br \/>\n<br \/>[ad_2]<\/p>\n","protected":false},"excerpt":{"rendered":"<p>Price: [price_with_discount](as of [price_update_date] &#8211; Details) [ad_1] Neutrale Laufschuhe sorgen f\u00fcr D\u00e4mpfung, Energier\u00fcckkehr und eine anschmiegsame Passform. Finden Sie den richtigen Laufrhythmus und dr\u00fccken Sie weiter bis zur Ziellinie. Dieser<\/p>\n","protected":false},"featured_media":13494,"comment_status":"open","ping_status":"closed","template":"","meta":[],"product_cat":[234],"product_tag":[235],"class_list":{"0":"post-13493","1":"product","2":"type-product","3":"status-publish","4":"has-post-thumbnail","6":"product_cat-shoes","7":"product_tag-mens-road-running-shoes","9":"first","10":"instock","11":"shipping-taxable","12":"product-type-external"},"aioseo_notices":[],"_links":{"self":[{"href":"https:\/\/topgetestet.de\/index.php?rest_route=\/wp\/v2\/product\/13493","targetHints":{"allow":["GET"]}}],"collection":[{"href":"https:\/\/topgetestet.de\/index.php?rest_route=\/wp\/v2\/product"}],"about":[{"href":"https:\/\/topgetestet.de\/index.php?rest_route=\/wp\/v2\/types\/product"}],"replies":[{"embeddable":true,"href":"https:\/\/topgetestet.de\/index.php?rest_route=%2Fwp%2Fv2%2Fcomments&post=13493"}],"wp:featuredmedia":[{"embeddable":true,"href":"https:\/\/topgetestet.de\/index.php?rest_route=\/wp\/v2\/media\/13494"}],"wp:attachment":[{"href":"https:\/\/topgetestet.de\/index.php?rest_route=%2Fwp%2Fv2%2Fmedia&parent=13493"}],"wp:term":[{"taxonomy":"product_cat","embeddable":true,"href":"https:\/\/topgetestet.de\/index.php?rest_route=%2Fwp%2Fv2%2Fproduct_cat&post=13493"},{"taxonomy":"product_tag","embeddable":true,"href":"https:\/\/topgetestet.de\/index.php?rest_route=%2Fwp%2Fv2%2Fproduct_tag&post=13493"}],"curies":[{"name":"wp","href":"https:\/\/api.w.org\/{rel}","templated":true}]}}