{"id":13283,"date":"2022-09-09T03:16:04","date_gmt":"2022-09-09T03:16:04","guid":{"rendered":"https:\/\/topgetestet.de\/?product=s-oliver-damen-armbanduhr-so-3222-lq"},"modified":"2022-09-09T03:16:04","modified_gmt":"2022-09-09T03:16:04","slug":"s-oliver-damen-armbanduhr-so-3222-lq","status":"publish","type":"product","link":"https:\/\/topgetestet.de\/?product=s-oliver-damen-armbanduhr-so-3222-lq","title":{"rendered":"s.Oliver-Damen-Armbanduhr-SO-3222-LQ"},"content":{"rendered":"<p>Price: <span style=\"color:#b12704\">[price_with_discount]<\/span><br \/><i><small>(as of [price_update_date] &#8211; <span class=\"wp_automatic_amazon_disclaimer\" title=\"Product prices and availability are accurate as of the date\/time indicated and are subject to change. Any price and availability information displayed on [relevant Amazon Site(s), as applicable] at the time of purchase will apply to the purchase of this product.\">Details<\/span>)<\/small><\/i><\/p>\n<p><a href=\"https:\/\/amazon.de\/dp\/B01MTU0GU1?tag=topgetestet09-21\"><img decoding=\"async\" src=\"https:\/\/i.imgur.com\/ISRHEWs.png\"><\/a><br \/>\n[ad_1]<br \/>\n Im Mittelpunkt der s.Oliver Kollektion steht, dass du in den Designs so sein kannst, wie du bist und dich niemals verkleidet f\u00fchlst . Dabei findest du bei uns zu jedem Look die passende Uhr, egal ob zum sportlichen Freizeit-Look, zum schicken Buisness-Outfit oder zum eleganten Auftritt am Abend. <br \/> Batterien \u200f : \u200e  1 Produktspezifisch Batterien erforderlich (enthalten). <br \/> Verpackungsabmessungen \u200f : \u200e  9.8 x 9.8 x 7.5 cm; 32 Gramm <br \/> Im Angebot von Amazon.de seit \u200f : \u200e  11. Januar 2017 <br \/> Hersteller \u200f : \u200e  s.Oliver <br \/> ASIN \u200f : \u200e  B01MTU0GU1 <br \/> Modellnummer \u200f : \u200e  SO-3221-LQ <br \/> Kategorie \u200f : \u200e  Damen <\/p>\n<p>Wei\u00dfes Zifferblatt mit Indexen &#8211; Flaches Mineralglas &#8211; Rosegoldfarbene Krone &#8211; Wassergesch\u00fctzt (3 Bar Pr\u00fcfdruck nach DIN-Norm 8310) &#8211; Hochwertiges Quarzwerk<br \/>Graues gelochtes Unterlegarmband aus Leder mit rosegoldfarbener Edelstahl Dornschlie\u00dfe &#8211; Bandanstoss : Spezial<br \/>Gewicht 32 Gramm &#8211; Armumfang : von ca. 17,5 bis 21,5 cm<br \/>\n<br \/>[ad_2]<\/p>\n","protected":false},"excerpt":{"rendered":"<p>Price: [price_with_discount](as of [price_update_date] &#8211; Details) [ad_1] Im Mittelpunkt der s.Oliver Kollektion steht, dass du in den Designs so sein kannst, wie du bist und dich niemals verkleidet f\u00fchlst .<\/p>\n","protected":false},"featured_media":13284,"comment_status":"open","ping_status":"closed","template":"","meta":[],"product_cat":[232],"product_tag":[],"class_list":{"0":"post-13283","1":"product","2":"type-product","3":"status-publish","4":"has-post-thumbnail","6":"product_cat-women-fashion","8":"first","9":"instock","10":"shipping-taxable","11":"product-type-external"},"aioseo_notices":[],"_links":{"self":[{"href":"https:\/\/topgetestet.de\/index.php?rest_route=\/wp\/v2\/product\/13283","targetHints":{"allow":["GET"]}}],"collection":[{"href":"https:\/\/topgetestet.de\/index.php?rest_route=\/wp\/v2\/product"}],"about":[{"href":"https:\/\/topgetestet.de\/index.php?rest_route=\/wp\/v2\/types\/product"}],"replies":[{"embeddable":true,"href":"https:\/\/topgetestet.de\/index.php?rest_route=%2Fwp%2Fv2%2Fcomments&post=13283"}],"wp:featuredmedia":[{"embeddable":true,"href":"https:\/\/topgetestet.de\/index.php?rest_route=\/wp\/v2\/media\/13284"}],"wp:attachment":[{"href":"https:\/\/topgetestet.de\/index.php?rest_route=%2Fwp%2Fv2%2Fmedia&parent=13283"}],"wp:term":[{"taxonomy":"product_cat","embeddable":true,"href":"https:\/\/topgetestet.de\/index.php?rest_route=%2Fwp%2Fv2%2Fproduct_cat&post=13283"},{"taxonomy":"product_tag","embeddable":true,"href":"https:\/\/topgetestet.de\/index.php?rest_route=%2Fwp%2Fv2%2Fproduct_tag&post=13283"}],"curies":[{"name":"wp","href":"https:\/\/api.w.org\/{rel}","templated":true}]}}