{"id":13266,"date":"2022-09-09T03:11:31","date_gmt":"2022-09-09T03:11:31","guid":{"rendered":"https:\/\/topgetestet.de\/?product=asics-damen-kinsei-blast-mud-sneaker"},"modified":"2022-09-09T03:11:31","modified_gmt":"2022-09-09T03:11:31","slug":"asics-damen-kinsei-blast-mud-sneaker","status":"publish","type":"product","link":"https:\/\/topgetestet.de\/?product=asics-damen-kinsei-blast-mud-sneaker","title":{"rendered":"ASICS Damen Kinsei Blast Mud Sneaker"},"content":{"rendered":"<p>Price: <span style=\"color:#b12704\">[price_with_discount]<\/span><br \/><i><small>(as of [price_update_date] &#8211; <span class=\"wp_automatic_amazon_disclaimer\" title=\"Product prices and availability are accurate as of the date\/time indicated and are subject to change. Any price and availability information displayed on [relevant Amazon Site(s), as applicable] at the time of purchase will apply to the purchase of this product.\">Details<\/span>)<\/small><\/i><\/p>\n<p><a href=\"https:\/\/amazon.de\/dp\/B0B3RRTWYG?tag=topgetestet09-21\"><img decoding=\"async\" src=\"https:\/\/i.imgur.com\/ISRHEWs.png\"><\/a><br \/>\n[ad_1]<br \/>\n <span>Gel-Kinsei \u2122 Blast-Schuhe sind f\u00fcr L\u00e4ufer mit gro\u00dfer Entfernung auf der Suche nach einem fehlgeschlagenen Fl\u00fcssigkeit ausgelegt. Bei der Verwirklichung der Oberfl\u00e4chen konzentrierten wir uns auf das Ziel, den Schuh sch\u00f6n zu machen, um sowohl im Rennen als auch in der Freizeit zu sehen. Die tonalen Farben auf dem oberen Upward des Jacquard kommen zusammen, um hervorragende Atmungsaktivit\u00e4t zu erzeugen, um sowohl w\u00e4hrend des Rennens als auch in Ihrer Freizeit ausgenutzt zu werden. Die Vereinigung zwischen Gel \u2122 -Technologie und FF Blast \u2122 -Polemen bevorzugt einen weichen, aber reaktiven Schritt. Nach der St\u00fctzphase dr\u00e4ngt der Schuh Sie mit einem fl\u00fcssigen \u00dcbergang nach vorne. Die Form des Ewigen wird durch das wiederholte Schwert des Samurai inspiriert. Mit einer Pebax -Platte in der Mitte leitet dieses Merkmal die Bewegung nach vorne und verleiht dem Rennen ein Gef\u00fchl gr\u00f6\u00dferer Geschwindigkeit.<\/span> <br \/> Verpackungsabmessungen \u200f : \u200e  33 x 21 x 11 cm; 1 Kilogramm <br \/> Im Angebot von Amazon.de seit \u200f : \u200e  27. Juni 2022 <br \/> Hersteller \u200f : \u200e  ASICS <br \/> ASIN \u200f : \u200e  B0B55V9XSY <br \/> Modellnummer \u200f : \u200e  1012B178-500 <br \/> Kategorie \u200f : \u200e  Damen <\/p>\n<p>Innenmaterial: Synthetic<br \/>Sohle: Gummi<br \/>Verschluss: Schn\u00fcrung<br \/>Absatzform: Kein Absatz<br \/>Schuhweite: Normale<br \/>Nicht wasserfest<br \/>Ankle Strap<br \/>\n<br \/>[ad_2]<\/p>\n","protected":false},"excerpt":{"rendered":"<p>Price: [price_with_discount](as of [price_update_date] &#8211; Details) [ad_1] Gel-Kinsei \u2122 Blast-Schuhe sind f\u00fcr L\u00e4ufer mit gro\u00dfer Entfernung auf der Suche nach einem fehlgeschlagenen Fl\u00fcssigkeit ausgelegt. Bei der Verwirklichung der Oberfl\u00e4chen konzentrierten<\/p>\n","protected":false},"featured_media":13267,"comment_status":"open","ping_status":"closed","template":"","meta":[],"product_cat":[234],"product_tag":[235],"class_list":{"0":"post-13266","1":"product","2":"type-product","3":"status-publish","4":"has-post-thumbnail","6":"product_cat-shoes","7":"product_tag-mens-road-running-shoes","9":"first","10":"instock","11":"shipping-taxable","12":"product-type-external"},"aioseo_notices":[],"_links":{"self":[{"href":"https:\/\/topgetestet.de\/index.php?rest_route=\/wp\/v2\/product\/13266","targetHints":{"allow":["GET"]}}],"collection":[{"href":"https:\/\/topgetestet.de\/index.php?rest_route=\/wp\/v2\/product"}],"about":[{"href":"https:\/\/topgetestet.de\/index.php?rest_route=\/wp\/v2\/types\/product"}],"replies":[{"embeddable":true,"href":"https:\/\/topgetestet.de\/index.php?rest_route=%2Fwp%2Fv2%2Fcomments&post=13266"}],"wp:featuredmedia":[{"embeddable":true,"href":"https:\/\/topgetestet.de\/index.php?rest_route=\/wp\/v2\/media\/13267"}],"wp:attachment":[{"href":"https:\/\/topgetestet.de\/index.php?rest_route=%2Fwp%2Fv2%2Fmedia&parent=13266"}],"wp:term":[{"taxonomy":"product_cat","embeddable":true,"href":"https:\/\/topgetestet.de\/index.php?rest_route=%2Fwp%2Fv2%2Fproduct_cat&post=13266"},{"taxonomy":"product_tag","embeddable":true,"href":"https:\/\/topgetestet.de\/index.php?rest_route=%2Fwp%2Fv2%2Fproduct_tag&post=13266"}],"curies":[{"name":"wp","href":"https:\/\/api.w.org\/{rel}","templated":true}]}}