{"id":13264,"date":"2022-09-09T03:09:04","date_gmt":"2022-09-09T03:09:04","guid":{"rendered":"https:\/\/topgetestet.de\/?product=sisley-self-tanning-hydrating-facial-skin-care-60ml"},"modified":"2022-09-09T03:09:04","modified_gmt":"2022-09-09T03:09:04","slug":"sisley-self-tanning-hydrating-facial-skin-care-60ml","status":"publish","type":"product","link":"https:\/\/topgetestet.de\/?product=sisley-self-tanning-hydrating-facial-skin-care-60ml","title":{"rendered":"Sisley Self Tanning Hydrating Facial Skin Care 60ml"},"content":{"rendered":"<p>Price: <span style=\"color:#b12704\">[price_with_discount]<\/span><br \/><i><small>(as of [price_update_date] &#8211; <span class=\"wp_automatic_amazon_disclaimer\" title=\"Product prices and availability are accurate as of the date\/time indicated and are subject to change. Any price and availability information displayed on [relevant Amazon Site(s), as applicable] at the time of purchase will apply to the purchase of this product.\">Details<\/span>)<\/small><\/i><\/p>\n<p><a href=\"https:\/\/amazon.de\/dp\/B0081KT9HQ?tag=topgetestet09-21\"><img decoding=\"async\" src=\"https:\/\/i.imgur.com\/ISRHEWs.png\"><\/a><br \/>\n[ad_1]<br \/>\n <span>\u00a1Si quieres lucir un moreno espectacular sin olvidar el cuidado de tu piel, Autobronceador Phyto Sun Sisley (60 ml) es lo que est\u00e1s buscando! Ya puedes disfrutar de la l\u00ednea de cremas solares Sisley y de bronceadores o aceites solares de marcas 100 % originales.G\u00e9nero: UnisexCapacidad: 60 mlHidratante<\/span> <br \/>Brand: SISLEY<br \/>Size: 60 ml<br \/>\n<br \/>[ad_2]<\/p>\n","protected":false},"excerpt":{"rendered":"<p>Price: [price_with_discount](as of [price_update_date] &#8211; Details) [ad_1] \u00a1Si quieres lucir un moreno espectacular sin olvidar el cuidado de tu piel, Autobronceador Phyto Sun Sisley (60 ml) es lo que est\u00e1s<\/p>\n","protected":false},"featured_media":13265,"comment_status":"open","ping_status":"closed","template":"","meta":[],"product_cat":[228],"product_tag":[246],"class_list":{"0":"post-13264","1":"product","2":"type-product","3":"status-publish","4":"has-post-thumbnail","6":"product_cat-beauty","7":"product_tag-facial-skin-care-products","9":"first","10":"instock","11":"shipping-taxable","12":"product-type-external"},"aioseo_notices":[],"_links":{"self":[{"href":"https:\/\/topgetestet.de\/index.php?rest_route=\/wp\/v2\/product\/13264","targetHints":{"allow":["GET"]}}],"collection":[{"href":"https:\/\/topgetestet.de\/index.php?rest_route=\/wp\/v2\/product"}],"about":[{"href":"https:\/\/topgetestet.de\/index.php?rest_route=\/wp\/v2\/types\/product"}],"replies":[{"embeddable":true,"href":"https:\/\/topgetestet.de\/index.php?rest_route=%2Fwp%2Fv2%2Fcomments&post=13264"}],"wp:featuredmedia":[{"embeddable":true,"href":"https:\/\/topgetestet.de\/index.php?rest_route=\/wp\/v2\/media\/13265"}],"wp:attachment":[{"href":"https:\/\/topgetestet.de\/index.php?rest_route=%2Fwp%2Fv2%2Fmedia&parent=13264"}],"wp:term":[{"taxonomy":"product_cat","embeddable":true,"href":"https:\/\/topgetestet.de\/index.php?rest_route=%2Fwp%2Fv2%2Fproduct_cat&post=13264"},{"taxonomy":"product_tag","embeddable":true,"href":"https:\/\/topgetestet.de\/index.php?rest_route=%2Fwp%2Fv2%2Fproduct_tag&post=13264"}],"curies":[{"name":"wp","href":"https:\/\/api.w.org\/{rel}","templated":true}]}}