{"id":13030,"date":"2022-09-09T02:11:32","date_gmt":"2022-09-09T02:11:32","guid":{"rendered":"https:\/\/topgetestet.de\/?product=adidas-herren-duramo-sl-sneaker"},"modified":"2022-09-09T02:11:32","modified_gmt":"2022-09-09T02:11:32","slug":"adidas-herren-duramo-sl-sneaker","status":"publish","type":"product","link":"https:\/\/topgetestet.de\/?product=adidas-herren-duramo-sl-sneaker","title":{"rendered":"adidas Herren Duramo Sl Sneaker"},"content":{"rendered":"<p>Price: <span style=\"color:#b12704\">[price_with_discount]<\/span><br \/><i><small>(as of [price_update_date] &#8211; <span class=\"wp_automatic_amazon_disclaimer\" title=\"Product prices and availability are accurate as of the date\/time indicated and are subject to change. Any price and availability information displayed on [relevant Amazon Site(s), as applicable] at the time of purchase will apply to the purchase of this product.\">Details<\/span>)<\/small><\/i><\/p>\n<p><a href=\"https:\/\/amazon.de\/dp\/B0919SL9SH?tag=topgetestet09-21\"><img decoding=\"async\" src=\"https:\/\/i.imgur.com\/ISRHEWs.png\"><\/a><br \/>\n[ad_1]<br \/>\n <span>Bereiten Sie sich vor, den Rhythmus Ihres n\u00e4chsten Laufs zu beschleunigen. Dieser Adidas Laufschuh verf\u00fcgt \u00fcber ein Mesh-Obermaterial und eine weiche Neopren-Ferse, die ihm einen technischen Look verleiht und eine tolle Passform und Halt bietet. Die leichte Lightmotion Zwischensohle ist bereit, auf die schnellsten Rhythmus\u00e4nderungen zu reagieren.<\/span> <br \/> Produktabmessungen \u200f : \u200e  30 x 15 x 10 cm; 250 Gramm <br \/> Im Angebot von Amazon.de seit \u200f : \u200e  2. Juni 2021 <br \/> Hersteller \u200f : \u200e  adidas performance <br \/> ASIN \u200f : \u200e  B0919PKRG6 <br \/> Modellnummer \u200f : \u200e  GV7124_39 1\/3 <br \/> Kategorie \u200f : \u200e  Herren <\/p>\n<p>Innenmaterial: Fabric<br \/>Sohle: Fabric<br \/>Verschluss: Schn\u00fcrung<br \/>Absatzform: Plateauabsatz<br \/>Materialzusammensetzung: Obermaterial: 100% Mesh<br \/>Schuhweite: Medium<br \/>Nicht wasserfest<br \/>\n<br \/>[ad_2]<\/p>\n","protected":false},"excerpt":{"rendered":"<p>Price: [price_with_discount](as of [price_update_date] &#8211; Details) [ad_1] Bereiten Sie sich vor, den Rhythmus Ihres n\u00e4chsten Laufs zu beschleunigen. Dieser Adidas Laufschuh verf\u00fcgt \u00fcber ein Mesh-Obermaterial und eine weiche Neopren-Ferse, die<\/p>\n","protected":false},"featured_media":13031,"comment_status":"open","ping_status":"closed","template":"","meta":[],"product_cat":[234],"product_tag":[235],"class_list":{"0":"post-13030","1":"product","2":"type-product","3":"status-publish","4":"has-post-thumbnail","6":"product_cat-shoes","7":"product_tag-mens-road-running-shoes","9":"first","10":"instock","11":"shipping-taxable","12":"product-type-external"},"aioseo_notices":[],"_links":{"self":[{"href":"https:\/\/topgetestet.de\/index.php?rest_route=\/wp\/v2\/product\/13030","targetHints":{"allow":["GET"]}}],"collection":[{"href":"https:\/\/topgetestet.de\/index.php?rest_route=\/wp\/v2\/product"}],"about":[{"href":"https:\/\/topgetestet.de\/index.php?rest_route=\/wp\/v2\/types\/product"}],"replies":[{"embeddable":true,"href":"https:\/\/topgetestet.de\/index.php?rest_route=%2Fwp%2Fv2%2Fcomments&post=13030"}],"wp:featuredmedia":[{"embeddable":true,"href":"https:\/\/topgetestet.de\/index.php?rest_route=\/wp\/v2\/media\/13031"}],"wp:attachment":[{"href":"https:\/\/topgetestet.de\/index.php?rest_route=%2Fwp%2Fv2%2Fmedia&parent=13030"}],"wp:term":[{"taxonomy":"product_cat","embeddable":true,"href":"https:\/\/topgetestet.de\/index.php?rest_route=%2Fwp%2Fv2%2Fproduct_cat&post=13030"},{"taxonomy":"product_tag","embeddable":true,"href":"https:\/\/topgetestet.de\/index.php?rest_route=%2Fwp%2Fv2%2Fproduct_tag&post=13030"}],"curies":[{"name":"wp","href":"https:\/\/api.w.org\/{rel}","templated":true}]}}