{"id":12990,"date":"2022-09-09T02:03:23","date_gmt":"2022-09-09T02:03:23","guid":{"rendered":"https:\/\/topgetestet.de\/?product=grand-theft-auto-the-trilogy-the-definitive-edition-playstation-4"},"modified":"2022-09-09T02:03:23","modified_gmt":"2022-09-09T02:03:23","slug":"grand-theft-auto-the-trilogy-the-definitive-edition-playstation-4","status":"publish","type":"product","link":"https:\/\/topgetestet.de\/?product=grand-theft-auto-the-trilogy-the-definitive-edition-playstation-4","title":{"rendered":"Grand Theft Auto: The Trilogy &#8211; The Definitive Edition [Playstation 4]"},"content":{"rendered":"<p>Price: <span style=\"color:#b12704\">[price_with_discount]<\/span><br \/><i><small>(as of [price_update_date] &#8211; <span class=\"wp_automatic_amazon_disclaimer\" title=\"Product prices and availability are accurate as of the date\/time indicated and are subject to change. Any price and availability information displayed on [relevant Amazon Site(s), as applicable] at the time of purchase will apply to the purchase of this product.\">Details<\/span>)<\/small><\/i><\/p>\n<p><a href=\"https:\/\/amazon.de\/dp\/B09KCBMTZZ?tag=topgetestet09-21\"><img decoding=\"async\" src=\"https:\/\/i.imgur.com\/ISRHEWs.png\"><\/a><br \/>\n[ad_1]<\/p>\n<p>       Produktbeschreibung des Herstellers <\/p>\n<p>          <img decoding=\"async\" alt=\"GTA: Trilogy \u2013 Definitive Edition\" src=\"https:\/\/images-na.ssl-images-amazon.com\/images\/G\/01\/x-locale\/common\/grey-pixel.gif\" class=\"a-spacing-base a-lazy-loaded\" data-src=\"https:\/\/m.media-amazon.com\/images\/S\/aplus-media-library-service-media\/42e0cadb-f445-4738-9e3f-8eacea0dc73a.__CR87,0,1746,1080_PT0_SX970_V1___.jpg\"><\/p>\n<p>           <img decoding=\"async\" alt=\"GTA: Trilogy \u2013 Definitive Edition\" src=\"https:\/\/m.media-amazon.com\/images\/S\/aplus-media-library-service-media\/42e0cadb-f445-4738-9e3f-8eacea0dc73a.__CR87,0,1746,1080_PT0_SX970_V1___.jpg\"><\/p>\n<h3 class=\"a-spacing-mini\"> Drei ikonische St\u00e4dte, drei epische Geschichten. <\/h3>\n<p class=\"a-spacing-base\"> Erleben Sie die die Klassiker der urspr\u00fcnglichen Grand Theft Auto Trilogy: Grand Theft Auto III, Grand Theft Auto: Vice City und Grand Theft Auto: San Andreas, die ein ganzes Genre bestimmt haben und nun f\u00fcr eine neue Generation umfangreich und weitgreifend \u00fcberarbeitet wurden \u2013 mit brillanter neuer Beleuchtung und Umgebungsverbesserungen, hochaufgel\u00f6sten Texturen, erh\u00f6hter Sichtweite, Steuerung und Zielmechanik im Stil von Grand Theft Auto V und vielem mehr, um diesen geliebten Welten mit noch nie dagewesenem Detailreichtum neues Leben einzuhauchen. <\/p>\n<p>              <img decoding=\"async\" alt=\"GTA III\" src=\"https:\/\/images-na.ssl-images-amazon.com\/images\/G\/01\/x-locale\/common\/grey-pixel.gif\" class=\"a-lazy-loaded\" data-src=\"https:\/\/m.media-amazon.com\/images\/S\/aplus-media-library-service-media\/58c00e94-027e-4cb7-8d6f-75c0a7e75a1a.__CR420,0,1080,1080_PT0_SX300_V1___.jpg\"><\/p>\n<p>               <img decoding=\"async\" alt=\"GTA III\" src=\"https:\/\/m.media-amazon.com\/images\/S\/aplus-media-library-service-media\/58c00e94-027e-4cb7-8d6f-75c0a7e75a1a.__CR420,0,1080,1080_PT0_SX300_V1___.jpg\"><\/p>\n<h3 class=\"a-spacing-mini\"> GRAND THEFT AUTO III <\/h3>\n<p> Alles beginnt in Liberty City. Grand Theft Auto III macht mit seinem revolution\u00e4ren Ansatz einer frei erkundbaren Spielwelt, in der Sie sich mit jedem anlegen k\u00f6nnen, die dunkle, fesselnde und skrupellose Unterwelt zu Ihrem Spielplatz \u2013 wenn Sie sich trauen, in sie einzutauchen. <\/p>\n<p>              <img decoding=\"async\" alt=\"Grand Theft Auto: Vice City\" src=\"https:\/\/images-na.ssl-images-amazon.com\/images\/G\/01\/x-locale\/common\/grey-pixel.gif\" class=\"a-spacing-mini a-lazy-loaded\" data-src=\"https:\/\/m.media-amazon.com\/images\/S\/aplus-media-library-service-media\/c722d29a-813a-498f-860d-5f4ca4c3aa00.__CR420,0,1080,1080_PT0_SX300_V1___.jpg\"><\/p>\n<p>               <img decoding=\"async\" alt=\"Grand Theft Auto: Vice City\" src=\"https:\/\/m.media-amazon.com\/images\/S\/aplus-media-library-service-media\/c722d29a-813a-498f-860d-5f4ca4c3aa00.__CR420,0,1080,1080_PT0_SX300_V1___.jpg\"><\/p>\n<h3 class=\"a-spacing-mini\"> GRAND THEFT AUTO: VICE CITY <\/h3>\n<p> Willkommen in den 80ern. Im Jahrzehnt der wilden Frisuren und der pastellfarbenen Anz\u00fcge spielt die Geschichte eines Mannes, der sich seinen Weg an die Spitze der Welt des Verbrechens bahnt. Grand Theft Auto kehrt zur\u00fcck mit Tommy Vercettis Erz\u00e4hlung \u00fcber Betrug und Vergeltung in einer in Neonlicht getr\u00e4nkten, tropischen Stadt voller Exzesse und unz\u00e4hliger M\u00f6glichkeiten. <\/p>\n<p>              <img decoding=\"async\" alt=\"Grand Theft Auto: San Andreas\" src=\"https:\/\/images-na.ssl-images-amazon.com\/images\/G\/01\/x-locale\/common\/grey-pixel.gif\" class=\"a-lazy-loaded\" data-src=\"https:\/\/m.media-amazon.com\/images\/S\/aplus-media-library-service-media\/9e142a54-8d93-49a3-afca-9f9949781b83.__CR420,0,1080,1080_PT0_SX300_V1___.jpg\"><\/p>\n<p>               <img decoding=\"async\" alt=\"Grand Theft Auto: San Andreas\" src=\"https:\/\/m.media-amazon.com\/images\/S\/aplus-media-library-service-media\/9e142a54-8d93-49a3-afca-9f9949781b83.__CR420,0,1080,1080_PT0_SX300_V1___.jpg\"><\/p>\n<h3 class=\"a-spacing-mini\"> GRAND THEFT AUTO: SAN ANDREAS <\/h3>\n<p> Vor f\u00fcnf Jahren hat Carl \u201eCJ\u201c Johnson es geschafft, den Problemen von Los Santos zu entkommen \u2013 einer Stadt im Staat San Andreas, die in Bandenkriegen, Drogen und Korruption zu versinken droht. Wir schreiben nun die fr\u00fchen 90er. CJ muss zur\u00fcck \u2013 seine Mutter wurde ermordet, seine Familie ist auseinandergebrochen und seine alten Freunde sind drauf und dran, auf direktem Weg ins Verderben zu schlittern. Doch kaum zur\u00fcck in seiner alten Heimat h\u00e4ngen ihm einige korrupte Cops einen Mord an, was CJ zu einer Reise zwingt, die ihn durch ganz San Andreas f\u00fchrt, um seine Familie zu retten und die Stra\u00dfen in diesem n\u00e4chsten Teil der Reihe, die alles ver\u00e4ndert hat, unter seine Kontrolle zu bringen. <\/p>\n<p> Entwickelt von Rockstar Games, adaptiert von Grove Street Games. <\/p>\n<p> Alterseinstufung \u200f : \u200e  USK ab 18 <br \/> Handbuch \u200f : \u200e  Deutsch <br \/> Verpackungsabmessungen \u200f : \u200e  17.1 x 13.6 x 1.6 cm; 80 Gramm <br \/> Erscheinungstermin \u200f : \u200e  17. Dezember 2021 <br \/> ASIN \u200f : \u200e  B09KCBMTZZ <br \/> Herstellerreferenz \u200f : \u200e  440378 <br \/> Herkunftsland \u200f : \u200e  \u00d6sterreich <\/p>\n<p>Mit brillanter neuer Beleuchtung und Umgebungsverbesserungen, hochaufgel\u00f6sten Texturen, erh\u00f6hter Sichtweite, Steuerung und Zielmechanik im Stil von GTAV und vielem mehr<br \/>\n<br \/>[ad_2]<\/p>\n","protected":false},"excerpt":{"rendered":"<p>Price: [price_with_discount](as of [price_update_date] &#8211; Details) [ad_1] Produktbeschreibung des Herstellers Drei ikonische St\u00e4dte, drei epische Geschichten. Erleben Sie die die Klassiker der urspr\u00fcnglichen Grand Theft Auto Trilogy: Grand Theft Auto<\/p>\n","protected":false},"featured_media":12991,"comment_status":"open","ping_status":"closed","template":"","meta":[],"product_cat":[227],"product_tag":[261],"class_list":{"0":"post-12990","1":"product","2":"type-product","3":"status-publish","4":"has-post-thumbnail","6":"product_cat-gaming","7":"product_tag-playstation-legacy-games","9":"first","10":"instock","11":"sale","12":"shipping-taxable","13":"product-type-external"},"aioseo_notices":[],"_links":{"self":[{"href":"https:\/\/topgetestet.de\/index.php?rest_route=\/wp\/v2\/product\/12990","targetHints":{"allow":["GET"]}}],"collection":[{"href":"https:\/\/topgetestet.de\/index.php?rest_route=\/wp\/v2\/product"}],"about":[{"href":"https:\/\/topgetestet.de\/index.php?rest_route=\/wp\/v2\/types\/product"}],"replies":[{"embeddable":true,"href":"https:\/\/topgetestet.de\/index.php?rest_route=%2Fwp%2Fv2%2Fcomments&post=12990"}],"wp:featuredmedia":[{"embeddable":true,"href":"https:\/\/topgetestet.de\/index.php?rest_route=\/wp\/v2\/media\/12991"}],"wp:attachment":[{"href":"https:\/\/topgetestet.de\/index.php?rest_route=%2Fwp%2Fv2%2Fmedia&parent=12990"}],"wp:term":[{"taxonomy":"product_cat","embeddable":true,"href":"https:\/\/topgetestet.de\/index.php?rest_route=%2Fwp%2Fv2%2Fproduct_cat&post=12990"},{"taxonomy":"product_tag","embeddable":true,"href":"https:\/\/topgetestet.de\/index.php?rest_route=%2Fwp%2Fv2%2Fproduct_tag&post=12990"}],"curies":[{"name":"wp","href":"https:\/\/api.w.org\/{rel}","templated":true}]}}