{"id":12920,"date":"2022-09-09T01:42:55","date_gmt":"2022-09-09T01:42:55","guid":{"rendered":"https:\/\/topgetestet.de\/?product=apple-magic-mouse"},"modified":"2022-09-09T01:42:55","modified_gmt":"2022-09-09T01:42:55","slug":"apple-magic-mouse","status":"publish","type":"product","link":"https:\/\/topgetestet.de\/?product=apple-magic-mouse","title":{"rendered":"Apple Magic\u00a0Mouse"},"content":{"rendered":"<p>Price: <span style=\"color:#b12704\">[price_with_discount]<\/span><br \/><i><small>(as of [price_update_date] &#8211; <span class=\"wp_automatic_amazon_disclaimer\" title=\"Product prices and availability are accurate as of the date\/time indicated and are subject to change. Any price and availability information displayed on [relevant Amazon Site(s), as applicable] at the time of purchase will apply to the purchase of this product.\">Details<\/span>)<\/small><\/i><\/p>\n<p><a href=\"https:\/\/amazon.de\/dp\/B09BV7YYG3?tag=topgetestet09-21\"><img decoding=\"async\" src=\"https:\/\/i.imgur.com\/ISRHEWs.png\"><\/a><br \/>\n[ad_1]<br \/>\n<br \/>Mit der Multi\u2011Touch Oberfl\u00e4che kannst du einfache Gesten ausf\u00fchren, wie durch Webseiten streichen oder durch Dokumente scrollen.<br \/>Die integrierte Batterie h\u00e4lt unglaublich lange<br \/>Voll geladen versorgt sie deine Magic Mouse etwa einen Monat oder l\u00e4nger mit Strom<br \/>Die Magic Mouse ist sofort einsatzbereit und koppelt sich automatisch mit deinem Mac<br \/>Au\u00dferdem kommt sie mit einem gewebten USB\u2011C auf Lightning Kabel, das du zum Laden und Koppeln \u00fcber einen USB\u2011C Anschluss mit deinem Mac verbinden kannst.<br \/>Lieferumfang: Magic\u00a0Mouse, USB\u2011C auf Lightning Kabel<br \/>System Anforderungen: Bluetooth f\u00e4higer Mac mit OS\u00a0X\u00a010.11 oder neuer, iPad mit iPadOS\u00a013.4 oder neuer<br \/>\n<br \/>[ad_2]<\/p>\n","protected":false},"excerpt":{"rendered":"<p>Price: [price_with_discount](as of [price_update_date] &#8211; Details) [ad_1] Mit der Multi\u2011Touch Oberfl\u00e4che kannst du einfache Gesten ausf\u00fchren, wie durch Webseiten streichen oder durch Dokumente scrollen.Die integrierte Batterie h\u00e4lt unglaublich langeVoll geladen<\/p>\n","protected":false},"featured_media":12921,"comment_status":"open","ping_status":"closed","template":"","meta":[],"product_cat":[227],"product_tag":[258],"class_list":{"0":"post-12920","1":"product","2":"type-product","3":"status-publish","4":"has-post-thumbnail","6":"product_cat-gaming","7":"product_tag-mac-accessories","9":"first","10":"instock","11":"sale","12":"shipping-taxable","13":"product-type-external"},"aioseo_notices":[],"_links":{"self":[{"href":"https:\/\/topgetestet.de\/index.php?rest_route=\/wp\/v2\/product\/12920","targetHints":{"allow":["GET"]}}],"collection":[{"href":"https:\/\/topgetestet.de\/index.php?rest_route=\/wp\/v2\/product"}],"about":[{"href":"https:\/\/topgetestet.de\/index.php?rest_route=\/wp\/v2\/types\/product"}],"replies":[{"embeddable":true,"href":"https:\/\/topgetestet.de\/index.php?rest_route=%2Fwp%2Fv2%2Fcomments&post=12920"}],"wp:featuredmedia":[{"embeddable":true,"href":"https:\/\/topgetestet.de\/index.php?rest_route=\/wp\/v2\/media\/12921"}],"wp:attachment":[{"href":"https:\/\/topgetestet.de\/index.php?rest_route=%2Fwp%2Fv2%2Fmedia&parent=12920"}],"wp:term":[{"taxonomy":"product_cat","embeddable":true,"href":"https:\/\/topgetestet.de\/index.php?rest_route=%2Fwp%2Fv2%2Fproduct_cat&post=12920"},{"taxonomy":"product_tag","embeddable":true,"href":"https:\/\/topgetestet.de\/index.php?rest_route=%2Fwp%2Fv2%2Fproduct_tag&post=12920"}],"curies":[{"name":"wp","href":"https:\/\/api.w.org\/{rel}","templated":true}]}}