{"id":12836,"date":"2022-09-09T01:19:55","date_gmt":"2022-09-09T01:19:55","guid":{"rendered":"https:\/\/topgetestet.de\/?product=nike-damen-leggings-the-one"},"modified":"2022-09-09T01:19:55","modified_gmt":"2022-09-09T01:19:55","slug":"nike-damen-leggings-the-one","status":"publish","type":"product","link":"https:\/\/topgetestet.de\/?product=nike-damen-leggings-the-one","title":{"rendered":"Nike Damen Leggings The One"},"content":{"rendered":"<p>Price: <span style=\"color:#b12704\">[price_with_discount]<\/span><br \/><i><small>(as of [price_update_date] &#8211; <span class=\"wp_automatic_amazon_disclaimer\" title=\"Product prices and availability are accurate as of the date\/time indicated and are subject to change. Any price and availability information displayed on [relevant Amazon Site(s), as applicable] at the time of purchase will apply to the purchase of this product.\">Details<\/span>)<\/small><\/i><\/p>\n<p><a href=\"https:\/\/amazon.de\/dp\/B08NYJPR49?tag=topgetestet09-21\"><img decoding=\"async\" src=\"https:\/\/i.imgur.com\/ISRHEWs.png\"><\/a><br \/>\n[ad_1]<br \/>\n <span>Die Nike One Mid-Rise 7\/8 Tights sind immer perfekt, vom fr\u00fchen Morgenlauf bis zum Abend im Fitnessstudio und zu jeder anderen Tageszeit. Das weiche Material bleibt blickdicht und leitet Schwei\u00df ab, um Ihre Haut trocken zu halten und Ihnen maximalen Komfort zu bieten, um Ihren Tag mit Zuversicht zu meistern. Das sorgf\u00e4ltige und atmungsaktive Design besteht aus mindestens 50 % recyceltem Polyester und Mesh-Eins\u00e4tzen, die f\u00fcr maximale Frische sorgen.<\/span> <br \/> Verpackungsabmessungen \u200f : \u200e  28.91 x 19.71 x 3.61 cm; 168 Gramm <br \/> Im Angebot von Amazon.de seit \u200f : \u200e  16. M\u00e4rz 2021 <br \/> Hersteller \u200f : \u200e  Nike <br \/> ASIN \u200f : \u200e  B08Z5YP7C4 <br \/> Modellnummer \u200f : \u200e  DD0249 <br \/> Kategorie \u200f : \u200e  Damen <\/p>\n<p>Dri-Fit-Technologie<br \/>Verschluss: Tunnelzug<br \/>78% Polyester, 22% Elasthan<br \/>Sport<br \/>Pflegehinweis: Maschinenw\u00e4sche<br \/>Modellnummer: DD0249<br \/>Mesh an den Waden<br \/>\n<br \/>[ad_2]<\/p>\n","protected":false},"excerpt":{"rendered":"<p>Price: [price_with_discount](as of [price_update_date] &#8211; Details) [ad_1] Die Nike One Mid-Rise 7\/8 Tights sind immer perfekt, vom fr\u00fchen Morgenlauf bis zum Abend im Fitnessstudio und zu jeder anderen Tageszeit. Das<\/p>\n","protected":false},"featured_media":12837,"comment_status":"open","ping_status":"closed","template":"","meta":[],"product_cat":[232],"product_tag":[],"class_list":{"0":"post-12836","1":"product","2":"type-product","3":"status-publish","4":"has-post-thumbnail","6":"product_cat-women-fashion","8":"first","9":"instock","10":"shipping-taxable","11":"product-type-external"},"aioseo_notices":[],"_links":{"self":[{"href":"https:\/\/topgetestet.de\/index.php?rest_route=\/wp\/v2\/product\/12836","targetHints":{"allow":["GET"]}}],"collection":[{"href":"https:\/\/topgetestet.de\/index.php?rest_route=\/wp\/v2\/product"}],"about":[{"href":"https:\/\/topgetestet.de\/index.php?rest_route=\/wp\/v2\/types\/product"}],"replies":[{"embeddable":true,"href":"https:\/\/topgetestet.de\/index.php?rest_route=%2Fwp%2Fv2%2Fcomments&post=12836"}],"wp:featuredmedia":[{"embeddable":true,"href":"https:\/\/topgetestet.de\/index.php?rest_route=\/wp\/v2\/media\/12837"}],"wp:attachment":[{"href":"https:\/\/topgetestet.de\/index.php?rest_route=%2Fwp%2Fv2%2Fmedia&parent=12836"}],"wp:term":[{"taxonomy":"product_cat","embeddable":true,"href":"https:\/\/topgetestet.de\/index.php?rest_route=%2Fwp%2Fv2%2Fproduct_cat&post=12836"},{"taxonomy":"product_tag","embeddable":true,"href":"https:\/\/topgetestet.de\/index.php?rest_route=%2Fwp%2Fv2%2Fproduct_tag&post=12836"}],"curies":[{"name":"wp","href":"https:\/\/api.w.org\/{rel}","templated":true}]}}