{"id":12751,"date":"2022-09-09T00:59:43","date_gmt":"2022-09-09T00:59:43","guid":{"rendered":"https:\/\/topgetestet.de\/?product=carhartt-beanie-knit-cuffed-watch"},"modified":"2022-09-09T00:59:43","modified_gmt":"2022-09-09T00:59:43","slug":"carhartt-beanie-knit-cuffed-watch","status":"publish","type":"product","link":"https:\/\/topgetestet.de\/?product=carhartt-beanie-knit-cuffed-watch","title":{"rendered":"Carhartt Beanie Knit Cuffed Watch"},"content":{"rendered":"<p>Price: <span style=\"color:#b12704\">[price_with_discount]<\/span><br \/><i><small>(as of [price_update_date] &#8211; <span class=\"wp_automatic_amazon_disclaimer\" title=\"Product prices and availability are accurate as of the date\/time indicated and are subject to change. Any price and availability information displayed on [relevant Amazon Site(s), as applicable] at the time of purchase will apply to the purchase of this product.\">Details<\/span>)<\/small><\/i><\/p>\n<p><a href=\"https:\/\/amazon.de\/dp\/B002G9UDYG?tag=topgetestet09-21\"><img decoding=\"async\" src=\"https:\/\/i.imgur.com\/ISRHEWs.png\"><\/a><br \/>\n[ad_1]<br \/>\n <span>&#8216;Ich glaube, wenn ein Mann einen Artikel tr\u00e4gt, den ich herstelle, wird seine Selbstachtung erh\u00f6ht, weil er wei\u00df, dass er von einem ehrlichen Hersteller hergestellt wird, der seinen Mitarbeitern gegen\u00fcber ehrlich ist.&#8217; Das sagte Hamilton Carhartt, der Gr\u00fcnder der Marke, vor \u00fcber 100 Jahren \u00fcber seine Produkte. Die Botschaft ist heute genauso aktuell und wird genauso ernst genommen, wie damals. Carhartt Workwear steht seit 1889 f\u00fcr extrem strapazierf\u00e4hige Arbeitsbekleidung, die dabei immer bequem ist. Designtechnisch bleibt Carhartt stets eins: klassisch amerikanisch mit einem traditionellen, zeitlosen Chic. Dies f\u00fchrt dazu, dass Carhartt Workwear durchaus auch abseits der Baustellen und Werkst\u00e4tten getragen wird. Egal, wo du Carhartt tr\u00e4gst, du kannst dir sicher sein, dass das Versprechen des einstmaligen Gr\u00fcnders auch heute noch gilt. Outworking them all since 1889.<\/span> <br \/> Im Angebot von Amazon.de seit \u200f : \u200e  11. Mai 2017 <br \/> Hersteller \u200f : \u200e  Carhartt <br \/> ASIN \u200f : \u200e  B071F3MP4L <br \/> Kategorie \u200f : \u200e  Unisex <\/p>\n<p>Warmes Rib-Strick-Gewebe<br \/>Verschluss: No Closure<br \/>100% Polyacryl<br \/>Watch Hat<br \/>Pflegehinweis: Maschinenw\u00e4sche<br \/>Modellnummer: A18<br \/>\n<br \/>[ad_2]<\/p>\n","protected":false},"excerpt":{"rendered":"<p>Price: [price_with_discount](as of [price_update_date] &#8211; Details) [ad_1] &#8216;Ich glaube, wenn ein Mann einen Artikel tr\u00e4gt, den ich herstelle, wird seine Selbstachtung erh\u00f6ht, weil er wei\u00df, dass er von einem ehrlichen<\/p>\n","protected":false},"featured_media":12752,"comment_status":"open","ping_status":"closed","template":"","meta":[],"product_cat":[230],"product_tag":[260],"class_list":{"0":"post-12751","1":"product","2":"type-product","3":"status-publish","4":"has-post-thumbnail","6":"product_cat-fashion","7":"product_tag-clothing-shoes-jewelry","9":"first","10":"instock","11":"sale","12":"shipping-taxable","13":"product-type-external"},"aioseo_notices":[],"_links":{"self":[{"href":"https:\/\/topgetestet.de\/index.php?rest_route=\/wp\/v2\/product\/12751","targetHints":{"allow":["GET"]}}],"collection":[{"href":"https:\/\/topgetestet.de\/index.php?rest_route=\/wp\/v2\/product"}],"about":[{"href":"https:\/\/topgetestet.de\/index.php?rest_route=\/wp\/v2\/types\/product"}],"replies":[{"embeddable":true,"href":"https:\/\/topgetestet.de\/index.php?rest_route=%2Fwp%2Fv2%2Fcomments&post=12751"}],"wp:featuredmedia":[{"embeddable":true,"href":"https:\/\/topgetestet.de\/index.php?rest_route=\/wp\/v2\/media\/12752"}],"wp:attachment":[{"href":"https:\/\/topgetestet.de\/index.php?rest_route=%2Fwp%2Fv2%2Fmedia&parent=12751"}],"wp:term":[{"taxonomy":"product_cat","embeddable":true,"href":"https:\/\/topgetestet.de\/index.php?rest_route=%2Fwp%2Fv2%2Fproduct_cat&post=12751"},{"taxonomy":"product_tag","embeddable":true,"href":"https:\/\/topgetestet.de\/index.php?rest_route=%2Fwp%2Fv2%2Fproduct_tag&post=12751"}],"curies":[{"name":"wp","href":"https:\/\/api.w.org\/{rel}","templated":true}]}}