{"id":12745,"date":"2022-09-09T00:56:50","date_gmt":"2022-09-09T00:56:50","guid":{"rendered":"https:\/\/topgetestet.de\/?product=under-armour-phantom-2-strasenlaufschuhe-fur-manner-schwarz-gelb"},"modified":"2022-09-09T00:56:50","modified_gmt":"2022-09-09T00:56:50","slug":"under-armour-phantom-2-strasenlaufschuhe-fur-manner-schwarz-gelb","status":"publish","type":"product","link":"https:\/\/topgetestet.de\/?product=under-armour-phantom-2-strasenlaufschuhe-fur-manner-schwarz-gelb","title":{"rendered":"Under Armour Phantom 2 Stra\u00dfenlaufschuhe f\u00fcr M\u00e4nner Schwarz Gelb"},"content":{"rendered":"<p>Price: <span style=\"color:#b12704\">[price_with_discount]<\/span><br \/><i><small>(as of [price_update_date] &#8211; <span class=\"wp_automatic_amazon_disclaimer\" title=\"Product prices and availability are accurate as of the date\/time indicated and are subject to change. Any price and availability information displayed on [relevant Amazon Site(s), as applicable] at the time of purchase will apply to the purchase of this product.\">Details<\/span>)<\/small><\/i><\/p>\n<p><a href=\"https:\/\/amazon.de\/dp\/B09691PKBN?tag=topgetestet09-21\"><img decoding=\"async\" src=\"https:\/\/i.imgur.com\/ISRHEWs.png\"><\/a><br \/>\n[ad_1]<br \/>\n <span>Under Armour Mission ist es, alle Athleten durch Leidenschaft, Design und das Streben nach Innovation besser zu machen. Die Technologie hinter dem vielf\u00e4ltigen Produktsortiment von Under Armour ist komplex, aber das Programm f\u00fcr die Nutzung der Vorteile ist einfach: Tragen Sie HeatGear, wenn es hei\u00df ist, ColdGear wenn es kalt ist, und AllSeasonGear zwischen den Extremen.<\/span> <br \/> Produktabmessungen \u200f : \u200e  38 x 25 x 14 cm; 1 Kilogramm <br \/> Im Angebot von Amazon.de seit \u200f : \u200e  8. Januar 2022 <br \/> Hersteller \u200f : \u200e  Under Armour <br \/> ASIN \u200f : \u200e  B09692TYP1 <br \/> Modellnummer \u200f : \u200e  3024154 <br \/> Kategorie \u200f : \u200e  Herren <\/p>\n<p>Innenmaterial: Synthetik<br \/>Sohle: Synthetik<br \/>Verschluss: Schn\u00fcrung<br \/>Absatzh\u00f6he: 26.5 Millimeter<br \/>Absatzform: Flach<br \/>Schuhweite: Normale<br \/>Nicht wasserfest<br \/>\n<br \/>[ad_2]<\/p>\n","protected":false},"excerpt":{"rendered":"<p>Price: [price_with_discount](as of [price_update_date] &#8211; Details) [ad_1] Under Armour Mission ist es, alle Athleten durch Leidenschaft, Design und das Streben nach Innovation besser zu machen. Die Technologie hinter dem vielf\u00e4ltigen<\/p>\n","protected":false},"featured_media":12746,"comment_status":"open","ping_status":"closed","template":"","meta":[],"product_cat":[234],"product_tag":[235],"class_list":{"0":"post-12745","1":"product","2":"type-product","3":"status-publish","4":"has-post-thumbnail","6":"product_cat-shoes","7":"product_tag-mens-road-running-shoes","9":"first","10":"instock","11":"shipping-taxable","12":"product-type-external"},"aioseo_notices":[],"_links":{"self":[{"href":"https:\/\/topgetestet.de\/index.php?rest_route=\/wp\/v2\/product\/12745","targetHints":{"allow":["GET"]}}],"collection":[{"href":"https:\/\/topgetestet.de\/index.php?rest_route=\/wp\/v2\/product"}],"about":[{"href":"https:\/\/topgetestet.de\/index.php?rest_route=\/wp\/v2\/types\/product"}],"replies":[{"embeddable":true,"href":"https:\/\/topgetestet.de\/index.php?rest_route=%2Fwp%2Fv2%2Fcomments&post=12745"}],"wp:featuredmedia":[{"embeddable":true,"href":"https:\/\/topgetestet.de\/index.php?rest_route=\/wp\/v2\/media\/12746"}],"wp:attachment":[{"href":"https:\/\/topgetestet.de\/index.php?rest_route=%2Fwp%2Fv2%2Fmedia&parent=12745"}],"wp:term":[{"taxonomy":"product_cat","embeddable":true,"href":"https:\/\/topgetestet.de\/index.php?rest_route=%2Fwp%2Fv2%2Fproduct_cat&post=12745"},{"taxonomy":"product_tag","embeddable":true,"href":"https:\/\/topgetestet.de\/index.php?rest_route=%2Fwp%2Fv2%2Fproduct_tag&post=12745"}],"curies":[{"name":"wp","href":"https:\/\/api.w.org\/{rel}","templated":true}]}}