{"id":12655,"date":"2022-09-09T00:36:42","date_gmt":"2022-09-09T00:36:42","guid":{"rendered":"https:\/\/topgetestet.de\/?product=essence-make-up-buffer-brush-pinsel-weiss"},"modified":"2022-09-09T00:36:42","modified_gmt":"2022-09-09T00:36:42","slug":"essence-make-up-buffer-brush-pinsel-weiss","status":"publish","type":"product","link":"https:\/\/topgetestet.de\/?product=essence-make-up-buffer-brush-pinsel-weiss","title":{"rendered":"essence MAKE UP BUFFER BRUSH, Pinsel, weiss"},"content":{"rendered":"<p>Price: <span style=\"color:#b12704\">[price_with_discount]<\/span><br \/><i><small>(as of [price_update_date] &#8211; <span class=\"wp_automatic_amazon_disclaimer\" title=\"Product prices and availability are accurate as of the date\/time indicated and are subject to change. Any price and availability information displayed on [relevant Amazon Site(s), as applicable] at the time of purchase will apply to the purchase of this product.\">Details<\/span>)<\/small><\/i><\/p>\n<p><a href=\"https:\/\/amazon.de\/dp\/B079X4972R?tag=topgetestet09-21\"><img decoding=\"async\" src=\"https:\/\/i.imgur.com\/ISRHEWs.png\"><\/a><br \/>\n[ad_1]<br \/>\n <span>Brocha Mofeta EssenceAhora las bases de maquillaje l\u00edquidas se pueden aplicar con una brocha. Su superficie plana es perfecta para aplicar las texturas l\u00edquidas o en cream, ya sean bases de maquillaje, bronceadores, coloretes o incluso crema de d\u00eda. Truco: aplica a toquecitos para trabajar la textura en la piel y conseguir una tez perfecta.Contiene: 1 ud.Cruelty Free No testado en animales Sin Parabenos Marca N\u00ba1 en Europa.<\/span> <br \/>F\u00fcr einen besonders makellosen Look den Pinsel in tupfenden Bewegungen verwenden und so die Textur sanft in die Haut einarbeiten.<br \/>Die flache Pinselform ist perfekt f\u00fcr cremige &#038; fl\u00fcssige Texturen. Der Brush eignet sich f\u00fcr Foundations &#038; Puder. \u00dcbersch\u00fcssiger Puder l\u00e4sst sich mit dem Pinsel einfach entfernen.<br \/>Wir sagen Nein zu Tierversuchen. cosnova ist mit essence und CATRICE sowohl bei PETA Deutschland als auch bei PETA international gelistet.<br \/>\n<br \/>[ad_2]<\/p>\n","protected":false},"excerpt":{"rendered":"<p>Price: [price_with_discount](as of [price_update_date] &#8211; Details) [ad_1] Brocha Mofeta EssenceAhora las bases de maquillaje l\u00edquidas se pueden aplicar con una brocha. Su superficie plana es perfecta para aplicar las texturas<\/p>\n","protected":false},"featured_media":12656,"comment_status":"open","ping_status":"closed","template":"","meta":[],"product_cat":[228],"product_tag":[241],"class_list":{"0":"post-12655","1":"product","2":"type-product","3":"status-publish","4":"has-post-thumbnail","6":"product_cat-beauty","7":"product_tag-makeup-brushes-tools","9":"first","10":"instock","11":"shipping-taxable","12":"product-type-external"},"aioseo_notices":[],"_links":{"self":[{"href":"https:\/\/topgetestet.de\/index.php?rest_route=\/wp\/v2\/product\/12655","targetHints":{"allow":["GET"]}}],"collection":[{"href":"https:\/\/topgetestet.de\/index.php?rest_route=\/wp\/v2\/product"}],"about":[{"href":"https:\/\/topgetestet.de\/index.php?rest_route=\/wp\/v2\/types\/product"}],"replies":[{"embeddable":true,"href":"https:\/\/topgetestet.de\/index.php?rest_route=%2Fwp%2Fv2%2Fcomments&post=12655"}],"wp:featuredmedia":[{"embeddable":true,"href":"https:\/\/topgetestet.de\/index.php?rest_route=\/wp\/v2\/media\/12656"}],"wp:attachment":[{"href":"https:\/\/topgetestet.de\/index.php?rest_route=%2Fwp%2Fv2%2Fmedia&parent=12655"}],"wp:term":[{"taxonomy":"product_cat","embeddable":true,"href":"https:\/\/topgetestet.de\/index.php?rest_route=%2Fwp%2Fv2%2Fproduct_cat&post=12655"},{"taxonomy":"product_tag","embeddable":true,"href":"https:\/\/topgetestet.de\/index.php?rest_route=%2Fwp%2Fv2%2Fproduct_tag&post=12655"}],"curies":[{"name":"wp","href":"https:\/\/api.w.org\/{rel}","templated":true}]}}