{"id":12586,"date":"2022-09-09T00:21:12","date_gmt":"2022-09-09T00:21:12","guid":{"rendered":"https:\/\/topgetestet.de\/?product=asics-herren-patriot-12-road-running-shoe-5"},"modified":"2022-09-09T00:21:12","modified_gmt":"2022-09-09T00:21:12","slug":"asics-herren-patriot-12-road-running-shoe-5","status":"publish","type":"product","link":"https:\/\/topgetestet.de\/?product=asics-herren-patriot-12-road-running-shoe-5","title":{"rendered":"ASICS Herren Patriot 12 Road Running Shoe"},"content":{"rendered":"<p>Price: <span style=\"color:#b12704\">[price_with_discount]<\/span><br \/><i><small>(as of [price_update_date] &#8211; <span class=\"wp_automatic_amazon_disclaimer\" title=\"Product prices and availability are accurate as of the date\/time indicated and are subject to change. Any price and availability information displayed on [relevant Amazon Site(s), as applicable] at the time of purchase will apply to the purchase of this product.\">Details<\/span>)<\/small><\/i><\/p>\n<p><a href=\"https:\/\/amazon.de\/dp\/B09MWG3G6X?tag=topgetestet09-21\"><img decoding=\"async\" src=\"https:\/\/i.imgur.com\/ISRHEWs.png\"><\/a><br \/>\n[ad_1]<br \/>\n <span>Asics Patriot 12 ist ein moderner und leichter Laufschuh, der in einem simplen Design kommt. Leichtes Mesh ist weicher und atmungsaktiver als beim Vorg\u00e4nger. Das Obermaterial bietet eine super Passform und somit ein angenehmes Tragegef\u00fchl. Die Flytefoam-Mittelsohle gepaart mit der klassischen Gel-D\u00e4mpfung bieten eine ideale Gundlage f\u00fcr L\u00e4ufe. Die EVA-Einlage in der Innensohle unterst\u00fctzt dies.<\/span> <br \/> Produktabmessungen \u200f : \u200e  1 x 1 x 1 cm; 720 Gramm <br \/> Im Angebot von Amazon.de seit \u200f : \u200e  5. Juni 2020 <br \/> Hersteller \u200f : \u200e  Asics <br \/> ASIN \u200f : \u200e  B0823JTRZ6 <br \/> Modellnummer \u200f : \u200e  1011A823 <br \/> Kategorie \u200f : \u200e  Herren <\/p>\n<p>Innenmaterial: Synthetic<br \/>Sohle: Gummi<br \/>Verschluss: Schn\u00fcrung<br \/>Absatzform: Flach<br \/>Schuhweite: Medium<br \/>Wasserfest<br \/>\n<br \/>[ad_2]<\/p>\n","protected":false},"excerpt":{"rendered":"<p>Price: [price_with_discount](as of [price_update_date] &#8211; Details) [ad_1] Asics Patriot 12 ist ein moderner und leichter Laufschuh, der in einem simplen Design kommt. Leichtes Mesh ist weicher und atmungsaktiver als beim<\/p>\n","protected":false},"featured_media":12587,"comment_status":"open","ping_status":"closed","template":"","meta":[],"product_cat":[234],"product_tag":[235],"class_list":{"0":"post-12586","1":"product","2":"type-product","3":"status-publish","4":"has-post-thumbnail","6":"product_cat-shoes","7":"product_tag-mens-road-running-shoes","9":"first","10":"instock","11":"shipping-taxable","12":"product-type-external"},"aioseo_notices":[],"_links":{"self":[{"href":"https:\/\/topgetestet.de\/index.php?rest_route=\/wp\/v2\/product\/12586","targetHints":{"allow":["GET"]}}],"collection":[{"href":"https:\/\/topgetestet.de\/index.php?rest_route=\/wp\/v2\/product"}],"about":[{"href":"https:\/\/topgetestet.de\/index.php?rest_route=\/wp\/v2\/types\/product"}],"replies":[{"embeddable":true,"href":"https:\/\/topgetestet.de\/index.php?rest_route=%2Fwp%2Fv2%2Fcomments&post=12586"}],"wp:featuredmedia":[{"embeddable":true,"href":"https:\/\/topgetestet.de\/index.php?rest_route=\/wp\/v2\/media\/12587"}],"wp:attachment":[{"href":"https:\/\/topgetestet.de\/index.php?rest_route=%2Fwp%2Fv2%2Fmedia&parent=12586"}],"wp:term":[{"taxonomy":"product_cat","embeddable":true,"href":"https:\/\/topgetestet.de\/index.php?rest_route=%2Fwp%2Fv2%2Fproduct_cat&post=12586"},{"taxonomy":"product_tag","embeddable":true,"href":"https:\/\/topgetestet.de\/index.php?rest_route=%2Fwp%2Fv2%2Fproduct_tag&post=12586"}],"curies":[{"name":"wp","href":"https:\/\/api.w.org\/{rel}","templated":true}]}}