{"id":12514,"date":"2022-09-09T00:06:14","date_gmt":"2022-09-09T00:06:14","guid":{"rendered":"https:\/\/topgetestet.de\/?product=pandora-damen-armband-heiligenschein-silber-590038c01"},"modified":"2022-09-09T00:06:14","modified_gmt":"2022-09-09T00:06:14","slug":"pandora-damen-armband-heiligenschein-silber-590038c01","status":"publish","type":"product","link":"https:\/\/topgetestet.de\/?product=pandora-damen-armband-heiligenschein-silber-590038c01","title":{"rendered":"Pandora Damen-Armband Heiligenschein Silber 590038C01"},"content":{"rendered":"<p>Price: <span style=\"color:#b12704\">[price_with_discount]<\/span><br \/><i><small>(as of [price_update_date] &#8211; <span class=\"wp_automatic_amazon_disclaimer\" title=\"Product prices and availability are accurate as of the date\/time indicated and are subject to change. Any price and availability information displayed on [relevant Amazon Site(s), as applicable] at the time of purchase will apply to the purchase of this product.\">Details<\/span>)<\/small><\/i><\/p>\n<p><a href=\"https:\/\/amazon.de\/dp\/B09L54DB13?tag=topgetestet09-21\"><img decoding=\"async\" src=\"https:\/\/i.imgur.com\/ISRHEWs.png\"><\/a><br \/>\n[ad_1]<br \/>\n <span>aus der Pandora Moments Kollektion, funkelndes Armband f\u00fcr Frauen aus poliertem 925 Sterlingsilber, polierte Schlangenkette, St\u00e4rke 3 mm, runder Clip-Verschluss, verziert mit kreisf\u00f6rmig angeordneten wei\u00dfen Zirkonias, Logogravur, zum Armumfang sollten 2-3 cm dazu addiert werden, je nach Anzahl der Charms-Anh\u00e4nger<\/span> <br \/> Verpackungsabmessungen \u200f : \u200e  12.1 x 9.2 x 1.2 cm; 13.6 Gramm <br \/> Im Angebot von Amazon.de seit \u200f : \u200e  5. November 2021 <br \/> Hersteller \u200f : \u200e  Pandora <br \/> ASIN \u200f : \u200e  B09L54DB13 <br \/> Modellnummer \u200f : \u200e  590038C01-18 <br \/> Herkunftsland \u200f : \u200e  Deutschland <br \/> Kategorie \u200f : \u200e  Damen <\/p>\n<p>Der Verschluss des Armbands ist aus Sterling-Silber handveredelt und hat einen gro\u00dfen funkelnden klaren Cubic Zirkonia-Mittelstein<br \/>Dieser ist von einem doppelten Strahlenkranz aus kleinen Steinen umgeben ist, um einen frei schwebenden Look zu erzeugen<br \/>Gestalte das Armband mit Deinen Lieblingscharms und -clips oder trage es einzeln, um seine schlichte Eleganz zur Geltung zu bringen<br \/>Das Produkt wird nicht in einer Box versendet. Diese muss separat gekauft werden<br \/>\n<br \/>[ad_2]<\/p>\n","protected":false},"excerpt":{"rendered":"<p>Price: [price_with_discount](as of [price_update_date] &#8211; Details) [ad_1] aus der Pandora Moments Kollektion, funkelndes Armband f\u00fcr Frauen aus poliertem 925 Sterlingsilber, polierte Schlangenkette, St\u00e4rke 3 mm, runder Clip-Verschluss, verziert mit kreisf\u00f6rmig<\/p>\n","protected":false},"featured_media":12515,"comment_status":"open","ping_status":"closed","template":"","meta":[],"product_cat":[232],"product_tag":[],"class_list":{"0":"post-12514","1":"product","2":"type-product","3":"status-publish","4":"has-post-thumbnail","6":"product_cat-women-fashion","8":"first","9":"instock","10":"sale","11":"shipping-taxable","12":"product-type-external"},"aioseo_notices":[],"_links":{"self":[{"href":"https:\/\/topgetestet.de\/index.php?rest_route=\/wp\/v2\/product\/12514","targetHints":{"allow":["GET"]}}],"collection":[{"href":"https:\/\/topgetestet.de\/index.php?rest_route=\/wp\/v2\/product"}],"about":[{"href":"https:\/\/topgetestet.de\/index.php?rest_route=\/wp\/v2\/types\/product"}],"replies":[{"embeddable":true,"href":"https:\/\/topgetestet.de\/index.php?rest_route=%2Fwp%2Fv2%2Fcomments&post=12514"}],"wp:featuredmedia":[{"embeddable":true,"href":"https:\/\/topgetestet.de\/index.php?rest_route=\/wp\/v2\/media\/12515"}],"wp:attachment":[{"href":"https:\/\/topgetestet.de\/index.php?rest_route=%2Fwp%2Fv2%2Fmedia&parent=12514"}],"wp:term":[{"taxonomy":"product_cat","embeddable":true,"href":"https:\/\/topgetestet.de\/index.php?rest_route=%2Fwp%2Fv2%2Fproduct_cat&post=12514"},{"taxonomy":"product_tag","embeddable":true,"href":"https:\/\/topgetestet.de\/index.php?rest_route=%2Fwp%2Fv2%2Fproduct_tag&post=12514"}],"curies":[{"name":"wp","href":"https:\/\/api.w.org\/{rel}","templated":true}]}}