{"id":12508,"date":"2022-09-09T00:04:40","date_gmt":"2022-09-09T00:04:40","guid":{"rendered":"https:\/\/topgetestet.de\/?product=jansport-js00trs745r-high-stakes-rucksack"},"modified":"2022-09-09T00:04:40","modified_gmt":"2022-09-09T00:04:40","slug":"jansport-js00trs745r-high-stakes-rucksack","status":"publish","type":"product","link":"https:\/\/topgetestet.de\/?product=jansport-js00trs745r-high-stakes-rucksack","title":{"rendered":"JanSport JS00TRS745R High Stakes Rucksack"},"content":{"rendered":"<p>Price: <span style=\"color:#b12704\">[price_with_discount]<\/span><br \/><i><small>(as of [price_update_date] &#8211; <span class=\"wp_automatic_amazon_disclaimer\" title=\"Product prices and availability are accurate as of the date\/time indicated and are subject to change. Any price and availability information displayed on [relevant Amazon Site(s), as applicable] at the time of purchase will apply to the purchase of this product.\">Details<\/span>)<\/small><\/i><\/p>\n<p><a href=\"https:\/\/amazon.de\/dp\/B075RRVRLP?tag=topgetestet09-21\"><img decoding=\"async\" src=\"https:\/\/i.imgur.com\/ISRHEWs.png\"><\/a><br \/>\n[ad_1]<br \/>\n <span>F\u00fcr einen Rucksack mit Pers\u00f6nlichkeit verf\u00fcgt der JanSport High Stakes \u00fcber hochwertige Stoffe in einer Vielzahl von Farben und Drucken.<\/span> <br \/> Auslaufartikel (Produktion durch Hersteller eingestellt) \u200f : \u200e  Nein <br \/> Produktabmessungen \u200f : \u200e  2100 x 3299.99 x 4199.99 cm <br \/> Im Angebot von Amazon.de seit \u200f : \u200e  12. M\u00e4rz 2018 <br \/> Hersteller \u200f : \u200e  JanSport <br \/> ASIN \u200f : \u200e  B0844NJGG3 <br \/> Modellnummer \u200f : \u200e  Superbreak Backpack <br \/> Kategorie \u200f : \u200e  Unisex <\/p>\n<p>Large main compartment<br \/>Verschluss: Rei\u00dfverschluss<br \/>600 Denier Polyester<br \/>Modellnummer: 00_KESILOPF_02<br \/>Front utility pocket with organizer keeps essentials handy<br \/>2\/3 padded back for comfortable carrying of books and other objects<br \/>Padded shoulder straps for comfortable carrying of heavy loads<br \/>\n<br \/>[ad_2]<\/p>\n","protected":false},"excerpt":{"rendered":"<p>Price: [price_with_discount](as of [price_update_date] &#8211; Details) [ad_1] F\u00fcr einen Rucksack mit Pers\u00f6nlichkeit verf\u00fcgt der JanSport High Stakes \u00fcber hochwertige Stoffe in einer Vielzahl von Farben und Drucken. Auslaufartikel (Produktion durch<\/p>\n","protected":false},"featured_media":12509,"comment_status":"open","ping_status":"closed","template":"","meta":[],"product_cat":[230],"product_tag":[260],"class_list":{"0":"post-12508","1":"product","2":"type-product","3":"status-publish","4":"has-post-thumbnail","6":"product_cat-fashion","7":"product_tag-clothing-shoes-jewelry","9":"first","10":"instock","11":"shipping-taxable","12":"product-type-external"},"aioseo_notices":[],"_links":{"self":[{"href":"https:\/\/topgetestet.de\/index.php?rest_route=\/wp\/v2\/product\/12508","targetHints":{"allow":["GET"]}}],"collection":[{"href":"https:\/\/topgetestet.de\/index.php?rest_route=\/wp\/v2\/product"}],"about":[{"href":"https:\/\/topgetestet.de\/index.php?rest_route=\/wp\/v2\/types\/product"}],"replies":[{"embeddable":true,"href":"https:\/\/topgetestet.de\/index.php?rest_route=%2Fwp%2Fv2%2Fcomments&post=12508"}],"wp:featuredmedia":[{"embeddable":true,"href":"https:\/\/topgetestet.de\/index.php?rest_route=\/wp\/v2\/media\/12509"}],"wp:attachment":[{"href":"https:\/\/topgetestet.de\/index.php?rest_route=%2Fwp%2Fv2%2Fmedia&parent=12508"}],"wp:term":[{"taxonomy":"product_cat","embeddable":true,"href":"https:\/\/topgetestet.de\/index.php?rest_route=%2Fwp%2Fv2%2Fproduct_cat&post=12508"},{"taxonomy":"product_tag","embeddable":true,"href":"https:\/\/topgetestet.de\/index.php?rest_route=%2Fwp%2Fv2%2Fproduct_tag&post=12508"}],"curies":[{"name":"wp","href":"https:\/\/api.w.org\/{rel}","templated":true}]}}