{"id":12457,"date":"2022-09-08T23:49:22","date_gmt":"2022-09-08T23:49:22","guid":{"rendered":"https:\/\/topgetestet.de\/?product=nintendo-switch-minecraft-switch-edition"},"modified":"2022-09-08T23:49:22","modified_gmt":"2022-09-08T23:49:22","slug":"nintendo-switch-minecraft-switch-edition","status":"publish","type":"product","link":"https:\/\/topgetestet.de\/?product=nintendo-switch-minecraft-switch-edition","title":{"rendered":"Nintendo Switch Minecraft Switch Edition"},"content":{"rendered":"<p>Price: <span style=\"color:#b12704\">[price_with_discount]<\/span><br \/><i><small>(as of [price_update_date] &#8211; <span class=\"wp_automatic_amazon_disclaimer\" title=\"Product prices and availability are accurate as of the date\/time indicated and are subject to change. Any price and availability information displayed on [relevant Amazon Site(s), as applicable] at the time of purchase will apply to the purchase of this product.\">Details<\/span>)<\/small><\/i><\/p>\n<p><a href=\"https:\/\/amazon.de\/dp\/B06Y5VBFNB?tag=topgetestet09-21\"><img decoding=\"async\" src=\"https:\/\/i.imgur.com\/ISRHEWs.png\"><\/a><br \/>\n[ad_1]<br \/>\n <span>BAUEN. SPIELEN. ENTDECKEN.<\/p>\n<p>Minecraft ist ein Spiel, in dem Bl\u00f6cke platziert und Abenteuer erlebt werden! Erkunden Sie zuf\u00e4llig erstellte Welten, und bauen Sie gro\u00dfartige Dinge vom einfachen Haus bis zum prachtvollsten Schloss. Spielen Sie im Kreativ-Modus mit unbegrenzten Ressourchen oder tauchen Sie tief in die Welt des Pberlebensmodus ein, und stellen Sie Waffen und R\u00fcstungen zur Verteidigung gegen gef\u00e4hrliche Kreaturen her.<\/p>\n<p>Hinweis-Das Spiel ist eine globale Version, so dass Sie eine Sprache Ihrer Wahl ausw\u00e4hlen k\u00f6nnen.<\/span> <br \/> Alterseinstufung \u200f : \u200e  USK ab 6 freigegeben <br \/> Sprache \u200f : \u200e  Deutsch <br \/> Handbuch \u200f : \u200e  Deutsch <br \/> Produktabmessungen \u200f : \u200e  10.3 x 1.2 x 17 cm; 51 Gramm <br \/> Erscheinungstermin \u200f : \u200e  21. Juni 2018 <br \/> Untertitel: \u200f : \u200e  Deutsch <br \/> ASIN \u200f : \u200e  B06Y5VBFNB <br \/> Modellnummer \u200f : \u200e  2520740 <br \/> Herkunftsland \u200f : \u200e  Deutschland <\/p>\n<p>&#8220;F\u00fcr Minecraft &#8211; Fans&#8221;<br \/>\n<br \/>[ad_2]<\/p>\n","protected":false},"excerpt":{"rendered":"<p>Price: [price_with_discount](as of [price_update_date] &#8211; Details) [ad_1] BAUEN. SPIELEN. ENTDECKEN. Minecraft ist ein Spiel, in dem Bl\u00f6cke platziert und Abenteuer erlebt werden! Erkunden Sie zuf\u00e4llig erstellte Welten, und bauen Sie<\/p>\n","protected":false},"featured_media":12458,"comment_status":"open","ping_status":"closed","template":"","meta":[],"product_cat":[227],"product_tag":[261],"class_list":{"0":"post-12457","1":"product","2":"type-product","3":"status-publish","4":"has-post-thumbnail","6":"product_cat-gaming","7":"product_tag-playstation-legacy-games","9":"first","10":"instock","11":"sale","12":"shipping-taxable","13":"product-type-external"},"aioseo_notices":[],"_links":{"self":[{"href":"https:\/\/topgetestet.de\/index.php?rest_route=\/wp\/v2\/product\/12457","targetHints":{"allow":["GET"]}}],"collection":[{"href":"https:\/\/topgetestet.de\/index.php?rest_route=\/wp\/v2\/product"}],"about":[{"href":"https:\/\/topgetestet.de\/index.php?rest_route=\/wp\/v2\/types\/product"}],"replies":[{"embeddable":true,"href":"https:\/\/topgetestet.de\/index.php?rest_route=%2Fwp%2Fv2%2Fcomments&post=12457"}],"wp:featuredmedia":[{"embeddable":true,"href":"https:\/\/topgetestet.de\/index.php?rest_route=\/wp\/v2\/media\/12458"}],"wp:attachment":[{"href":"https:\/\/topgetestet.de\/index.php?rest_route=%2Fwp%2Fv2%2Fmedia&parent=12457"}],"wp:term":[{"taxonomy":"product_cat","embeddable":true,"href":"https:\/\/topgetestet.de\/index.php?rest_route=%2Fwp%2Fv2%2Fproduct_cat&post=12457"},{"taxonomy":"product_tag","embeddable":true,"href":"https:\/\/topgetestet.de\/index.php?rest_route=%2Fwp%2Fv2%2Fproduct_tag&post=12457"}],"curies":[{"name":"wp","href":"https:\/\/api.w.org\/{rel}","templated":true}]}}