{"id":12275,"date":"2022-09-08T23:00:19","date_gmt":"2022-09-08T23:00:19","guid":{"rendered":"https:\/\/topgetestet.de\/?product=tom-tailor-bags-viona-damen-umhangetasche-s-26x6x15"},"modified":"2022-09-08T23:00:19","modified_gmt":"2022-09-08T23:00:19","slug":"tom-tailor-bags-viona-damen-umhangetasche-s-26x6x15","status":"publish","type":"product","link":"https:\/\/topgetestet.de\/?product=tom-tailor-bags-viona-damen-umhangetasche-s-26x6x15","title":{"rendered":"TOM TAILOR bags VIONA Damen Umh\u00e4ngetasche S, 26x6x15"},"content":{"rendered":"<p>Price: <span style=\"color:#b12704\">[price_with_discount]<\/span><br \/><i><small>(as of [price_update_date] &#8211; <span class=\"wp_automatic_amazon_disclaimer\" title=\"Product prices and availability are accurate as of the date\/time indicated and are subject to change. Any price and availability information displayed on [relevant Amazon Site(s), as applicable] at the time of purchase will apply to the purchase of this product.\">Details<\/span>)<\/small><\/i><\/p>\n<p><a href=\"https:\/\/amazon.de\/dp\/B08C7Z824T?tag=topgetestet09-21\"><img decoding=\"async\" src=\"https:\/\/i.imgur.com\/ISRHEWs.png\"><\/a><br \/>\n[ad_1]<br \/>\n <span>Perfekt f\u00fcr den Kurztripp am Wochenende oder eine ausgewachsene Reise pr\u00e4sentiert Tom Tailor bags seine neue Serie &#8220;Viona&#8221;, die ganz auf die Bed\u00fcrfnisse von Reisenden abgestimmt ist! Robustes Nylon mit Bes\u00e4tzen aus fein genarbtem Lederimitat, leichtgewichtiges K\u00f6rpermaterial und Trageriemen, abwaschbar, mir reichlich Funktion ausgestattet! Let me take you on a journey&#8230; Umh\u00e4ngetasche mit Rei\u00dfverschluss\u00f6ffnung am Hauptfach, 1 Vortasche mit Metall-Rei\u00dfverschluss, innen 1 Rei\u00dfverschlussfach, 1 langer verstellbarer Schulterriemen.<\/span> <br \/> Auslaufartikel (Produktion durch Hersteller eingestellt) \u200f : \u200e  Nein <br \/> Produktabmessungen \u200f : \u200e  26 x 6 x 15 cm; 300 Gramm <br \/> Im Angebot von Amazon.de seit \u200f : \u200e  2. Juli 2020 <br \/> Hersteller \u200f : \u200e  Beheim International Brands GmbH &#038; Co. KG <br \/> ASIN \u200f : \u200e  B08C7Z824T <br \/> Modellnummer \u200f : \u200e  29013 <br \/> Herkunftsland \u200f : \u200e  China <br \/> Kategorie \u200f : \u200e  Damen <\/p>\n<p>Verschluss: Rei\u00dfverschluss<br \/>Materialzusammensetzung: Nylon \/ PU<br \/>Nicht wasserfest<br \/>Anpassbar<br \/>\n<br \/>[ad_2]<\/p>\n","protected":false},"excerpt":{"rendered":"<p>Price: [price_with_discount](as of [price_update_date] &#8211; Details) [ad_1] Perfekt f\u00fcr den Kurztripp am Wochenende oder eine ausgewachsene Reise pr\u00e4sentiert Tom Tailor bags seine neue Serie &#8220;Viona&#8221;, die ganz auf die Bed\u00fcrfnisse<\/p>\n","protected":false},"featured_media":12276,"comment_status":"open","ping_status":"closed","template":"","meta":[],"product_cat":[232],"product_tag":[],"class_list":{"0":"post-12275","1":"product","2":"type-product","3":"status-publish","4":"has-post-thumbnail","6":"product_cat-women-fashion","8":"first","9":"instock","10":"sale","11":"shipping-taxable","12":"product-type-external"},"aioseo_notices":[],"_links":{"self":[{"href":"https:\/\/topgetestet.de\/index.php?rest_route=\/wp\/v2\/product\/12275","targetHints":{"allow":["GET"]}}],"collection":[{"href":"https:\/\/topgetestet.de\/index.php?rest_route=\/wp\/v2\/product"}],"about":[{"href":"https:\/\/topgetestet.de\/index.php?rest_route=\/wp\/v2\/types\/product"}],"replies":[{"embeddable":true,"href":"https:\/\/topgetestet.de\/index.php?rest_route=%2Fwp%2Fv2%2Fcomments&post=12275"}],"wp:featuredmedia":[{"embeddable":true,"href":"https:\/\/topgetestet.de\/index.php?rest_route=\/wp\/v2\/media\/12276"}],"wp:attachment":[{"href":"https:\/\/topgetestet.de\/index.php?rest_route=%2Fwp%2Fv2%2Fmedia&parent=12275"}],"wp:term":[{"taxonomy":"product_cat","embeddable":true,"href":"https:\/\/topgetestet.de\/index.php?rest_route=%2Fwp%2Fv2%2Fproduct_cat&post=12275"},{"taxonomy":"product_tag","embeddable":true,"href":"https:\/\/topgetestet.de\/index.php?rest_route=%2Fwp%2Fv2%2Fproduct_tag&post=12275"}],"curies":[{"name":"wp","href":"https:\/\/api.w.org\/{rel}","templated":true}]}}