{"id":12169,"date":"2022-09-08T22:29:31","date_gmt":"2022-09-08T22:29:31","guid":{"rendered":"https:\/\/topgetestet.de\/?post_type=product&#038;p=12169"},"modified":"2022-09-08T22:29:31","modified_gmt":"2022-09-08T22:29:31","slug":"canon-eos-m6-mark-ii-nu-noir","status":"publish","type":"product","link":"https:\/\/topgetestet.de\/?product=canon-eos-m6-mark-ii-nu-noir","title":{"rendered":"CANON EOS M6 Mark II nu Noir"},"content":{"rendered":"<p>Price: <span style=\"color:#b12704\">[price_with_discount]<\/span><br \/><i><small>(as of [price_update_date] &#8211; <span class=\"wp_automatic_amazon_disclaimer\" title=\"Product prices and availability are accurate as of the date\/time indicated and are subject to change. Any price and availability information displayed on [relevant Amazon Site(s), as applicable] at the time of purchase will apply to the purchase of this product.\">Details<\/span>)<\/small><\/i><\/p>\n<p><a href=\"https:\/\/amazon.de\/dp\/B07X2S9P5S?tag=topgetestet09-21\"><img decoding=\"async\" src=\"https:\/\/i.imgur.com\/ISRHEWs.png\"><\/a><br \/>\n[ad_1]<br \/>\n <span>Ideal f\u00fcr Reisen und die t\u00e4gliche Kreativit\u00e4t. Fl\u00fcchtige Momente mit bis zu 14 Bildern pro Sekunde oder mit hervorragenden 4K-Videos festhalten.<\/span> <br \/>CANON<br \/>Appareil photo num\u00e9rique<br \/>Bouchon de bo\u00eetier R-F-4, Courroie EM-200DB, Batterie LP-E17, Chargeur de batterie LC-E17E, C\u00e2ble d&#8217;alimentation<br \/>32.5 Mpixels<br \/>D 3 pouces<br \/>\n<br \/>[ad_2]<\/p>\n","protected":false},"excerpt":{"rendered":"<p>Price: [price_with_discount](as of [price_update_date] &#8211; Details) [ad_1] Ideal f\u00fcr Reisen und die t\u00e4gliche Kreativit\u00e4t. Fl\u00fcchtige Momente mit bis zu 14 Bildern pro Sekunde oder mit hervorragenden 4K-Videos festhalten. CANONAppareil photo<\/p>\n","protected":false},"featured_media":12170,"comment_status":"open","ping_status":"closed","template":"","meta":[],"product_cat":[226],"product_tag":[245],"class_list":{"0":"post-12169","1":"product","2":"type-product","3":"status-publish","4":"has-post-thumbnail","6":"product_cat-cameras","7":"product_tag-dslr-cameras","9":"first","10":"instock","11":"sale","12":"shipping-taxable","13":"product-type-external"},"aioseo_notices":[],"_links":{"self":[{"href":"https:\/\/topgetestet.de\/index.php?rest_route=\/wp\/v2\/product\/12169","targetHints":{"allow":["GET"]}}],"collection":[{"href":"https:\/\/topgetestet.de\/index.php?rest_route=\/wp\/v2\/product"}],"about":[{"href":"https:\/\/topgetestet.de\/index.php?rest_route=\/wp\/v2\/types\/product"}],"replies":[{"embeddable":true,"href":"https:\/\/topgetestet.de\/index.php?rest_route=%2Fwp%2Fv2%2Fcomments&post=12169"}],"wp:featuredmedia":[{"embeddable":true,"href":"https:\/\/topgetestet.de\/index.php?rest_route=\/wp\/v2\/media\/12170"}],"wp:attachment":[{"href":"https:\/\/topgetestet.de\/index.php?rest_route=%2Fwp%2Fv2%2Fmedia&parent=12169"}],"wp:term":[{"taxonomy":"product_cat","embeddable":true,"href":"https:\/\/topgetestet.de\/index.php?rest_route=%2Fwp%2Fv2%2Fproduct_cat&post=12169"},{"taxonomy":"product_tag","embeddable":true,"href":"https:\/\/topgetestet.de\/index.php?rest_route=%2Fwp%2Fv2%2Fproduct_tag&post=12169"}],"curies":[{"name":"wp","href":"https:\/\/api.w.org\/{rel}","templated":true}]}}