{"id":12157,"date":"2022-09-08T22:19:44","date_gmt":"2022-09-08T22:19:44","guid":{"rendered":"https:\/\/topgetestet.de\/?product=smart-toys-and-games-gmbh-dinosaurier-geheimnisvolle-inseln"},"modified":"2022-09-08T22:19:44","modified_gmt":"2022-09-08T22:19:44","slug":"smart-toys-and-games-gmbh-dinosaurier-geheimnisvolle-inseln","status":"publish","type":"product","link":"https:\/\/topgetestet.de\/?product=smart-toys-and-games-gmbh-dinosaurier-geheimnisvolle-inseln","title":{"rendered":"SMART Toys and Games GmbH Dinosaurier &#8211; Geheimnisvolle Inseln"},"content":{"rendered":"<p>Price: <span style=\"color:#b12704\">[price_with_discount]<\/span><br \/><i><small>(as of [price_update_date] &#8211; <span class=\"wp_automatic_amazon_disclaimer\" title=\"Product prices and availability are accurate as of the date\/time indicated and are subject to change. Any price and availability information displayed on [relevant Amazon Site(s), as applicable] at the time of purchase will apply to the purchase of this product.\">Details<\/span>)<\/small><\/i><\/p>\n<p><a href=\"https:\/\/amazon.de\/dp\/B08J444G2F?tag=topgetestet09-21\"><img decoding=\"async\" src=\"https:\/\/i.imgur.com\/ISRHEWs.png\"><\/a><br \/>\n[ad_1]<br \/>\n <span>Such&#8217; die richtigen Inseln und rette die gr\u00fcnen Dinos! <br \/>Kreativit\u00e4t ist gefragt: bilde die Inselwelten so, dass die Dinos darauf leben k\u00f6nnen! Mystische Dino -Inseln: schaffst du es, die Inselteile so anzuordnen, dass die pflanzenfressenden Dinos vor den fleischfressenden Sauriern gesch\u00fctzt sind? 80 spannende Herausforderungen warten auf dich # und achte immer darauf, dass die gr\u00fcnen Dinos nicht auf derselben Insel wie der T-Rex sind.<br \/> F\u00fcr 1 Spieler. <br \/>Ab 6 Jahren.<\/span><br \/>\n<br \/>[ad_2]<\/p>\n","protected":false},"excerpt":{"rendered":"<p>Price: [price_with_discount](as of [price_update_date] &#8211; Details) [ad_1] Such&#8217; die richtigen Inseln und rette die gr\u00fcnen Dinos! Kreativit\u00e4t ist gefragt: bilde die Inselwelten so, dass die Dinos darauf leben k\u00f6nnen! Mystische<\/p>\n","protected":false},"featured_media":12158,"comment_status":"open","ping_status":"closed","template":"","meta":[],"product_cat":[227],"product_tag":[270],"class_list":{"0":"post-12157","1":"product","2":"type-product","3":"status-publish","4":"has-post-thumbnail","6":"product_cat-gaming","7":"product_tag-toys-games","9":"first","10":"instock","11":"sale","12":"shipping-taxable","13":"product-type-external"},"aioseo_notices":[],"_links":{"self":[{"href":"https:\/\/topgetestet.de\/index.php?rest_route=\/wp\/v2\/product\/12157","targetHints":{"allow":["GET"]}}],"collection":[{"href":"https:\/\/topgetestet.de\/index.php?rest_route=\/wp\/v2\/product"}],"about":[{"href":"https:\/\/topgetestet.de\/index.php?rest_route=\/wp\/v2\/types\/product"}],"replies":[{"embeddable":true,"href":"https:\/\/topgetestet.de\/index.php?rest_route=%2Fwp%2Fv2%2Fcomments&post=12157"}],"wp:featuredmedia":[{"embeddable":true,"href":"https:\/\/topgetestet.de\/index.php?rest_route=\/wp\/v2\/media\/12158"}],"wp:attachment":[{"href":"https:\/\/topgetestet.de\/index.php?rest_route=%2Fwp%2Fv2%2Fmedia&parent=12157"}],"wp:term":[{"taxonomy":"product_cat","embeddable":true,"href":"https:\/\/topgetestet.de\/index.php?rest_route=%2Fwp%2Fv2%2Fproduct_cat&post=12157"},{"taxonomy":"product_tag","embeddable":true,"href":"https:\/\/topgetestet.de\/index.php?rest_route=%2Fwp%2Fv2%2Fproduct_tag&post=12157"}],"curies":[{"name":"wp","href":"https:\/\/api.w.org\/{rel}","templated":true}]}}