{"id":12044,"date":"2022-09-08T21:35:42","date_gmt":"2022-09-08T21:35:42","guid":{"rendered":"https:\/\/topgetestet.de\/?product=asics-herren-gt-2000-10-sneaker"},"modified":"2022-09-08T21:35:42","modified_gmt":"2022-09-08T21:35:42","slug":"asics-herren-gt-2000-10-sneaker","status":"publish","type":"product","link":"https:\/\/topgetestet.de\/?product=asics-herren-gt-2000-10-sneaker","title":{"rendered":"ASICS Herren Gt-2000 10 Sneaker"},"content":{"rendered":"<p>Price: <span style=\"color:#b12704\">[price_with_discount]<\/span><br \/><i><small>(as of [price_update_date] &#8211; <span class=\"wp_automatic_amazon_disclaimer\" title=\"Product prices and availability are accurate as of the date\/time indicated and are subject to change. Any price and availability information displayed on [relevant Amazon Site(s), as applicable] at the time of purchase will apply to the purchase of this product.\">Details<\/span>)<\/small><\/i><\/p>\n<p><a href=\"https:\/\/amazon.de\/dp\/B098TV2P8H?tag=topgetestet09-21\"><img decoding=\"async\" src=\"https:\/\/i.imgur.com\/ISRHEWs.png\"><\/a><br \/>\n[ad_1]<br \/>\n <span>Seit fast drei\u00dfig Jahren ist die G -200000 \u2122 -Serie der Lieblingsschuh vieler L\u00e4ufer, die nach Stabilit\u00e4t suchen, von den Wochenendl\u00e4ufern bis zu den Gewinnern von Marato. Wenn Sie nach einem leichten und gepolsterten Rennschuh suchen, um Ihre F\u00fc\u00dfe zu unterst\u00fctzen, ist der GT -200000 \u2122 10 eine ausgezeichnete Wahl. Die Anpassbarkeit dieses Rennschuhs wurde mit einer einzigen Grip -Konstruktion f\u00fcr eine bessere Passform \u00fcberarbeitet. Dieses neue Material des Obermaterials wurde in den strategischen Punkten f\u00fcr eine st\u00e4rkere Unterst\u00fctzung der Fu\u00dfbewegungen w\u00e4hrend des Schritts des Schritts verst\u00e4rkt. Schlie\u00dflich ist eine Kombination aus Flytefoam \u2122 -Technologie und Polsterung mit Gel \u2122 -Technologie im Intersolen positioniert, um den leichten Komfort zu f\u00f6rdern und die durch die Auswirkungen erzeugten Gesamtauswirkungen zu verringern.<\/span> <br \/> Auslaufartikel (Produktion durch Hersteller eingestellt) \u200f : \u200e  Nein <br \/> Verpackungsabmessungen \u200f : \u200e  32.29 x 20 x 12.2 cm; 630 Gramm <br \/> Im Angebot von Amazon.de seit \u200f : \u200e  27. Juni 2022 <br \/> Hersteller \u200f : \u200e  ASICS <br \/> ASIN \u200f : \u200e  B09MJVQG6L <br \/> Modellnummer \u200f : \u200e  1011B185-403 <br \/> Kategorie \u200f : \u200e  Herren <\/p>\n<p>Innenmaterial: Synthetic<br \/>Sohle: Gummi<br \/>Verschluss: Schn\u00fcrung<br \/>Absatzform: Kein Absatz<br \/>Schuhweite: Normale<br \/>Nicht wasserfest<br \/>Ankle Strap<br \/>\n<br \/>[ad_2]<\/p>\n","protected":false},"excerpt":{"rendered":"<p>Price: [price_with_discount](as of [price_update_date] &#8211; Details) [ad_1] Seit fast drei\u00dfig Jahren ist die G -200000 \u2122 -Serie der Lieblingsschuh vieler L\u00e4ufer, die nach Stabilit\u00e4t suchen, von den Wochenendl\u00e4ufern bis zu<\/p>\n","protected":false},"featured_media":12045,"comment_status":"open","ping_status":"closed","template":"","meta":[],"product_cat":[234],"product_tag":[235],"class_list":{"0":"post-12044","1":"product","2":"type-product","3":"status-publish","4":"has-post-thumbnail","6":"product_cat-shoes","7":"product_tag-mens-road-running-shoes","9":"first","10":"instock","11":"shipping-taxable","12":"product-type-external"},"aioseo_notices":[],"_links":{"self":[{"href":"https:\/\/topgetestet.de\/index.php?rest_route=\/wp\/v2\/product\/12044","targetHints":{"allow":["GET"]}}],"collection":[{"href":"https:\/\/topgetestet.de\/index.php?rest_route=\/wp\/v2\/product"}],"about":[{"href":"https:\/\/topgetestet.de\/index.php?rest_route=\/wp\/v2\/types\/product"}],"replies":[{"embeddable":true,"href":"https:\/\/topgetestet.de\/index.php?rest_route=%2Fwp%2Fv2%2Fcomments&post=12044"}],"wp:featuredmedia":[{"embeddable":true,"href":"https:\/\/topgetestet.de\/index.php?rest_route=\/wp\/v2\/media\/12045"}],"wp:attachment":[{"href":"https:\/\/topgetestet.de\/index.php?rest_route=%2Fwp%2Fv2%2Fmedia&parent=12044"}],"wp:term":[{"taxonomy":"product_cat","embeddable":true,"href":"https:\/\/topgetestet.de\/index.php?rest_route=%2Fwp%2Fv2%2Fproduct_cat&post=12044"},{"taxonomy":"product_tag","embeddable":true,"href":"https:\/\/topgetestet.de\/index.php?rest_route=%2Fwp%2Fv2%2Fproduct_tag&post=12044"}],"curies":[{"name":"wp","href":"https:\/\/api.w.org\/{rel}","templated":true}]}}