{"id":12036,"date":"2022-09-08T21:32:51","date_gmt":"2022-09-08T21:32:51","guid":{"rendered":"https:\/\/topgetestet.de\/?product=paradise-makeup-aq-40g-face-body-paint-white-by-mehron"},"modified":"2022-09-08T21:32:51","modified_gmt":"2022-09-08T21:32:51","slug":"paradise-makeup-aq-40g-face-body-paint-white-by-mehron","status":"publish","type":"product","link":"https:\/\/topgetestet.de\/?product=paradise-makeup-aq-40g-face-body-paint-white-by-mehron","title":{"rendered":"Paradise Makeup AQ 40g Face &#038; Body Paint (White) by Mehron"},"content":{"rendered":"<p>Price: <span style=\"color:#b12704\">[price_with_discount]<\/span><br \/><i><small>(as of [price_update_date] &#8211; <span class=\"wp_automatic_amazon_disclaimer\" title=\"Product prices and availability are accurate as of the date\/time indicated and are subject to change. Any price and availability information displayed on [relevant Amazon Site(s), as applicable] at the time of purchase will apply to the purchase of this product.\">Details<\/span>)<\/small><\/i><\/p>\n<p><a href=\"https:\/\/amazon.de\/dp\/B00KIICOJE?tag=topgetestet09-21\"><img decoding=\"async\" src=\"https:\/\/i.imgur.com\/ISRHEWs.png\"><\/a><br \/>\n[ad_1]<br \/>\n <span>Mehrons Paradise AQ Make-up ist eine wasseraktivierte Gesichtsfarbe, die reich an Farbe und Material ist. Dies ist eine Gesichtsbemalung f\u00fcr K\u00fcnstler, die eine einfache Anwendung und kreative Kontrolle \u00fcber die Farbe w\u00fcnschen. Paradiesgesichtsfarben sind wasseraktiviert und daher k\u00f6nnen die Farbt\u00f6ne vom K\u00fcnstler gesteuert werden. Paradise Face Paints zeichnen sich durch lebendige Farben aus, die schnell und mit minimalem Abrieb trocknen und sich dennoch leicht mischen und abwaschen lassen. Paradise Makeup enth\u00e4lt Aloe und Kamille sowie die angereicherten Weichmacher Glycerin, Avocado\u00f6l und Kakaobutter, wodurch sie sicher und hautschonend sind. Sie haben eine reichhaltige, lebendige und farbges\u00e4ttigte Abdeckung &#8211; mehr als gew\u00f6hnliches Make-up, aber wasserl\u00f6slich f\u00fcr eine einfache Entfernung von Seife und Wasser. _x000D_Diese Paradise AQ Face Paint-Beh\u00e4lter sind 1,4 Unzen oder 40 Gramm.<\/span> <br \/>Wasseraktiviertes, halbweiches Make-up, das dem Gesichtsmaler die Kontrolle \u00fcber die Farbt\u00f6ne gibt<br \/>Hergestellt aus Aloe, Kamille und den angereicherten Weichmachern Glycerin, Avocado\u00f6l und Kakaobutter<br \/>Leicht zu mischen und anzuwenden, aber best\u00e4ndig gegen Verschmieren<br \/>Mehron hat mit seinen Paradise AQ Paints die Gesichts- und K\u00f6rperbemalung auf ein neues Niveau gebracht<br \/>\n<br \/>[ad_2]<\/p>\n","protected":false},"excerpt":{"rendered":"<p>Price: [price_with_discount](as of [price_update_date] &#8211; Details) [ad_1] Mehrons Paradise AQ Make-up ist eine wasseraktivierte Gesichtsfarbe, die reich an Farbe und Material ist. Dies ist eine Gesichtsbemalung f\u00fcr K\u00fcnstler, die eine<\/p>\n","protected":false},"featured_media":12037,"comment_status":"open","ping_status":"closed","template":"","meta":[],"product_cat":[228],"product_tag":[238],"class_list":{"0":"post-12036","1":"product","2":"type-product","3":"status-publish","4":"has-post-thumbnail","6":"product_cat-beauty","7":"product_tag-face-makeup","9":"first","10":"instock","11":"shipping-taxable","12":"product-type-external"},"aioseo_notices":[],"_links":{"self":[{"href":"https:\/\/topgetestet.de\/index.php?rest_route=\/wp\/v2\/product\/12036","targetHints":{"allow":["GET"]}}],"collection":[{"href":"https:\/\/topgetestet.de\/index.php?rest_route=\/wp\/v2\/product"}],"about":[{"href":"https:\/\/topgetestet.de\/index.php?rest_route=\/wp\/v2\/types\/product"}],"replies":[{"embeddable":true,"href":"https:\/\/topgetestet.de\/index.php?rest_route=%2Fwp%2Fv2%2Fcomments&post=12036"}],"wp:featuredmedia":[{"embeddable":true,"href":"https:\/\/topgetestet.de\/index.php?rest_route=\/wp\/v2\/media\/12037"}],"wp:attachment":[{"href":"https:\/\/topgetestet.de\/index.php?rest_route=%2Fwp%2Fv2%2Fmedia&parent=12036"}],"wp:term":[{"taxonomy":"product_cat","embeddable":true,"href":"https:\/\/topgetestet.de\/index.php?rest_route=%2Fwp%2Fv2%2Fproduct_cat&post=12036"},{"taxonomy":"product_tag","embeddable":true,"href":"https:\/\/topgetestet.de\/index.php?rest_route=%2Fwp%2Fv2%2Fproduct_tag&post=12036"}],"curies":[{"name":"wp","href":"https:\/\/api.w.org\/{rel}","templated":true}]}}